{"id":29830,"date":"2021-11-25T12:00:35","date_gmt":"2021-11-25T10:00:35","guid":{"rendered":"https:\/\/ddt.lv\/lv\/product\/virtene-ziemassvetku-300led-6w-bumbinas-baltas-cw-ip44-30m-taimeris-emos\/"},"modified":"2026-04-13T10:01:09","modified_gmt":"2026-04-13T07:01:09","slug":"virtene-ziemassvetku-300led-6w-bumbinas-baltas-cw-ip44-30m-taimeris-emos","status":"publish","type":"product","link":"https:\/\/ddt.lv\/lv\/product\/virtene-ziemassvetku-300led-6w-bumbinas-baltas-cw-ip44-30m-taimeris-emos\/","title":{"rendered":"Virtene Ziemassv\u0113tku 300LED 6W bumbi\u0146as baltas CW IP44 30m taimeris EMOS"},"content":{"rendered":"<p>auksti baltas.<br \/>\nizm\u0113rs 30 m.<br \/>\nbumbi\u0146as forma.<br \/>\nizmanto\u0161anai \u0101rpus telp\u0101m un iek\u0161telp\u0101s.<br \/>\ntaimeris .<br \/>\nstr\u0101vas tipa t\u012bkla adapteris.<br \/>\nLED skaits 300.<br \/>\nLED atstarpe 10 cm.<br \/>\nLED izm\u0113rs 10 mm.<br \/>\niepl\u016bdes garums 5 m.<br \/>\nkokam 250 cm augstum\u0101.<br \/>\nstieples kr\u0101sa za\u013ca.<br \/>\nener\u0123ijas pat\u0113ri\u0146\u0161 6 W,<br \/>\nieejas spriegums 230 V mai\u0146str\u0101va.<br \/>\nIP44 aizsardz\u012bba .<\/p>","protected":false},"excerpt":{"rendered":"<p>auksti baltas. izm\u0113rs 30 m. bumbi\u0146as forma. izmanto\u0161anai \u0101rpus telp\u0101m un iek\u0161telp\u0101s. taimeris . str\u0101vas tipa t\u012bkla adapteris. LED skaits 300. LED atstarpe 10 cm. LED izm\u0113rs 10 mm. iepl\u016bdes garums 5 m. kokam 250 cm augstum\u0101. stieples kr\u0101sa za\u013ca. ener\u0123ijas pat\u0113ri\u0146\u0161 6 W, ieejas spriegums 230 V mai\u0146str\u0101va. IP44 aizsardz\u012bba .<\/p>\n","protected":false},"featured_media":30603,"comment_status":"closed","ping_status":"closed","template":"","meta":{"inline_featured_image":false},"product_cat":[772,912],"product_tag":[],"yst_prominent_words":[],"class_list":{"0":"post-29830","1":"product","2":"type-product","3":"status-publish","4":"has-post-thumbnail","6":"product_cat-atlaides","7":"product_cat-ara-virtenes","9":"first","10":"instock","11":"sale","12":"taxable","13":"shipping-taxable","14":"purchasable","15":"product-type-simple"},"jetpack_sharing_enabled":true,"_links":{"self":[{"href":"https:\/\/ddt.lv\/lv\/wp-json\/wp\/v2\/product\/29830"}],"collection":[{"href":"https:\/\/ddt.lv\/lv\/wp-json\/wp\/v2\/product"}],"about":[{"href":"https:\/\/ddt.lv\/lv\/wp-json\/wp\/v2\/types\/product"}],"replies":[{"embeddable":true,"href":"https:\/\/ddt.lv\/lv\/wp-json\/wp\/v2\/comments?post=29830"}],"wp:featuredmedia":[{"embeddable":true,"href":"https:\/\/ddt.lv\/lv\/wp-json\/wp\/v2\/media\/30603"}],"wp:attachment":[{"href":"https:\/\/ddt.lv\/lv\/wp-json\/wp\/v2\/media?parent=29830"}],"wp:term":[{"taxonomy":"product_cat","embeddable":true,"href":"https:\/\/ddt.lv\/lv\/wp-json\/wp\/v2\/product_cat?post=29830"},{"taxonomy":"product_tag","embeddable":true,"href":"https:\/\/ddt.lv\/lv\/wp-json\/wp\/v2\/product_tag?post=29830"},{"taxonomy":"yst_prominent_words","embeddable":true,"href":"https:\/\/ddt.lv\/lv\/wp-json\/wp\/v2\/yst_prominent_words?post=29830"}],"curies":[{"name":"wp","href":"https:\/\/api.w.org\/{rel}","templated":true}]}}