{"id":29822,"date":"2021-11-25T12:00:31","date_gmt":"2021-11-25T10:00:31","guid":{"rendered":"https:\/\/ddt.lv\/lv\/product\/virtene-ziemassvetku-120led-cw-ww-ip44-12m-emos\/"},"modified":"2026-04-13T10:01:07","modified_gmt":"2026-04-13T07:01:07","slug":"virtene-ziemassvetku-120led-cw-ww-ip44-12m-emos","status":"publish","type":"product","link":"https:\/\/ddt.lv\/lv\/product\/virtene-ziemassvetku-120led-cw-ww-ip44-12m-emos\/","title":{"rendered":"Virtene Ziemassv\u0113tku 120LED CW\/WW IP44 12m  EMOS"},"content":{"rendered":"<p>auksta \/ silti balta.<br \/>\nizm\u0113rs 12 m.<br \/>\nfunkcija 50% LED deg, 50% LED puls\u0113.<br \/>\nklasiska forma.<br \/>\nizmanto\u0161anai \u0101rpus telp\u0101m un iek\u0161telp\u0101s.<br \/>\nstr\u0101vas tipa t\u012bkla adapteris.<br \/>\nLED skaits 120.<br \/>\nLED atstarpe 10 cm.<br \/>\nLED izm\u0113rs 5 mm.<br \/>\niepl\u016bdes garums 5 m.<br \/>\nkoka augstumam 170 cm.<br \/>\nstieples kr\u0101sa melna.<br \/>\nener\u0123ijas pat\u0113ri\u0146\u0161 3,6 W.<br \/>\nieejas spriegums 230 V mai\u0146str\u0101va.<br \/>\nIP44 aizsardz\u012bba .<\/p>","protected":false},"excerpt":{"rendered":"<p>auksta \/ silti balta. izm\u0113rs 12 m. funkcija 50% LED deg, 50% LED puls\u0113. klasiska forma. izmanto\u0161anai \u0101rpus telp\u0101m un iek\u0161telp\u0101s. str\u0101vas tipa t\u012bkla adapteris. LED skaits 120. LED atstarpe 10 cm. LED izm\u0113rs 5 mm. iepl\u016bdes garums 5 m. koka augstumam 170 cm. stieples kr\u0101sa melna. ener\u0123ijas pat\u0113ri\u0146\u0161 3,6 W. ieejas spriegums 230 V [&hellip;]<\/p>\n","protected":false},"featured_media":30642,"comment_status":"closed","ping_status":"closed","template":"","meta":{"inline_featured_image":false},"product_cat":[772,912],"product_tag":[],"yst_prominent_words":[],"class_list":{"0":"post-29822","1":"product","2":"type-product","3":"status-publish","4":"has-post-thumbnail","6":"product_cat-atlaides","7":"product_cat-ara-virtenes","9":"first","10":"instock","11":"sale","12":"taxable","13":"shipping-taxable","14":"purchasable","15":"product-type-simple"},"jetpack_sharing_enabled":true,"_links":{"self":[{"href":"https:\/\/ddt.lv\/lv\/wp-json\/wp\/v2\/product\/29822"}],"collection":[{"href":"https:\/\/ddt.lv\/lv\/wp-json\/wp\/v2\/product"}],"about":[{"href":"https:\/\/ddt.lv\/lv\/wp-json\/wp\/v2\/types\/product"}],"replies":[{"embeddable":true,"href":"https:\/\/ddt.lv\/lv\/wp-json\/wp\/v2\/comments?post=29822"}],"wp:featuredmedia":[{"embeddable":true,"href":"https:\/\/ddt.lv\/lv\/wp-json\/wp\/v2\/media\/30642"}],"wp:attachment":[{"href":"https:\/\/ddt.lv\/lv\/wp-json\/wp\/v2\/media?parent=29822"}],"wp:term":[{"taxonomy":"product_cat","embeddable":true,"href":"https:\/\/ddt.lv\/lv\/wp-json\/wp\/v2\/product_cat?post=29822"},{"taxonomy":"product_tag","embeddable":true,"href":"https:\/\/ddt.lv\/lv\/wp-json\/wp\/v2\/product_tag?post=29822"},{"taxonomy":"yst_prominent_words","embeddable":true,"href":"https:\/\/ddt.lv\/lv\/wp-json\/wp\/v2\/yst_prominent_words?post=29822"}],"curies":[{"name":"wp","href":"https:\/\/api.w.org\/{rel}","templated":true}]}}