{"id":29820,"date":"2021-11-25T12:00:31","date_gmt":"2021-11-25T10:00:31","guid":{"rendered":"https:\/\/ddt.lv\/lv\/product\/virtene-ziemassvetku-160led-rgb-ip44-16m-ar-taimeri-emos\/"},"modified":"2026-04-08T14:41:00","modified_gmt":"2026-04-08T11:41:00","slug":"virtene-ziemassvetku-160led-rgb-ip44-16m-ar-taimeri-emos","status":"publish","type":"product","link":"https:\/\/ddt.lv\/lv\/product\/virtene-ziemassvetku-160led-rgb-ip44-16m-ar-taimeri-emos\/","title":{"rendered":"Virtene Ziemassv\u0113tku 160LED RGB IP44 16m ar taimeri EMOS"},"content":{"rendered":"<p>RGB.<br \/>\nizm\u0113rs 16 m.<br \/>\nfunkcija 72 re\u017e\u012bmi.<br \/>\nklasiska forma.<br \/>\nizmanto\u0161anai \u0101rpus telp\u0101m un iek\u0161telp\u0101s.<br \/>\ntaimeris .<br \/>\nt\u0101lvad\u012bbas pults .(CR2032).<br \/>\nstr\u0101vas tipa t\u012bkla adapteris.<br \/>\nLED skaits 160.<br \/>\nLED atstarpe 10 cm.<br \/>\nLED izm\u0113rs 5 mm.<br \/>\niepl\u016bdes garums 3 m.<br \/>\nkoka augstumam 180 cm.<br \/>\nstieples kr\u0101sa melna.<br \/>\nelektroener\u0123ijas pat\u0113ri\u0146\u0161 18 W.<br \/>\nieejas spriegums 230 V mai\u0146str\u0101va.<br \/>\nizejas spriegums 24 V DC.<br \/>\nIP44 aizsardz\u012bba .<\/p>","protected":false},"excerpt":{"rendered":"<p>RGB. izm\u0113rs 16 m. funkcija 72 re\u017e\u012bmi. klasiska forma. izmanto\u0161anai \u0101rpus telp\u0101m un iek\u0161telp\u0101s. taimeris . t\u0101lvad\u012bbas pults .(CR2032). str\u0101vas tipa t\u012bkla adapteris. LED skaits 160. LED atstarpe 10 cm. LED izm\u0113rs 5 mm. iepl\u016bdes garums 3 m. koka augstumam 180 cm. stieples kr\u0101sa melna. elektroener\u0123ijas pat\u0113ri\u0146\u0161 18 W. ieejas spriegums 230 V mai\u0146str\u0101va. izejas [&hellip;]<\/p>\n","protected":false},"featured_media":30647,"comment_status":"closed","ping_status":"closed","template":"","meta":{"inline_featured_image":false},"product_cat":[772,912],"product_tag":[],"yst_prominent_words":[],"class_list":{"0":"post-29820","1":"product","2":"type-product","3":"status-publish","4":"has-post-thumbnail","6":"product_cat-atlaides","7":"product_cat-ara-virtenes","9":"first","10":"instock","11":"sale","12":"taxable","13":"shipping-taxable","14":"purchasable","15":"product-type-simple"},"jetpack_sharing_enabled":true,"_links":{"self":[{"href":"https:\/\/ddt.lv\/lv\/wp-json\/wp\/v2\/product\/29820"}],"collection":[{"href":"https:\/\/ddt.lv\/lv\/wp-json\/wp\/v2\/product"}],"about":[{"href":"https:\/\/ddt.lv\/lv\/wp-json\/wp\/v2\/types\/product"}],"replies":[{"embeddable":true,"href":"https:\/\/ddt.lv\/lv\/wp-json\/wp\/v2\/comments?post=29820"}],"wp:featuredmedia":[{"embeddable":true,"href":"https:\/\/ddt.lv\/lv\/wp-json\/wp\/v2\/media\/30647"}],"wp:attachment":[{"href":"https:\/\/ddt.lv\/lv\/wp-json\/wp\/v2\/media?parent=29820"}],"wp:term":[{"taxonomy":"product_cat","embeddable":true,"href":"https:\/\/ddt.lv\/lv\/wp-json\/wp\/v2\/product_cat?post=29820"},{"taxonomy":"product_tag","embeddable":true,"href":"https:\/\/ddt.lv\/lv\/wp-json\/wp\/v2\/product_tag?post=29820"},{"taxonomy":"yst_prominent_words","embeddable":true,"href":"https:\/\/ddt.lv\/lv\/wp-json\/wp\/v2\/yst_prominent_words?post=29820"}],"curies":[{"name":"wp","href":"https:\/\/api.w.org\/{rel}","templated":true}]}}