{"id":29817,"date":"2021-11-25T12:00:30","date_gmt":"2021-11-25T10:00:30","guid":{"rendered":"https:\/\/ddt.lv\/lv\/product\/virtene-ziemassvetku-100led-1-2w-cw-nano-stieple-taaimeris-ip20-2-4m-3xaa-emos\/"},"modified":"2026-04-01T00:21:08","modified_gmt":"2026-03-31T21:21:08","slug":"virtene-ziemassvetku-100led-1-2w-cw-nano-stieple-taaimeris-ip20-2-4m-3xaa-emos","status":"publish","type":"product","link":"https:\/\/ddt.lv\/lv\/product\/virtene-ziemassvetku-100led-1-2w-cw-nano-stieple-taaimeris-ip20-2-4m-3xaa-emos\/","title":{"rendered":"Virtene Ziemassv\u0113tku 100LED 1.2W CW nano stieple+taaimeris IP20 2.4m (3xAA) EMOS"},"content":{"rendered":"<p>auksti balta.<br \/>\nizm\u0113rs 2,4 m.<br \/>\nnano forma.<br \/>\nlieto\u0161anai iek\u0161telp\u0101s.<br \/>\ntaimeris .<br \/>\n (3 \u00d7 AA).<br \/>\nLED skaits 100.<br \/>\nLED atstarpe 2,4 cm.<br \/>\nLED izm\u0113rs 3 mm (nano).<br \/>\niepl\u016bdes garums 0,3 m.<br \/>\nstieples kr\u0101sa sudraba.<br \/>\nstr\u0101vas pat\u0113ri\u0146\u0161 0,9 W.<br \/>\nizejas spriegums 4,5 V DC.<\/p>\n<p><\/p>","protected":false},"excerpt":{"rendered":"<p>auksti balta. izm\u0113rs 2,4 m. nano forma. lieto\u0161anai iek\u0161telp\u0101s. taimeris . (3 \u00d7 AA). LED skaits 100. LED atstarpe 2,4 cm. LED izm\u0113rs 3 mm (nano). iepl\u016bdes garums 0,3 m. stieples kr\u0101sa sudraba. str\u0101vas pat\u0113ri\u0146\u0161 0,9 W. izejas spriegums 4,5 V DC.<\/p>\n","protected":false},"featured_media":30665,"comment_status":"closed","ping_status":"closed","template":"","meta":{"inline_featured_image":false},"product_cat":[772,911],"product_tag":[],"yst_prominent_words":[],"class_list":{"0":"post-29817","1":"product","2":"type-product","3":"status-publish","4":"has-post-thumbnail","6":"product_cat-atlaides","7":"product_cat-iekstelpu-virtenes","9":"first","10":"instock","11":"sale","12":"taxable","13":"shipping-taxable","14":"purchasable","15":"product-type-simple"},"jetpack_sharing_enabled":true,"_links":{"self":[{"href":"https:\/\/ddt.lv\/lv\/wp-json\/wp\/v2\/product\/29817"}],"collection":[{"href":"https:\/\/ddt.lv\/lv\/wp-json\/wp\/v2\/product"}],"about":[{"href":"https:\/\/ddt.lv\/lv\/wp-json\/wp\/v2\/types\/product"}],"replies":[{"embeddable":true,"href":"https:\/\/ddt.lv\/lv\/wp-json\/wp\/v2\/comments?post=29817"}],"wp:featuredmedia":[{"embeddable":true,"href":"https:\/\/ddt.lv\/lv\/wp-json\/wp\/v2\/media\/30665"}],"wp:attachment":[{"href":"https:\/\/ddt.lv\/lv\/wp-json\/wp\/v2\/media?parent=29817"}],"wp:term":[{"taxonomy":"product_cat","embeddable":true,"href":"https:\/\/ddt.lv\/lv\/wp-json\/wp\/v2\/product_cat?post=29817"},{"taxonomy":"product_tag","embeddable":true,"href":"https:\/\/ddt.lv\/lv\/wp-json\/wp\/v2\/product_tag?post=29817"},{"taxonomy":"yst_prominent_words","embeddable":true,"href":"https:\/\/ddt.lv\/lv\/wp-json\/wp\/v2\/yst_prominent_words?post=29817"}],"curies":[{"name":"wp","href":"https:\/\/api.w.org\/{rel}","templated":true}]}}