{"id":29815,"date":"2021-11-25T12:00:29","date_gmt":"2021-11-25T10:00:29","guid":{"rendered":"https:\/\/ddt.lv\/lv\/product\/virtene-ziemassvetku-150led-saluts-2-7w-balta-ww-ip44-2-35m-taimeris-emos\/"},"modified":"2026-04-13T10:01:06","modified_gmt":"2026-04-13T07:01:06","slug":"virtene-ziemassvetku-150led-saluts-2-7w-balta-ww-ip44-2-35m-taimeris-emos","status":"publish","type":"product","link":"https:\/\/ddt.lv\/lv\/product\/virtene-ziemassvetku-150led-saluts-2-7w-balta-ww-ip44-2-35m-taimeris-emos\/","title":{"rendered":"Virtene Ziemassv\u0113tku 150LED nano sal\u016bts 2.7W balta WW IP44 2.35m taimeris EMOS"},"content":{"rendered":"<p>silti balta.<br \/>\nizm\u0113rs 2,35 m.<br \/>\nnano forma.<br \/>\nlieto\u0161anai iek\u0161telp\u0101s.<br \/>\nstr\u0101vas tipa t\u012bkla adapteris.<br \/>\nLED skaits 150.<br \/>\nLED atstarpe nav nor\u0101d\u012bta.<br \/>\nLED izm\u0113rs 3 mm (nano).<br \/>\niepl\u016bdes garums 3 m.<br \/>\nstieples kr\u0101sa caursp\u012bd\u012bga.<br \/>\nener\u0123ijas pat\u0113ri\u0146\u0161 2,7 W.<br \/>\nieejas spriegums 230 V mai\u0146str\u0101va.<br \/>\nIP20 aizsardz\u012bba .<br \/>\n<\/p>","protected":false},"excerpt":{"rendered":"<p>silti balta. izm\u0113rs 2,35 m. nano forma. lieto\u0161anai iek\u0161telp\u0101s. str\u0101vas tipa t\u012bkla adapteris. LED skaits 150. LED atstarpe nav nor\u0101d\u012bta. LED izm\u0113rs 3 mm (nano). iepl\u016bdes garums 3 m. stieples kr\u0101sa caursp\u012bd\u012bga. ener\u0123ijas pat\u0113ri\u0146\u0161 2,7 W. ieejas spriegums 230 V mai\u0146str\u0101va. IP20 aizsardz\u012bba .<\/p>\n","protected":false},"featured_media":30683,"comment_status":"closed","ping_status":"closed","template":"","meta":{"inline_featured_image":false},"product_cat":[772,912],"product_tag":[],"yst_prominent_words":[],"class_list":{"0":"post-29815","1":"product","2":"type-product","3":"status-publish","4":"has-post-thumbnail","6":"product_cat-atlaides","7":"product_cat-ara-virtenes","9":"first","10":"instock","11":"sale","12":"taxable","13":"shipping-taxable","14":"purchasable","15":"product-type-simple"},"jetpack_sharing_enabled":true,"_links":{"self":[{"href":"https:\/\/ddt.lv\/lv\/wp-json\/wp\/v2\/product\/29815"}],"collection":[{"href":"https:\/\/ddt.lv\/lv\/wp-json\/wp\/v2\/product"}],"about":[{"href":"https:\/\/ddt.lv\/lv\/wp-json\/wp\/v2\/types\/product"}],"replies":[{"embeddable":true,"href":"https:\/\/ddt.lv\/lv\/wp-json\/wp\/v2\/comments?post=29815"}],"wp:featuredmedia":[{"embeddable":true,"href":"https:\/\/ddt.lv\/lv\/wp-json\/wp\/v2\/media\/30683"}],"wp:attachment":[{"href":"https:\/\/ddt.lv\/lv\/wp-json\/wp\/v2\/media?parent=29815"}],"wp:term":[{"taxonomy":"product_cat","embeddable":true,"href":"https:\/\/ddt.lv\/lv\/wp-json\/wp\/v2\/product_cat?post=29815"},{"taxonomy":"product_tag","embeddable":true,"href":"https:\/\/ddt.lv\/lv\/wp-json\/wp\/v2\/product_tag?post=29815"},{"taxonomy":"yst_prominent_words","embeddable":true,"href":"https:\/\/ddt.lv\/lv\/wp-json\/wp\/v2\/yst_prominent_words?post=29815"}],"curies":[{"name":"wp","href":"https:\/\/api.w.org\/{rel}","templated":true}]}}