{"id":29813,"date":"2021-11-25T12:00:28","date_gmt":"2021-11-25T10:00:28","guid":{"rendered":"https:\/\/ddt.lv\/lv\/product\/virtene-ziemassvetku-300led-saluts-cw-ip44-5-2m-emos\/"},"modified":"2026-04-13T10:01:06","modified_gmt":"2026-04-13T07:01:06","slug":"virtene-ziemassvetku-300led-saluts-cw-ip44-5-2m-emos","status":"publish","type":"product","link":"https:\/\/ddt.lv\/lv\/product\/virtene-ziemassvetku-300led-saluts-cw-ip44-5-2m-emos\/","title":{"rendered":"Virtene Ziemassv\u0113tku 300LED nano sal\u016bts CW IP44 5.2m EMOS"},"content":{"rendered":"<p>auksti balts.<br \/>\nizm\u0113rs 5,2 m.<br \/>\nnano forma.<br \/>\nlieto\u0161anai iek\u0161telp\u0101s.<br \/>\ntaimeris .<br \/>\nstr\u0101vas tipa t\u012bkla adapteris.<br \/>\nLED skaits 300.<br \/>\nLED atstarpe nav nor\u0101d\u012bta.<br \/>\nLED izm\u0113rs 3 mm (nano).<br \/>\niepl\u016bdes garums 3 m.<br \/>\nstieples kr\u0101sa za\u013ca.<br \/>\nstr\u0101vas pat\u0113ri\u0146\u0161 4,5 W.<br \/>\nieejas spriegums 230 V mai\u0146str\u0101va.<br \/>\nizejas spriegums 4,5 V DC.<br \/>\nIP20 aizsardz\u012bba .<\/p>","protected":false},"excerpt":{"rendered":"<p>auksti balts. izm\u0113rs 5,2 m. nano forma. lieto\u0161anai iek\u0161telp\u0101s. taimeris . str\u0101vas tipa t\u012bkla adapteris. LED skaits 300. LED atstarpe nav nor\u0101d\u012bta. LED izm\u0113rs 3 mm (nano). iepl\u016bdes garums 3 m. stieples kr\u0101sa za\u013ca. str\u0101vas pat\u0113ri\u0146\u0161 4,5 W. ieejas spriegums 230 V mai\u0146str\u0101va. izejas spriegums 4,5 V DC. IP20 aizsardz\u012bba .<\/p>\n","protected":false},"featured_media":30689,"comment_status":"closed","ping_status":"closed","template":"","meta":{"inline_featured_image":false},"product_cat":[772,912],"product_tag":[],"yst_prominent_words":[],"class_list":{"0":"post-29813","1":"product","2":"type-product","3":"status-publish","4":"has-post-thumbnail","6":"product_cat-atlaides","7":"product_cat-ara-virtenes","9":"first","10":"instock","11":"sale","12":"taxable","13":"shipping-taxable","14":"purchasable","15":"product-type-simple"},"jetpack_sharing_enabled":true,"_links":{"self":[{"href":"https:\/\/ddt.lv\/lv\/wp-json\/wp\/v2\/product\/29813"}],"collection":[{"href":"https:\/\/ddt.lv\/lv\/wp-json\/wp\/v2\/product"}],"about":[{"href":"https:\/\/ddt.lv\/lv\/wp-json\/wp\/v2\/types\/product"}],"replies":[{"embeddable":true,"href":"https:\/\/ddt.lv\/lv\/wp-json\/wp\/v2\/comments?post=29813"}],"wp:featuredmedia":[{"embeddable":true,"href":"https:\/\/ddt.lv\/lv\/wp-json\/wp\/v2\/media\/30689"}],"wp:attachment":[{"href":"https:\/\/ddt.lv\/lv\/wp-json\/wp\/v2\/media?parent=29813"}],"wp:term":[{"taxonomy":"product_cat","embeddable":true,"href":"https:\/\/ddt.lv\/lv\/wp-json\/wp\/v2\/product_cat?post=29813"},{"taxonomy":"product_tag","embeddable":true,"href":"https:\/\/ddt.lv\/lv\/wp-json\/wp\/v2\/product_tag?post=29813"},{"taxonomy":"yst_prominent_words","embeddable":true,"href":"https:\/\/ddt.lv\/lv\/wp-json\/wp\/v2\/yst_prominent_words?post=29813"}],"curies":[{"name":"wp","href":"https:\/\/api.w.org\/{rel}","templated":true}]}}