{"id":29810,"date":"2021-11-25T12:00:27","date_gmt":"2021-11-25T10:00:27","guid":{"rendered":"https:\/\/ddt.lv\/lv\/product\/barosanas-bloks-ziemassvetku-conn-virtenem-12w-ip44-emos\/"},"modified":"2026-04-14T15:45:55","modified_gmt":"2026-04-14T12:45:55","slug":"barosanas-bloks-ziemassvetku-conn-virtenem-12w-ip44-emos","status":"publish","type":"product","link":"https:\/\/ddt.lv\/lv\/product\/barosanas-bloks-ziemassvetku-conn-virtenem-12w-ip44-emos\/","title":{"rendered":"Baro\u0161anas bloks STANDART CONNECT virten\u0113m 12W IP44 EMOS"},"content":{"rendered":"<p>adapteris.<br \/>\nstandarta \/ profesion\u0101laj\u0101m s\u0113rij\u0101m.<br \/>\nizmanto\u0161anai \u0101rpus telp\u0101m un iek\u0161telp\u0101s.<br \/>\nmaks.piesl\u0113gumu skaits 800 LED.<br \/>\nstr\u0101vas tipa t\u012bkla adapteris.<br \/>\nieejas spriegums 230 V mai\u0146str\u0101va.<br \/>\nizejas spriegums 30 V DC.<br \/>\nelektroener\u0123ijas pat\u0113ri\u0146\u0161 12 W.<br \/>\nIP44 aizsardz\u012bba .<\/p>","protected":false},"excerpt":{"rendered":"<p>adapteris. standarta \/ profesion\u0101laj\u0101m s\u0113rij\u0101m. izmanto\u0161anai \u0101rpus telp\u0101m un iek\u0161telp\u0101s. maks.piesl\u0113gumu skaits 800 LED. str\u0101vas tipa t\u012bkla adapteris. ieejas spriegums 230 V mai\u0146str\u0101va. izejas spriegums 30 V DC. elektroener\u0123ijas pat\u0113ri\u0146\u0161 12 W. IP44 aizsardz\u012bba .<\/p>\n","protected":false},"featured_media":30707,"comment_status":"closed","ping_status":"closed","template":"","meta":{"inline_featured_image":false},"product_cat":[912],"product_tag":[],"yst_prominent_words":[],"class_list":{"0":"post-29810","1":"product","2":"type-product","3":"status-publish","4":"has-post-thumbnail","6":"product_cat-ara-virtenes","8":"first","9":"outofstock","10":"taxable","11":"shipping-taxable","12":"purchasable","13":"product-type-simple"},"jetpack_sharing_enabled":true,"_links":{"self":[{"href":"https:\/\/ddt.lv\/lv\/wp-json\/wp\/v2\/product\/29810"}],"collection":[{"href":"https:\/\/ddt.lv\/lv\/wp-json\/wp\/v2\/product"}],"about":[{"href":"https:\/\/ddt.lv\/lv\/wp-json\/wp\/v2\/types\/product"}],"replies":[{"embeddable":true,"href":"https:\/\/ddt.lv\/lv\/wp-json\/wp\/v2\/comments?post=29810"}],"wp:featuredmedia":[{"embeddable":true,"href":"https:\/\/ddt.lv\/lv\/wp-json\/wp\/v2\/media\/30707"}],"wp:attachment":[{"href":"https:\/\/ddt.lv\/lv\/wp-json\/wp\/v2\/media?parent=29810"}],"wp:term":[{"taxonomy":"product_cat","embeddable":true,"href":"https:\/\/ddt.lv\/lv\/wp-json\/wp\/v2\/product_cat?post=29810"},{"taxonomy":"product_tag","embeddable":true,"href":"https:\/\/ddt.lv\/lv\/wp-json\/wp\/v2\/product_tag?post=29810"},{"taxonomy":"yst_prominent_words","embeddable":true,"href":"https:\/\/ddt.lv\/lv\/wp-json\/wp\/v2\/yst_prominent_words?post=29810"}],"curies":[{"name":"wp","href":"https:\/\/api.w.org\/{rel}","templated":true}]}}