{"id":29808,"date":"2021-11-25T12:00:26","date_gmt":"2021-11-25T10:00:26","guid":{"rendered":"https:\/\/ddt.lv\/lv\/product\/pagarinatajs-ziemassvetku-virtenem-connecting-system-10m-emos\/"},"modified":"2026-04-01T00:21:03","modified_gmt":"2026-03-31T21:21:03","slug":"pagarinatajs-ziemassvetku-virtenem-connecting-system-10m-emos","status":"publish","type":"product","link":"https:\/\/ddt.lv\/lv\/product\/pagarinatajs-ziemassvetku-virtenem-connecting-system-10m-emos\/","title":{"rendered":"Pagarin\u0101t\u0101js Ziemassv\u0113tku virten\u0113m Connecting system 10m  EMOS"},"content":{"rendered":"<p>pagarin\u0101t\u0101js.<br \/>\nstandarta diapazonam.<br \/>\nizmanto\u0161anai \u0101rpus telp\u0101m un iek\u0161telp\u0101s.<br \/>\nmaks.piesl\u0113gumu skaits 800 LED.<br \/>\nstieples kr\u0101sa melna.<br \/>\niepl\u016bdes garums 10 m.<br \/>\nieejas spriegums 30 V DC.<br \/>\nIP44 aizsardz\u012bba .<\/p>","protected":false},"excerpt":{"rendered":"<p>pagarin\u0101t\u0101js. standarta diapazonam. izmanto\u0161anai \u0101rpus telp\u0101m un iek\u0161telp\u0101s. maks.piesl\u0113gumu skaits 800 LED. stieples kr\u0101sa melna. iepl\u016bdes garums 10 m. ieejas spriegums 30 V DC. IP44 aizsardz\u012bba .<\/p>\n","protected":false},"featured_media":30729,"comment_status":"closed","ping_status":"closed","template":"","meta":{"inline_featured_image":false},"product_cat":[772,912],"product_tag":[],"yst_prominent_words":[],"class_list":{"0":"post-29808","1":"product","2":"type-product","3":"status-publish","4":"has-post-thumbnail","6":"product_cat-atlaides","7":"product_cat-ara-virtenes","9":"first","10":"instock","11":"sale","12":"taxable","13":"shipping-taxable","14":"purchasable","15":"product-type-simple"},"jetpack_sharing_enabled":true,"_links":{"self":[{"href":"https:\/\/ddt.lv\/lv\/wp-json\/wp\/v2\/product\/29808"}],"collection":[{"href":"https:\/\/ddt.lv\/lv\/wp-json\/wp\/v2\/product"}],"about":[{"href":"https:\/\/ddt.lv\/lv\/wp-json\/wp\/v2\/types\/product"}],"replies":[{"embeddable":true,"href":"https:\/\/ddt.lv\/lv\/wp-json\/wp\/v2\/comments?post=29808"}],"wp:featuredmedia":[{"embeddable":true,"href":"https:\/\/ddt.lv\/lv\/wp-json\/wp\/v2\/media\/30729"}],"wp:attachment":[{"href":"https:\/\/ddt.lv\/lv\/wp-json\/wp\/v2\/media?parent=29808"}],"wp:term":[{"taxonomy":"product_cat","embeddable":true,"href":"https:\/\/ddt.lv\/lv\/wp-json\/wp\/v2\/product_cat?post=29808"},{"taxonomy":"product_tag","embeddable":true,"href":"https:\/\/ddt.lv\/lv\/wp-json\/wp\/v2\/product_tag?post=29808"},{"taxonomy":"yst_prominent_words","embeddable":true,"href":"https:\/\/ddt.lv\/lv\/wp-json\/wp\/v2\/yst_prominent_words?post=29808"}],"curies":[{"name":"wp","href":"https:\/\/api.w.org\/{rel}","templated":true}]}}