{"id":29806,"date":"2021-11-25T12:00:25","date_gmt":"2021-11-25T10:00:25","guid":{"rendered":"https:\/\/ddt.lv\/lv\/product\/virtene-tikls-zimassvetku-conn-160led-bez-barosanas-bloka-cw-ip44-1-5x2m-emos\/"},"modified":"2026-04-13T10:00:59","modified_gmt":"2026-04-13T07:00:59","slug":"virtene-tikls-zimassvetku-conn-160led-bez-barosanas-bloka-cw-ip44-1-5x2m-emos","status":"publish","type":"product","link":"https:\/\/ddt.lv\/lv\/product\/virtene-tikls-zimassvetku-conn-160led-bez-barosanas-bloka-cw-ip44-1-5x2m-emos\/","title":{"rendered":"Virtene T\u012bkls Zimassv\u0113tku CONN 160LED bez barosanas bloka CW IP44 1.5x2m EMOS"},"content":{"rendered":"<p>auksti balts.<br \/>\nizm\u0113rs 2 \u00d7 1,5 m.<br \/>\nklasiska forma.<br \/>\nizmanto\u0161anai \u0101rpus telp\u0101m un iek\u0161telp\u0101s.<br \/>\nstr\u0101vas tipa mai\u0146str\u0101vas adapteris (nav iek\u013cauts).<br \/>\nLED skaits 160.<br \/>\nLED atstarpe 10 cm.<br \/>\nLED izm\u0113rs 5 mm.<br \/>\niepl\u016bdes garums 10 cm.<br \/>\nstieples kr\u0101sa melna.<br \/>\nelektroener\u0123ijas pat\u0113ri\u0146\u0161 2 W.<br \/>\nieejas spriegums 230 V mai\u0146str\u0101va.<br \/>\nsavienojums iesp\u0113jams .<br \/>\nIP44 aizsardz\u012bba .<br \/>\nPiem\u0113rots transformators skat\u012bt D1ZB04 (12W iesp\u0113jams savienot l\u012bdz 6 virten\u0113m).<\/p>\n<p>Piem\u0113rots pagarin\u0101t\u0101js D1ZB01 vai ZY1444.<\/p>\n<p>Piem\u0113rots sadal\u012bt\u0101js D1ZB03 vai ZY1445.<\/p>","protected":false},"excerpt":{"rendered":"<p>auksti balts. izm\u0113rs 2 \u00d7 1,5 m. klasiska forma. izmanto\u0161anai \u0101rpus telp\u0101m un iek\u0161telp\u0101s. str\u0101vas tipa mai\u0146str\u0101vas adapteris (nav iek\u013cauts). LED skaits 160. LED atstarpe 10 cm. LED izm\u0113rs 5 mm. iepl\u016bdes garums 10 cm. stieples kr\u0101sa melna. elektroener\u0123ijas pat\u0113ri\u0146\u0161 2 W. ieejas spriegums 230 V mai\u0146str\u0101va. savienojums iesp\u0113jams . IP44 aizsardz\u012bba . Piem\u0113rots transformators [&hellip;]<\/p>\n","protected":false},"featured_media":30738,"comment_status":"closed","ping_status":"closed","template":"","meta":{"inline_featured_image":false},"product_cat":[912],"product_tag":[],"yst_prominent_words":[],"class_list":{"0":"post-29806","1":"product","2":"type-product","3":"status-publish","4":"has-post-thumbnail","6":"product_cat-ara-virtenes","8":"first","9":"instock","10":"taxable","11":"shipping-taxable","12":"purchasable","13":"product-type-simple"},"jetpack_sharing_enabled":true,"_links":{"self":[{"href":"https:\/\/ddt.lv\/lv\/wp-json\/wp\/v2\/product\/29806"}],"collection":[{"href":"https:\/\/ddt.lv\/lv\/wp-json\/wp\/v2\/product"}],"about":[{"href":"https:\/\/ddt.lv\/lv\/wp-json\/wp\/v2\/types\/product"}],"replies":[{"embeddable":true,"href":"https:\/\/ddt.lv\/lv\/wp-json\/wp\/v2\/comments?post=29806"}],"wp:featuredmedia":[{"embeddable":true,"href":"https:\/\/ddt.lv\/lv\/wp-json\/wp\/v2\/media\/30738"}],"wp:attachment":[{"href":"https:\/\/ddt.lv\/lv\/wp-json\/wp\/v2\/media?parent=29806"}],"wp:term":[{"taxonomy":"product_cat","embeddable":true,"href":"https:\/\/ddt.lv\/lv\/wp-json\/wp\/v2\/product_cat?post=29806"},{"taxonomy":"product_tag","embeddable":true,"href":"https:\/\/ddt.lv\/lv\/wp-json\/wp\/v2\/product_tag?post=29806"},{"taxonomy":"yst_prominent_words","embeddable":true,"href":"https:\/\/ddt.lv\/lv\/wp-json\/wp\/v2\/yst_prominent_words?post=29806"}],"curies":[{"name":"wp","href":"https:\/\/api.w.org\/{rel}","templated":true}]}}