{"id":29794,"date":"2021-11-25T11:50:16","date_gmt":"2021-11-25T09:50:16","guid":{"rendered":"https:\/\/ddt.lv\/lv\/product\/virtene-ziemassvetku-conn-starta-ar-barosanas-bloku-krasaina-100led-1-2w-ip44-10m-emos\/"},"modified":"2026-04-01T00:21:00","modified_gmt":"2026-03-31T21:21:00","slug":"virtene-ziemassvetku-conn-starta-ar-barosanas-bloku-krasaina-100led-1-2w-ip44-10m-emos","status":"publish","type":"product","link":"https:\/\/ddt.lv\/lv\/product\/virtene-ziemassvetku-conn-starta-ar-barosanas-bloku-krasaina-100led-1-2w-ip44-10m-emos\/","title":{"rendered":"Virtene Ziemassv\u0113tku CONN Starta ar baro\u0161anas bloku kr\u0101saina 100LED 1.2W IP44 10m EMOS"},"content":{"rendered":"<p>daudzkr\u0101saina.<br \/>\nizm\u0113rs 10 m.<br \/>\nklasiska forma.<br \/>\nizmanto\u0161anai \u0101rpus telp\u0101m un iek\u0161telp\u0101s.<br \/>\ntaimeris .<br \/>\nstr\u0101vas tipa t\u012bkla adapteris.<br \/>\nLED skaits 100.<br \/>\nLED atstarpe 10 cm.<br \/>\nLED izm\u0113rs 5 mm.<br \/>\niepl\u016bdes garums 5 m.<br \/>\nstieples kr\u0101sa melna.<br \/>\nstr\u0101vas pat\u0113ri\u0146\u0161 maks.12 W.<br \/>\nieejas spriegums 230 V AC.<br \/>\nsavienojums iesp\u0113jams .<br \/>\nIP44 aizsardz\u012bba.<\/p>\n<p><\/p>","protected":false},"excerpt":{"rendered":"<p>daudzkr\u0101saina. izm\u0113rs 10 m. klasiska forma. izmanto\u0161anai \u0101rpus telp\u0101m un iek\u0161telp\u0101s. taimeris . str\u0101vas tipa t\u012bkla adapteris. LED skaits 100. LED atstarpe 10 cm. LED izm\u0113rs 5 mm. iepl\u016bdes garums 5 m. stieples kr\u0101sa melna. str\u0101vas pat\u0113ri\u0146\u0161 maks.12 W. ieejas spriegums 230 V AC. savienojums iesp\u0113jams . IP44 aizsardz\u012bba.<\/p>\n","protected":false},"featured_media":30793,"comment_status":"closed","ping_status":"closed","template":"","meta":{"inline_featured_image":false},"product_cat":[912],"product_tag":[],"yst_prominent_words":[],"class_list":{"0":"post-29794","1":"product","2":"type-product","3":"status-publish","4":"has-post-thumbnail","6":"product_cat-ara-virtenes","8":"first","9":"instock","10":"taxable","11":"shipping-taxable","12":"purchasable","13":"product-type-simple"},"jetpack_sharing_enabled":true,"_links":{"self":[{"href":"https:\/\/ddt.lv\/lv\/wp-json\/wp\/v2\/product\/29794"}],"collection":[{"href":"https:\/\/ddt.lv\/lv\/wp-json\/wp\/v2\/product"}],"about":[{"href":"https:\/\/ddt.lv\/lv\/wp-json\/wp\/v2\/types\/product"}],"replies":[{"embeddable":true,"href":"https:\/\/ddt.lv\/lv\/wp-json\/wp\/v2\/comments?post=29794"}],"wp:featuredmedia":[{"embeddable":true,"href":"https:\/\/ddt.lv\/lv\/wp-json\/wp\/v2\/media\/30793"}],"wp:attachment":[{"href":"https:\/\/ddt.lv\/lv\/wp-json\/wp\/v2\/media?parent=29794"}],"wp:term":[{"taxonomy":"product_cat","embeddable":true,"href":"https:\/\/ddt.lv\/lv\/wp-json\/wp\/v2\/product_cat?post=29794"},{"taxonomy":"product_tag","embeddable":true,"href":"https:\/\/ddt.lv\/lv\/wp-json\/wp\/v2\/product_tag?post=29794"},{"taxonomy":"yst_prominent_words","embeddable":true,"href":"https:\/\/ddt.lv\/lv\/wp-json\/wp\/v2\/yst_prominent_words?post=29794"}],"curies":[{"name":"wp","href":"https:\/\/api.w.org\/{rel}","templated":true}]}}