{"id":29792,"date":"2021-11-25T11:50:16","date_gmt":"2021-11-25T09:50:16","guid":{"rendered":"https:\/\/ddt.lv\/lv\/product\/virtene-ziemassvetku-100led-bez-barosanas-bloka-1-2w-cw-ip44-10m-kabelis-melns-emos\/"},"modified":"2026-04-01T00:21:00","modified_gmt":"2026-03-31T21:21:00","slug":"virtene-ziemassvetku-100led-bez-barosanas-bloka-1-2w-cw-ip44-10m-kabelis-melns-emos","status":"publish","type":"product","link":"https:\/\/ddt.lv\/lv\/product\/virtene-ziemassvetku-100led-bez-barosanas-bloka-1-2w-cw-ip44-10m-kabelis-melns-emos\/","title":{"rendered":"Virtene Ziemassv\u0113tku 100LED bez baro\u0161anas bloka 1.2W CW IP44 10m kabelis melns EMOS"},"content":{"rendered":"<p>auksti balta.<br \/>\nizm\u0113rs 10 m.<br \/>\nklasiska forma.<br \/>\nizmanto\u0161anai \u0101rpus telp\u0101m un iek\u0161telp\u0101s.<br \/>\nstr\u0101vas tipa mai\u0146str\u0101vas adapteris (nav iek\u013cauts).<br \/>\nLED skaits 100.<br \/>\nLED atstarpe 10 cm.<br \/>\nLED izm\u0113rs 5 mm.<br \/>\niepl\u016bdes garums 10 cm.<br \/>\nstieples kr\u0101sa melna.<br \/>\nener\u0123ijas pat\u0113ri\u0146\u0161 1,2 W.<br \/>\nieejas spriegums 230 V AC.<br \/>\nsavienojums iesp\u0113jams .<br \/>\nIP44 aizsardz\u012bba.<br \/>\nPiem\u0113rots transformators skat\u012bt D1ZB04 (12W iesp\u0113jams savienot l\u012bdz 10 virten\u0113m).<\/p>\n<p>Piem\u0113rots pagarin\u0101t\u0101js D1ZB01 vai ZY1444.<\/p>\n<p>Piem\u0113rots sadal\u012bt\u0101js D1ZB03 vai ZY1445.<\/p>","protected":false},"excerpt":{"rendered":"<p>auksti balta. izm\u0113rs 10 m. klasiska forma. izmanto\u0161anai \u0101rpus telp\u0101m un iek\u0161telp\u0101s. str\u0101vas tipa mai\u0146str\u0101vas adapteris (nav iek\u013cauts). LED skaits 100. LED atstarpe 10 cm. LED izm\u0113rs 5 mm. iepl\u016bdes garums 10 cm. stieples kr\u0101sa melna. ener\u0123ijas pat\u0113ri\u0146\u0161 1,2 W. ieejas spriegums 230 V AC. savienojums iesp\u0113jams . IP44 aizsardz\u012bba. Piem\u0113rots transformators skat\u012bt D1ZB04 (12W [&hellip;]<\/p>\n","protected":false},"featured_media":30788,"comment_status":"closed","ping_status":"closed","template":"","meta":{"inline_featured_image":false},"product_cat":[912],"product_tag":[],"yst_prominent_words":[],"class_list":{"0":"post-29792","1":"product","2":"type-product","3":"status-publish","4":"has-post-thumbnail","6":"product_cat-ara-virtenes","8":"first","9":"instock","10":"taxable","11":"shipping-taxable","12":"purchasable","13":"product-type-simple"},"jetpack_sharing_enabled":true,"_links":{"self":[{"href":"https:\/\/ddt.lv\/lv\/wp-json\/wp\/v2\/product\/29792"}],"collection":[{"href":"https:\/\/ddt.lv\/lv\/wp-json\/wp\/v2\/product"}],"about":[{"href":"https:\/\/ddt.lv\/lv\/wp-json\/wp\/v2\/types\/product"}],"replies":[{"embeddable":true,"href":"https:\/\/ddt.lv\/lv\/wp-json\/wp\/v2\/comments?post=29792"}],"wp:featuredmedia":[{"embeddable":true,"href":"https:\/\/ddt.lv\/lv\/wp-json\/wp\/v2\/media\/30788"}],"wp:attachment":[{"href":"https:\/\/ddt.lv\/lv\/wp-json\/wp\/v2\/media?parent=29792"}],"wp:term":[{"taxonomy":"product_cat","embeddable":true,"href":"https:\/\/ddt.lv\/lv\/wp-json\/wp\/v2\/product_cat?post=29792"},{"taxonomy":"product_tag","embeddable":true,"href":"https:\/\/ddt.lv\/lv\/wp-json\/wp\/v2\/product_tag?post=29792"},{"taxonomy":"yst_prominent_words","embeddable":true,"href":"https:\/\/ddt.lv\/lv\/wp-json\/wp\/v2\/yst_prominent_words?post=29792"}],"curies":[{"name":"wp","href":"https:\/\/api.w.org\/{rel}","templated":true}]}}