{"id":29755,"date":"2021-11-22T07:51:37","date_gmt":"2021-11-22T05:51:37","guid":{"rendered":"https:\/\/ddt.lv\/lv\/product\/pareja-no-e27-uz-e14-pawbol\/"},"modified":"2026-04-01T00:06:56","modified_gmt":"2026-03-31T21:06:56","slug":"pareja-no-e27-uz-e14-pawbol","status":"publish","type":"product","link":"https:\/\/ddt.lv\/lv\/product\/pareja-no-e27-uz-e14-pawbol\/","title":{"rendered":"P\u0101reja no E27 uz E14 Pawbol"},"content":{"rendered":"<p>Adapteris E27 uz E14.<br \/>\nKr\u0101sa Balta.<br \/>\nSamazino\u0161 lampas tur\u0113t\u0101js.<br \/>\nMateri\u0101ls keramika\/met\u0101ls.<\/p>","protected":false},"excerpt":{"rendered":"<p>Adapteris E27 uz E14. Kr\u0101sa Balta. Samazino\u0161 lampas tur\u0113t\u0101js. Materi\u0101ls keramika\/met\u0101ls.<\/p>\n","protected":false},"featured_media":29766,"comment_status":"closed","ping_status":"closed","template":"","meta":{"inline_featured_image":false},"product_cat":[878],"product_tag":[],"yst_prominent_words":[],"class_list":{"0":"post-29755","1":"product","2":"type-product","3":"status-publish","4":"has-post-thumbnail","6":"product_cat-parejas-spuldzes","8":"first","9":"instock","10":"taxable","11":"shipping-taxable","12":"purchasable","13":"product-type-simple"},"jetpack_sharing_enabled":true,"_links":{"self":[{"href":"https:\/\/ddt.lv\/lv\/wp-json\/wp\/v2\/product\/29755"}],"collection":[{"href":"https:\/\/ddt.lv\/lv\/wp-json\/wp\/v2\/product"}],"about":[{"href":"https:\/\/ddt.lv\/lv\/wp-json\/wp\/v2\/types\/product"}],"replies":[{"embeddable":true,"href":"https:\/\/ddt.lv\/lv\/wp-json\/wp\/v2\/comments?post=29755"}],"wp:featuredmedia":[{"embeddable":true,"href":"https:\/\/ddt.lv\/lv\/wp-json\/wp\/v2\/media\/29766"}],"wp:attachment":[{"href":"https:\/\/ddt.lv\/lv\/wp-json\/wp\/v2\/media?parent=29755"}],"wp:term":[{"taxonomy":"product_cat","embeddable":true,"href":"https:\/\/ddt.lv\/lv\/wp-json\/wp\/v2\/product_cat?post=29755"},{"taxonomy":"product_tag","embeddable":true,"href":"https:\/\/ddt.lv\/lv\/wp-json\/wp\/v2\/product_tag?post=29755"},{"taxonomy":"yst_prominent_words","embeddable":true,"href":"https:\/\/ddt.lv\/lv\/wp-json\/wp\/v2\/yst_prominent_words?post=29755"}],"curies":[{"name":"wp","href":"https:\/\/api.w.org\/{rel}","templated":true}]}}