{"id":29729,"date":"2021-11-16T13:20:16","date_gmt":"2021-11-16T11:20:16","guid":{"rendered":"https:\/\/ddt.lv\/lv\/product\/pareja-no-e27-uz-gu10-keramika-zext\/"},"modified":"2026-04-13T09:47:23","modified_gmt":"2026-04-13T06:47:23","slug":"pareja-no-e27-uz-gu10-keramika-zext","status":"publish","type":"product","link":"https:\/\/ddt.lv\/lv\/product\/pareja-no-e27-uz-gu10-keramika-zext\/","title":{"rendered":"P\u0101reja no E27 uz GU10  keramika ZEXT"},"content":{"rendered":"<p>P\u0101rejas ligzdas \u013cauj uzst\u0101d\u012bt spuldzes ar da\u017e\u0101da veida pamatn\u0113m, nek\u0101 paredz\u0113ts gaismekl\u012b, piem\u0113ram, GU10 spuldzes E27 ligzd\u0101s. Tie ir paredz\u0113ti spuldz\u0113m l\u012bdz 500W un 250V.<\/p>","protected":false},"excerpt":{"rendered":"<p>P\u0101rejas ligzdas \u013cauj uzst\u0101d\u012bt spuldzes ar da\u017e\u0101da veida pamatn\u0113m, nek\u0101 paredz\u0113ts gaismekl\u012b, piem\u0113ram, GU10 spuldzes E27 ligzd\u0101s. Tie ir paredz\u0113ti spuldz\u0113m l\u012bdz 500W un 250V.<\/p>\n","protected":false},"featured_media":29734,"comment_status":"closed","ping_status":"closed","template":"","meta":{"inline_featured_image":false},"product_cat":[878],"product_tag":[],"yst_prominent_words":[],"class_list":{"0":"post-29729","1":"product","2":"type-product","3":"status-publish","4":"has-post-thumbnail","6":"product_cat-parejas-spuldzes","8":"first","9":"outofstock","10":"taxable","11":"shipping-taxable","12":"purchasable","13":"product-type-simple"},"jetpack_sharing_enabled":true,"_links":{"self":[{"href":"https:\/\/ddt.lv\/lv\/wp-json\/wp\/v2\/product\/29729"}],"collection":[{"href":"https:\/\/ddt.lv\/lv\/wp-json\/wp\/v2\/product"}],"about":[{"href":"https:\/\/ddt.lv\/lv\/wp-json\/wp\/v2\/types\/product"}],"replies":[{"embeddable":true,"href":"https:\/\/ddt.lv\/lv\/wp-json\/wp\/v2\/comments?post=29729"}],"wp:featuredmedia":[{"embeddable":true,"href":"https:\/\/ddt.lv\/lv\/wp-json\/wp\/v2\/media\/29734"}],"wp:attachment":[{"href":"https:\/\/ddt.lv\/lv\/wp-json\/wp\/v2\/media?parent=29729"}],"wp:term":[{"taxonomy":"product_cat","embeddable":true,"href":"https:\/\/ddt.lv\/lv\/wp-json\/wp\/v2\/product_cat?post=29729"},{"taxonomy":"product_tag","embeddable":true,"href":"https:\/\/ddt.lv\/lv\/wp-json\/wp\/v2\/product_tag?post=29729"},{"taxonomy":"yst_prominent_words","embeddable":true,"href":"https:\/\/ddt.lv\/lv\/wp-json\/wp\/v2\/yst_prominent_words?post=29729"}],"curies":[{"name":"wp","href":"https:\/\/api.w.org\/{rel}","templated":true}]}}