{"id":29728,"date":"2021-11-16T13:20:16","date_gmt":"2021-11-16T11:20:16","guid":{"rendered":"https:\/\/ddt.lv\/lv\/product\/pareja-no-e14-uz-gu10-keramika-zext\/"},"modified":"2026-04-13T09:47:23","modified_gmt":"2026-04-13T06:47:23","slug":"pareja-no-e14-uz-gu10-keramika-zext","status":"publish","type":"product","link":"https:\/\/ddt.lv\/lv\/product\/pareja-no-e14-uz-gu10-keramika-zext\/","title":{"rendered":"P\u0101reja no E14 uz GU10  keramika ZEXT"},"content":{"rendered":"<p>Porcel\u0101na p\u0101rejas ligzda no E14 uz GU10.<\/p>\n<p>Tehniskie dati:<br \/>\nSpriegums: 250V.<br \/>\nJauda: max 500W.<br \/>\nMaksim\u0101l\u0101 str\u0101va: 2A.<br \/>\nIzm\u0113ri: 34 x 53 mm.<br \/>\nbalta kr\u0101sa.<\/p>","protected":false},"excerpt":{"rendered":"<p>Porcel\u0101na p\u0101rejas ligzda no E14 uz GU10. Tehniskie dati: Spriegums: 250V. Jauda: max 500W. Maksim\u0101l\u0101 str\u0101va: 2A. Izm\u0113ri: 34 x 53 mm. balta kr\u0101sa.<\/p>\n","protected":false},"featured_media":29731,"comment_status":"closed","ping_status":"closed","template":"","meta":{"inline_featured_image":false},"product_cat":[772,878],"product_tag":[],"yst_prominent_words":[],"class_list":{"0":"post-29728","1":"product","2":"type-product","3":"status-publish","4":"has-post-thumbnail","6":"product_cat-atlaides","7":"product_cat-parejas-spuldzes","9":"first","10":"instock","11":"sale","12":"taxable","13":"shipping-taxable","14":"purchasable","15":"product-type-simple"},"jetpack_sharing_enabled":true,"_links":{"self":[{"href":"https:\/\/ddt.lv\/lv\/wp-json\/wp\/v2\/product\/29728"}],"collection":[{"href":"https:\/\/ddt.lv\/lv\/wp-json\/wp\/v2\/product"}],"about":[{"href":"https:\/\/ddt.lv\/lv\/wp-json\/wp\/v2\/types\/product"}],"replies":[{"embeddable":true,"href":"https:\/\/ddt.lv\/lv\/wp-json\/wp\/v2\/comments?post=29728"}],"wp:featuredmedia":[{"embeddable":true,"href":"https:\/\/ddt.lv\/lv\/wp-json\/wp\/v2\/media\/29731"}],"wp:attachment":[{"href":"https:\/\/ddt.lv\/lv\/wp-json\/wp\/v2\/media?parent=29728"}],"wp:term":[{"taxonomy":"product_cat","embeddable":true,"href":"https:\/\/ddt.lv\/lv\/wp-json\/wp\/v2\/product_cat?post=29728"},{"taxonomy":"product_tag","embeddable":true,"href":"https:\/\/ddt.lv\/lv\/wp-json\/wp\/v2\/product_tag?post=29728"},{"taxonomy":"yst_prominent_words","embeddable":true,"href":"https:\/\/ddt.lv\/lv\/wp-json\/wp\/v2\/yst_prominent_words?post=29728"}],"curies":[{"name":"wp","href":"https:\/\/api.w.org\/{rel}","templated":true}]}}