{"id":29620,"date":"2021-11-10T15:10:13","date_gmt":"2021-11-10T13:10:13","guid":{"rendered":"https:\/\/ddt.lv\/lv\/product\/wifi-dumu-detektors-30m2-85db-2xaaa-balts-fontastic\/"},"modified":"2026-04-13T10:00:55","modified_gmt":"2026-04-13T07:00:55","slug":"wifi-dumu-detektors-30m2-85db-2xaaa-balts-fontastic","status":"publish","type":"product","link":"https:\/\/ddt.lv\/lv\/product\/wifi-dumu-detektors-30m2-85db-2xaaa-balts-fontastic\/","title":{"rendered":"WiFi  D\u016bmu detektors 30m2 85dB (2xAAA) balts Fontastic"},"content":{"rendered":"<p>Pateicoties jut\u012bgajai elektronikai, d\u016bmu detektors uztver pat nelielu daudzumu b\u012bstamu d\u016bmu. D\u016bmu detektora integr\u0113t\u0101 sir\u0113na un LED gaismas br\u012bdina par ugunsgr\u0113ku vai iesp\u0113jamu nosmak\u0161anu. J\u016bs ar\u012b nekav\u0113joties tiksit inform\u0113ts vizu\u0101li ar gaismas dio\u017eu pal\u012bdz\u012bbu, izmantojot push pazi\u0146ojumus vai akustiski. Varat izmantot lietotni Fontahome, lai programm\u0113tu un izpild\u012btu papildu darb\u012bbas. Sensoru ir viegli uzst\u0101d\u012bt, un tas ir viegli savienojams ar j\u016bsu m\u0101jas Wi-Fi, izmantojot FontaHome lietotnes. J\u016bs varat apvienot d\u016bmu detektoru ar cit\u0101m Fontastic Smart Home ier\u012bc\u0113m un vad\u012bt to, izmantojot FontHome lietotni iOS un Android.<\/p>\n<p>Galven\u0101s iez\u012bmes: kompakts dizains, vienk\u0101r\u0161a uzst\u0101d\u012b\u0161ana un integr\u0101cija, ilgs akumulatora darb\u012bbas laiks.<\/p>","protected":false},"excerpt":{"rendered":"<p>Pateicoties jut\u012bgajai elektronikai, d\u016bmu detektors uztver pat nelielu daudzumu b\u012bstamu d\u016bmu. D\u016bmu detektora integr\u0113t\u0101 sir\u0113na un LED gaismas br\u012bdina par ugunsgr\u0113ku vai iesp\u0113jamu nosmak\u0161anu. J\u016bs ar\u012b nekav\u0113joties tiksit inform\u0113ts vizu\u0101li ar gaismas dio\u017eu pal\u012bdz\u012bbu, izmantojot push pazi\u0146ojumus vai akustiski. Varat izmantot lietotni Fontahome, lai programm\u0113tu un izpild\u012btu papildu darb\u012bbas. Sensoru ir viegli uzst\u0101d\u012bt, un tas [&hellip;]<\/p>\n","protected":false},"featured_media":29621,"comment_status":"closed","ping_status":"closed","template":"","meta":{"inline_featured_image":false},"product_cat":[542],"product_tag":[],"yst_prominent_words":[],"class_list":{"0":"post-29620","1":"product","2":"type-product","3":"status-publish","4":"has-post-thumbnail","6":"product_cat-dumu-detektori","8":"first","9":"outofstock","10":"taxable","11":"shipping-taxable","12":"purchasable","13":"product-type-simple"},"jetpack_sharing_enabled":true,"_links":{"self":[{"href":"https:\/\/ddt.lv\/lv\/wp-json\/wp\/v2\/product\/29620"}],"collection":[{"href":"https:\/\/ddt.lv\/lv\/wp-json\/wp\/v2\/product"}],"about":[{"href":"https:\/\/ddt.lv\/lv\/wp-json\/wp\/v2\/types\/product"}],"replies":[{"embeddable":true,"href":"https:\/\/ddt.lv\/lv\/wp-json\/wp\/v2\/comments?post=29620"}],"wp:featuredmedia":[{"embeddable":true,"href":"https:\/\/ddt.lv\/lv\/wp-json\/wp\/v2\/media\/29621"}],"wp:attachment":[{"href":"https:\/\/ddt.lv\/lv\/wp-json\/wp\/v2\/media?parent=29620"}],"wp:term":[{"taxonomy":"product_cat","embeddable":true,"href":"https:\/\/ddt.lv\/lv\/wp-json\/wp\/v2\/product_cat?post=29620"},{"taxonomy":"product_tag","embeddable":true,"href":"https:\/\/ddt.lv\/lv\/wp-json\/wp\/v2\/product_tag?post=29620"},{"taxonomy":"yst_prominent_words","embeddable":true,"href":"https:\/\/ddt.lv\/lv\/wp-json\/wp\/v2\/yst_prominent_words?post=29620"}],"curies":[{"name":"wp","href":"https:\/\/api.w.org\/{rel}","templated":true}]}}