{"id":29618,"date":"2021-11-10T15:00:18","date_gmt":"2021-11-10T13:00:18","guid":{"rendered":"https:\/\/ddt.lv\/lv\/product\/virtene-party-50led-2-25w-10x-bumbas-baltas-ww-ip44-5m-emos\/"},"modified":"2026-04-01T00:20:58","modified_gmt":"2026-03-31T21:20:58","slug":"virtene-party-50led-2-25w-10x-bumbas-baltas-ww-ip44-5m-emos","status":"publish","type":"product","link":"https:\/\/ddt.lv\/lv\/product\/virtene-party-50led-2-25w-10x-bumbas-baltas-ww-ip44-5m-emos\/","title":{"rendered":"Virtene Party 50LED 2.25W 10x bumbas baltas WW IP44 5m EMOS"},"content":{"rendered":"<p>LED gaismas avots.<br \/>\nLED daudzums 50.<br \/>\nKabe\u013ca garums 5 m.<br \/>\nMelna stieples kr\u0101sa.<br \/>\nJauda 5 W.<br \/>\nIeejas spriegums 230 V AC.<br \/>\n24 V l\u012bdzstr\u0101vas izejas spriegums.<br \/>\nAizsardz\u012bbas pak\u0101pe IP44.<br \/>\nKalpo\u0161anas laiks 10 000 stundas.<\/p>\n<p><\/p>","protected":false},"excerpt":{"rendered":"<p>LED gaismas avots. LED daudzums 50. Kabe\u013ca garums 5 m. Melna stieples kr\u0101sa. Jauda 5 W. Ieejas spriegums 230 V AC. 24 V l\u012bdzstr\u0101vas izejas spriegums. Aizsardz\u012bbas pak\u0101pe IP44. Kalpo\u0161anas laiks 10 000 stundas.<\/p>\n","protected":false},"featured_media":29624,"comment_status":"closed","ping_status":"closed","template":"","meta":{"inline_featured_image":false},"product_cat":[1587,772,912],"product_tag":[],"yst_prominent_words":[],"class_list":{"0":"post-29618","1":"product","2":"type-product","3":"status-publish","4":"has-post-thumbnail","6":"product_cat-apgaismojums-virtenes","7":"product_cat-atlaides","8":"product_cat-ara-virtenes","10":"first","11":"instock","12":"sale","13":"taxable","14":"shipping-taxable","15":"purchasable","16":"product-type-simple"},"jetpack_sharing_enabled":true,"_links":{"self":[{"href":"https:\/\/ddt.lv\/lv\/wp-json\/wp\/v2\/product\/29618"}],"collection":[{"href":"https:\/\/ddt.lv\/lv\/wp-json\/wp\/v2\/product"}],"about":[{"href":"https:\/\/ddt.lv\/lv\/wp-json\/wp\/v2\/types\/product"}],"replies":[{"embeddable":true,"href":"https:\/\/ddt.lv\/lv\/wp-json\/wp\/v2\/comments?post=29618"}],"wp:featuredmedia":[{"embeddable":true,"href":"https:\/\/ddt.lv\/lv\/wp-json\/wp\/v2\/media\/29624"}],"wp:attachment":[{"href":"https:\/\/ddt.lv\/lv\/wp-json\/wp\/v2\/media?parent=29618"}],"wp:term":[{"taxonomy":"product_cat","embeddable":true,"href":"https:\/\/ddt.lv\/lv\/wp-json\/wp\/v2\/product_cat?post=29618"},{"taxonomy":"product_tag","embeddable":true,"href":"https:\/\/ddt.lv\/lv\/wp-json\/wp\/v2\/product_tag?post=29618"},{"taxonomy":"yst_prominent_words","embeddable":true,"href":"https:\/\/ddt.lv\/lv\/wp-json\/wp\/v2\/yst_prominent_words?post=29618"}],"curies":[{"name":"wp","href":"https:\/\/api.w.org\/{rel}","templated":true}]}}