{"id":29617,"date":"2021-11-10T15:00:18","date_gmt":"2021-11-10T13:00:18","guid":{"rendered":"https:\/\/ddt.lv\/lv\/product\/virtene-party-16led-6w-16xbumbas-caurspidigas-ip44-3-6m-emos\/"},"modified":"2026-04-22T08:45:54","modified_gmt":"2026-04-22T05:45:54","slug":"virtene-party-16led-6w-16xbumbas-caurspidigas-ip44-3-6m-emos","status":"publish","type":"product","link":"https:\/\/ddt.lv\/lv\/product\/virtene-party-16led-6w-16xbumbas-caurspidigas-ip44-3-6m-emos\/","title":{"rendered":"Virtene Party 16LED 6W 16xbumbas caursp\u012bd\u012bgas IP44 3.6m EMOS"},"content":{"rendered":"<p>\u0100r\u0113jai un iek\u0161\u0113jai lieto\u0161anai.<br \/>\nStr\u0101vas tipa mai\u0146str\u0101vas adapteris.<br \/>\nLED daudzums 16.<br \/>\nKabe\u013ca garums 5 m.<br \/>\nCaursp\u012bd\u012bga kabe\u013ca kr\u0101sa.<br \/>\nJauda 6 W.<br \/>\nIeejas spriegums 230 V AC.<br \/>\nIzejas spriegums 30 V DC.<br \/>\nAizsardz\u012bbas pak\u0101pe IP44.<br \/>\nKalpo\u0161anas laiks 10 000 stundas.<\/p>\n<p><\/p>","protected":false},"excerpt":{"rendered":"<p>\u0100r\u0113jai un iek\u0161\u0113jai lieto\u0161anai. Str\u0101vas tipa mai\u0146str\u0101vas adapteris. LED daudzums 16. Kabe\u013ca garums 5 m. Caursp\u012bd\u012bga kabe\u013ca kr\u0101sa. Jauda 6 W. Ieejas spriegums 230 V AC. Izejas spriegums 30 V DC. Aizsardz\u012bbas pak\u0101pe IP44. Kalpo\u0161anas laiks 10 000 stundas.<\/p>\n","protected":false},"featured_media":29631,"comment_status":"closed","ping_status":"closed","template":"","meta":{"inline_featured_image":false},"product_cat":[1587,772,912],"product_tag":[],"yst_prominent_words":[],"class_list":{"0":"post-29617","1":"product","2":"type-product","3":"status-publish","4":"has-post-thumbnail","6":"product_cat-apgaismojums-virtenes","7":"product_cat-atlaides","8":"product_cat-ara-virtenes","10":"first","11":"instock","12":"sale","13":"taxable","14":"shipping-taxable","15":"purchasable","16":"product-type-simple"},"jetpack_sharing_enabled":true,"_links":{"self":[{"href":"https:\/\/ddt.lv\/lv\/wp-json\/wp\/v2\/product\/29617"}],"collection":[{"href":"https:\/\/ddt.lv\/lv\/wp-json\/wp\/v2\/product"}],"about":[{"href":"https:\/\/ddt.lv\/lv\/wp-json\/wp\/v2\/types\/product"}],"replies":[{"embeddable":true,"href":"https:\/\/ddt.lv\/lv\/wp-json\/wp\/v2\/comments?post=29617"}],"wp:featuredmedia":[{"embeddable":true,"href":"https:\/\/ddt.lv\/lv\/wp-json\/wp\/v2\/media\/29631"}],"wp:attachment":[{"href":"https:\/\/ddt.lv\/lv\/wp-json\/wp\/v2\/media?parent=29617"}],"wp:term":[{"taxonomy":"product_cat","embeddable":true,"href":"https:\/\/ddt.lv\/lv\/wp-json\/wp\/v2\/product_cat?post=29617"},{"taxonomy":"product_tag","embeddable":true,"href":"https:\/\/ddt.lv\/lv\/wp-json\/wp\/v2\/product_tag?post=29617"},{"taxonomy":"yst_prominent_words","embeddable":true,"href":"https:\/\/ddt.lv\/lv\/wp-json\/wp\/v2\/yst_prominent_words?post=29617"}],"curies":[{"name":"wp","href":"https:\/\/api.w.org\/{rel}","templated":true}]}}