{"id":29615,"date":"2021-11-10T15:00:16","date_gmt":"2021-11-10T13:00:16","guid":{"rendered":"https:\/\/ddt.lv\/lv\/product\/powerbank-20-000-mah-74-wh-micro-usb-usb-c-balts-alphaq-emos-2\/"},"modified":"2026-04-13T10:00:41","modified_gmt":"2026-04-13T07:00:41","slug":"powerbank-20-000-mah-74-wh-micro-usb-usb-c-balts-alphaq-emos-2","status":"publish","type":"product","link":"https:\/\/ddt.lv\/lv\/product\/powerbank-20-000-mah-74-wh-micro-usb-usb-c-balts-alphaq-emos-2\/","title":{"rendered":"Powerbank 20 000 mAh\/74 Wh Micro USB\/USB-C balts ALPHAQ EMOS"},"content":{"rendered":"<p>Auto ON \/ OFF.<br \/>\nAkumulatora jauda 20 000 mAh \/ 74 Wh.<br \/>\n3,7 V Li-Po akumulatora tips.<br \/>\nMaks. izejas str\u0101va 2 100 mA \/ 5 V DC.<br \/>\nUzl\u0101des laiks 12 stundas.<br \/>\nBalta kr\u0101sa.<br \/>\nLED uzl\u0101des indikators .<br \/>\nLED akumulatora st\u0101vok\u013ca indikators .<br \/>\nIek\u013cauts 2-in-1 USB-A \/ USB-C kabelis.<br \/>\nKop\u0113j\u0101 izejas str\u0101va 2 100 mA \/ 5 V DC.<br \/>\nSvars 386 g.<br \/>\nMateri\u0101ls ABS plastmasa.<br \/>\nMaks. ieejas str\u0101va 2000 mA \/ 5 V DC.<br \/>\nZemsprieguma aizsardz\u012bba .<br \/>\nP\u0101rslodzes aizsardz\u012bba.<br \/>\n\u012assavienojuma aizsardz\u012bba .<br \/>\nDarba temperat\u016bra no 0\u00b0C l\u012bdz +40\u00b0C.<br \/>\nIevades interfeisa tips 1 \u00d7 mikro USB, 1 \u00d7 USB-C.<br \/>\nIzejas interfeisa tips 2 \u00d7 USB-A, 1 \u00d7 USB-C.<br \/>\nIzm\u0113ri 154 \u00d7 64 \u00d7 25 mm.<\/p>","protected":false},"excerpt":{"rendered":"<p>Auto ON \/ OFF. Akumulatora jauda 20 000 mAh \/ 74 Wh. 3,7 V Li-Po akumulatora tips. Maks. izejas str\u0101va 2 100 mA \/ 5 V DC. Uzl\u0101des laiks 12 stundas. Balta kr\u0101sa. LED uzl\u0101des indikators . LED akumulatora st\u0101vok\u013ca indikators . Iek\u013cauts 2-in-1 USB-A \/ USB-C kabelis. Kop\u0113j\u0101 izejas str\u0101va 2 100 mA \/ [&hellip;]<\/p>\n","protected":false},"featured_media":29645,"comment_status":"closed","ping_status":"closed","template":"","meta":{"inline_featured_image":false},"product_cat":[460],"product_tag":[],"yst_prominent_words":[],"class_list":{"0":"post-29615","1":"product","2":"type-product","3":"status-publish","4":"has-post-thumbnail","6":"product_cat-uzlades-stacijas","8":"first","9":"outofstock","10":"taxable","11":"shipping-taxable","12":"purchasable","13":"product-type-simple"},"jetpack_sharing_enabled":true,"_links":{"self":[{"href":"https:\/\/ddt.lv\/lv\/wp-json\/wp\/v2\/product\/29615"}],"collection":[{"href":"https:\/\/ddt.lv\/lv\/wp-json\/wp\/v2\/product"}],"about":[{"href":"https:\/\/ddt.lv\/lv\/wp-json\/wp\/v2\/types\/product"}],"replies":[{"embeddable":true,"href":"https:\/\/ddt.lv\/lv\/wp-json\/wp\/v2\/comments?post=29615"}],"wp:featuredmedia":[{"embeddable":true,"href":"https:\/\/ddt.lv\/lv\/wp-json\/wp\/v2\/media\/29645"}],"wp:attachment":[{"href":"https:\/\/ddt.lv\/lv\/wp-json\/wp\/v2\/media?parent=29615"}],"wp:term":[{"taxonomy":"product_cat","embeddable":true,"href":"https:\/\/ddt.lv\/lv\/wp-json\/wp\/v2\/product_cat?post=29615"},{"taxonomy":"product_tag","embeddable":true,"href":"https:\/\/ddt.lv\/lv\/wp-json\/wp\/v2\/product_tag?post=29615"},{"taxonomy":"yst_prominent_words","embeddable":true,"href":"https:\/\/ddt.lv\/lv\/wp-json\/wp\/v2\/yst_prominent_words?post=29615"}],"curies":[{"name":"wp","href":"https:\/\/api.w.org\/{rel}","templated":true}]}}