{"id":29613,"date":"2021-11-10T15:00:14","date_gmt":"2021-11-10T13:00:14","guid":{"rendered":"https:\/\/ddt.lv\/lv\/product\/led-gls-a60-e27-9w-230v-806lm-4100k-iep-6-gb-spuldze-emos\/"},"modified":"2026-04-13T10:00:55","modified_gmt":"2026-04-13T07:00:55","slug":"led-gls-a60-e27-9w-230v-806lm-4100k-iep-6-gb-spuldze-emos","status":"publish","type":"product","link":"https:\/\/ddt.lv\/lv\/product\/led-gls-a60-e27-9w-230v-806lm-4100k-iep-6-gb-spuldze-emos\/","title":{"rendered":"LED GLS A60 E27 9W 230V 806lm 4100K  iep 6 gb spuldze EMOS"},"content":{"rendered":"<p>EMOS LED spuldzes ZQ5141.6 m\u016bsu m\u0101j\u0101s tiks izmantotas bie\u017e\u0101k nek\u0101 jebkuras citas. Ne t\u0101p\u0113c, ka t\u0101s b\u016btu tik bie\u017ei j\u0101maina, bet t\u0101p\u0113c, ka t\u0101s pie\u0161\u0137ir dz\u012bv\u012bbu liel\u0101kajai da\u013cai m\u016bsu sienas un griestu lampu. Tie ir izgatavoti ar E27 ligzdu, ar klasisku bumbiera formu (A60) un neitr\u0101lu baltu gaismu (4100 K). Pateicoties \u0161im komplektam, spuldz\u012btes ieg\u0101de vairs nesag\u0101d\u0101 galvass\u0101pes.<\/p>","protected":false},"excerpt":{"rendered":"<p>EMOS LED spuldzes ZQ5141.6 m\u016bsu m\u0101j\u0101s tiks izmantotas bie\u017e\u0101k nek\u0101 jebkuras citas. Ne t\u0101p\u0113c, ka t\u0101s b\u016btu tik bie\u017ei j\u0101maina, bet t\u0101p\u0113c, ka t\u0101s pie\u0161\u0137ir dz\u012bv\u012bbu liel\u0101kajai da\u013cai m\u016bsu sienas un griestu lampu. Tie ir izgatavoti ar E27 ligzdu, ar klasisku bumbiera formu (A60) un neitr\u0101lu baltu gaismu (4100 K). Pateicoties \u0161im komplektam, spuldz\u012btes ieg\u0101de [&hellip;]<\/p>\n","protected":false},"featured_media":29688,"comment_status":"closed","ping_status":"closed","template":"","meta":{"inline_featured_image":false},"product_cat":[850],"product_tag":[],"yst_prominent_words":[],"class_list":{"0":"post-29613","1":"product","2":"type-product","3":"status-publish","4":"has-post-thumbnail","6":"product_cat-e27-spuldzes","8":"first","9":"outofstock","10":"taxable","11":"shipping-taxable","12":"purchasable","13":"product-type-simple"},"jetpack_sharing_enabled":true,"_links":{"self":[{"href":"https:\/\/ddt.lv\/lv\/wp-json\/wp\/v2\/product\/29613"}],"collection":[{"href":"https:\/\/ddt.lv\/lv\/wp-json\/wp\/v2\/product"}],"about":[{"href":"https:\/\/ddt.lv\/lv\/wp-json\/wp\/v2\/types\/product"}],"replies":[{"embeddable":true,"href":"https:\/\/ddt.lv\/lv\/wp-json\/wp\/v2\/comments?post=29613"}],"wp:featuredmedia":[{"embeddable":true,"href":"https:\/\/ddt.lv\/lv\/wp-json\/wp\/v2\/media\/29688"}],"wp:attachment":[{"href":"https:\/\/ddt.lv\/lv\/wp-json\/wp\/v2\/media?parent=29613"}],"wp:term":[{"taxonomy":"product_cat","embeddable":true,"href":"https:\/\/ddt.lv\/lv\/wp-json\/wp\/v2\/product_cat?post=29613"},{"taxonomy":"product_tag","embeddable":true,"href":"https:\/\/ddt.lv\/lv\/wp-json\/wp\/v2\/product_tag?post=29613"},{"taxonomy":"yst_prominent_words","embeddable":true,"href":"https:\/\/ddt.lv\/lv\/wp-json\/wp\/v2\/yst_prominent_words?post=29613"}],"curies":[{"name":"wp","href":"https:\/\/api.w.org\/{rel}","templated":true}]}}