{"id":29612,"date":"2021-11-10T14:50:27","date_gmt":"2021-11-10T12:50:27","guid":{"rendered":"https:\/\/ddt.lv\/lv\/product\/led-g9-3-5w-230v-330lm-4100k-spuldze-emos\/"},"modified":"2026-04-01T00:20:58","modified_gmt":"2026-03-31T21:20:58","slug":"led-g9-3-5w-230v-330lm-4100k-spuldze-emos","status":"publish","type":"product","link":"https:\/\/ddt.lv\/lv\/product\/led-g9-3-5w-230v-330lm-4100k-spuldze-emos\/","title":{"rendered":"LED G9 3.5W 230V 330lm 4100K spuldze EMOS"},"content":{"rendered":"<p>ligzda G9.<br \/>\nkr\u0101sa ir dabiski balta.<br \/>\nnomai\u0146a 30 W.<br \/>\nelektroener\u0123ijas pat\u0113ri\u0146\u0161 3,5 W.<br \/>\ngaismas pl\u016bsma 330 lm.<br \/>\nforma JC.<br \/>\nkr\u0101su temperat\u016bra 4 100 K.<br \/>\nspriegums 230 V ~ \/ 50 Hz.<br \/>\nstara le\u0146\u0137is 300\u00b0.<br \/>\nkr\u0101su render\u0113\u0161anas indekss (CRI) Ra&gt; 80.<br \/>\nkalpo\u0161anas laiks 30 000 stundas.<br \/>\ntehnolo\u0123ija LED.<br \/>\np\u0101rsl\u0113g\u0161anas ciklu skaits 25 000.<\/p>","protected":false},"excerpt":{"rendered":"<p>ligzda G9. kr\u0101sa ir dabiski balta. nomai\u0146a 30 W. elektroener\u0123ijas pat\u0113ri\u0146\u0161 3,5 W. gaismas pl\u016bsma 330 lm. forma JC. kr\u0101su temperat\u016bra 4 100 K. spriegums 230 V ~ \/ 50 Hz. stara le\u0146\u0137is 300\u00b0. kr\u0101su render\u0113\u0161anas indekss (CRI) Ra&gt; 80. kalpo\u0161anas laiks 30 000 stundas. tehnolo\u0123ija LED. p\u0101rsl\u0113g\u0161anas ciklu skaits 25 000.<\/p>\n","protected":false},"featured_media":29692,"comment_status":"closed","ping_status":"closed","template":"","meta":{"inline_featured_image":false},"product_cat":[854],"product_tag":[],"yst_prominent_words":[],"class_list":{"0":"post-29612","1":"product","2":"type-product","3":"status-publish","4":"has-post-thumbnail","6":"product_cat-g9-spuldzes","8":"first","9":"outofstock","10":"taxable","11":"shipping-taxable","12":"purchasable","13":"product-type-simple"},"jetpack_sharing_enabled":true,"_links":{"self":[{"href":"https:\/\/ddt.lv\/lv\/wp-json\/wp\/v2\/product\/29612"}],"collection":[{"href":"https:\/\/ddt.lv\/lv\/wp-json\/wp\/v2\/product"}],"about":[{"href":"https:\/\/ddt.lv\/lv\/wp-json\/wp\/v2\/types\/product"}],"replies":[{"embeddable":true,"href":"https:\/\/ddt.lv\/lv\/wp-json\/wp\/v2\/comments?post=29612"}],"wp:featuredmedia":[{"embeddable":true,"href":"https:\/\/ddt.lv\/lv\/wp-json\/wp\/v2\/media\/29692"}],"wp:attachment":[{"href":"https:\/\/ddt.lv\/lv\/wp-json\/wp\/v2\/media?parent=29612"}],"wp:term":[{"taxonomy":"product_cat","embeddable":true,"href":"https:\/\/ddt.lv\/lv\/wp-json\/wp\/v2\/product_cat?post=29612"},{"taxonomy":"product_tag","embeddable":true,"href":"https:\/\/ddt.lv\/lv\/wp-json\/wp\/v2\/product_tag?post=29612"},{"taxonomy":"yst_prominent_words","embeddable":true,"href":"https:\/\/ddt.lv\/lv\/wp-json\/wp\/v2\/yst_prominent_words?post=29612"}],"curies":[{"name":"wp","href":"https:\/\/api.w.org\/{rel}","templated":true}]}}