{"id":29607,"date":"2021-11-10T14:50:23","date_gmt":"2021-11-10T12:50:23","guid":{"rendered":"https:\/\/ddt.lv\/lv\/product\/led-ball-filament-e27-2w-240v-250lm-2700k-spuldze-emos\/"},"modified":"2026-04-01T00:20:41","modified_gmt":"2026-03-31T21:20:41","slug":"led-ball-filament-e27-2w-240v-250lm-2700k-spuldze-emos","status":"publish","type":"product","link":"https:\/\/ddt.lv\/lv\/product\/led-ball-filament-e27-2w-240v-250lm-2700k-spuldze-emos\/","title":{"rendered":"LED BALL FILAMENT E27 2W 240V 250lm 2700K spuldze EMOS"},"content":{"rendered":"<p>ligzda E27.<br \/>\nkr\u0101sa ir silti balta.<br \/>\nnomai\u0146a 25 W.<br \/>\npat\u0113ri\u0146\u0161 2W.<br \/>\ngaismas pl\u016bsma 250 lm.<br \/>\nMini Globe.<br \/>\nkr\u0101su temperat\u016bra 2700 K.<br \/>\nspriegums 230 V ~ \/ 50 Hz.<br \/>\nstara le\u0146\u0137is 360\u00b0.<br \/>\nkr\u0101su render\u0113\u0161anas indekss (CRI) Ra&gt; 80.<br \/>\nener\u0123ijas klase (no 1.921.1) E.<br \/>\nkalpo\u0161anas laiks 25 000 stundas.<br \/>\ntehnolo\u0123ija LED.<br \/>\nmikrosh\u0113mas veids COB.<br \/>\njaudas koeficients 0,4.<br \/>\np\u0101rsl\u0113g\u0161anas ciklu skaits 15 000.<\/p>","protected":false},"excerpt":{"rendered":"<p>ligzda E27. kr\u0101sa ir silti balta. nomai\u0146a 25 W. pat\u0113ri\u0146\u0161 2W. gaismas pl\u016bsma 250 lm. Mini Globe. kr\u0101su temperat\u016bra 2700 K. spriegums 230 V ~ \/ 50 Hz. stara le\u0146\u0137is 360\u00b0. kr\u0101su render\u0113\u0161anas indekss (CRI) Ra&gt; 80. ener\u0123ijas klase (no 1.921.1) E. kalpo\u0161anas laiks 25 000 stundas. tehnolo\u0123ija LED. mikrosh\u0113mas veids COB. jaudas koeficients 0,4. [&hellip;]<\/p>\n","protected":false},"featured_media":29705,"comment_status":"closed","ping_status":"closed","template":"","meta":{"inline_featured_image":false},"product_cat":[925],"product_tag":[],"yst_prominent_words":[],"class_list":{"0":"post-29607","1":"product","2":"type-product","3":"status-publish","4":"has-post-thumbnail","6":"product_cat-filament-tipa-spuldzes","8":"first","9":"outofstock","10":"taxable","11":"shipping-taxable","12":"purchasable","13":"product-type-simple"},"jetpack_sharing_enabled":true,"_links":{"self":[{"href":"https:\/\/ddt.lv\/lv\/wp-json\/wp\/v2\/product\/29607"}],"collection":[{"href":"https:\/\/ddt.lv\/lv\/wp-json\/wp\/v2\/product"}],"about":[{"href":"https:\/\/ddt.lv\/lv\/wp-json\/wp\/v2\/types\/product"}],"replies":[{"embeddable":true,"href":"https:\/\/ddt.lv\/lv\/wp-json\/wp\/v2\/comments?post=29607"}],"wp:featuredmedia":[{"embeddable":true,"href":"https:\/\/ddt.lv\/lv\/wp-json\/wp\/v2\/media\/29705"}],"wp:attachment":[{"href":"https:\/\/ddt.lv\/lv\/wp-json\/wp\/v2\/media?parent=29607"}],"wp:term":[{"taxonomy":"product_cat","embeddable":true,"href":"https:\/\/ddt.lv\/lv\/wp-json\/wp\/v2\/product_cat?post=29607"},{"taxonomy":"product_tag","embeddable":true,"href":"https:\/\/ddt.lv\/lv\/wp-json\/wp\/v2\/product_tag?post=29607"},{"taxonomy":"yst_prominent_words","embeddable":true,"href":"https:\/\/ddt.lv\/lv\/wp-json\/wp\/v2\/yst_prominent_words?post=29607"}],"curies":[{"name":"wp","href":"https:\/\/api.w.org\/{rel}","templated":true}]}}