{"id":29606,"date":"2021-11-10T14:50:22","date_gmt":"2021-11-10T12:50:22","guid":{"rendered":"https:\/\/ddt.lv\/lv\/product\/galda-lampa-jasmine-ar-knagi-6w-led-360lm-ip20-dim-nw-balta-emos\/"},"modified":"2026-04-13T09:56:22","modified_gmt":"2026-04-13T06:56:22","slug":"galda-lampa-jasmine-ar-knagi-6w-led-360lm-ip20-dim-nw-balta-emos","status":"publish","type":"product","link":"https:\/\/ddt.lv\/lv\/product\/galda-lampa-jasmine-ar-knagi-6w-led-360lm-ip20-dim-nw-balta-emos\/","title":{"rendered":"Galda lampa JASMINE ar kna\u0123i 6W LED 360lm IP20 DIM balta EMOS"},"content":{"rendered":"<p>Aptum\u0161ojam\u012bba \/ 4 cikli.<br \/>\nbaro\u0161anas avots 12 V \/ 360 mA.<br \/>\nkr\u0101sa balta.<br \/>\ngaismas pl\u016bsma 360 lm.<br \/>\nener\u0123ijas pat\u0113ri\u0146\u0161 6 W.<br \/>\nNav USB porta.<br \/>\nbaro\u0161anas bloks.<br \/>\nbaro\u0161anas avota veids elektrot\u012bkls.<br \/>\nstr\u0101vas vada garums 1,8 m.<br \/>\nkr\u0101su render\u0113\u0161anas indekss (CRI) Ra&gt; 80.<br \/>\naizsardz\u012bba IP20.<br \/>\nmateri\u0101ls plastmasa .<br \/>\nspriegums 220-240 V.<br \/>\nkr\u0101su temperat\u016bra 5000 K.<br \/>\nkalpo\u0161anas laiks 30 000 stundas.<\/p>\n<p><\/p>","protected":false},"excerpt":{"rendered":"<p>Aptum\u0161ojam\u012bba \/ 4 cikli. baro\u0161anas avots 12 V \/ 360 mA. kr\u0101sa balta. gaismas pl\u016bsma 360 lm. ener\u0123ijas pat\u0113ri\u0146\u0161 6 W. Nav USB porta. baro\u0161anas bloks. baro\u0161anas avota veids elektrot\u012bkls. str\u0101vas vada garums 1,8 m. kr\u0101su render\u0113\u0161anas indekss (CRI) Ra&gt; 80. aizsardz\u012bba IP20. materi\u0101ls plastmasa . spriegums 220-240 V. kr\u0101su temperat\u016bra 5000 K. kalpo\u0161anas laiks [&hellip;]<\/p>\n","protected":false},"featured_media":29712,"comment_status":"closed","ping_status":"closed","template":"","meta":{"inline_featured_image":false},"product_cat":[1292,746],"product_tag":[],"yst_prominent_words":[],"class_list":{"0":"post-29606","1":"product","2":"type-product","3":"status-publish","4":"has-post-thumbnail","6":"product_cat-galda-lampas-un-stavlampas-apgaismojums","7":"product_cat-pagarinataji-pagarinataji-un-sadalitaji","9":"first","10":"outofstock","11":"taxable","12":"shipping-taxable","13":"purchasable","14":"product-type-simple"},"jetpack_sharing_enabled":true,"_links":{"self":[{"href":"https:\/\/ddt.lv\/lv\/wp-json\/wp\/v2\/product\/29606"}],"collection":[{"href":"https:\/\/ddt.lv\/lv\/wp-json\/wp\/v2\/product"}],"about":[{"href":"https:\/\/ddt.lv\/lv\/wp-json\/wp\/v2\/types\/product"}],"replies":[{"embeddable":true,"href":"https:\/\/ddt.lv\/lv\/wp-json\/wp\/v2\/comments?post=29606"}],"wp:featuredmedia":[{"embeddable":true,"href":"https:\/\/ddt.lv\/lv\/wp-json\/wp\/v2\/media\/29712"}],"wp:attachment":[{"href":"https:\/\/ddt.lv\/lv\/wp-json\/wp\/v2\/media?parent=29606"}],"wp:term":[{"taxonomy":"product_cat","embeddable":true,"href":"https:\/\/ddt.lv\/lv\/wp-json\/wp\/v2\/product_cat?post=29606"},{"taxonomy":"product_tag","embeddable":true,"href":"https:\/\/ddt.lv\/lv\/wp-json\/wp\/v2\/product_tag?post=29606"},{"taxonomy":"yst_prominent_words","embeddable":true,"href":"https:\/\/ddt.lv\/lv\/wp-json\/wp\/v2\/yst_prominent_words?post=29606"}],"curies":[{"name":"wp","href":"https:\/\/api.w.org\/{rel}","templated":true}]}}