{"id":29605,"date":"2021-11-10T14:50:22","date_gmt":"2021-11-10T12:50:22","guid":{"rendered":"https:\/\/ddt.lv\/lv\/product\/led-globe-g120-e27-18w-230v-1521lm-2700k-spuldze-emos\/"},"modified":"2026-04-01T00:12:24","modified_gmt":"2026-03-31T21:12:24","slug":"led-globe-g120-e27-18w-230v-1521lm-2700k-spuldze-emos","status":"publish","type":"product","link":"https:\/\/ddt.lv\/lv\/product\/led-globe-g120-e27-18w-230v-1521lm-2700k-spuldze-emos\/","title":{"rendered":"LED GLOBE G120 E27 18W 230V 1521lm 2700K spuldze EMOS"},"content":{"rendered":"<p>ligzda E27.<br \/>\nkr\u0101sa ir silti balta.<br \/>\nnomai\u0146a 100 W.<br \/>\nelektroener\u0123ijas pat\u0113ri\u0146\u0161 18 W.<br \/>\ngaismas pl\u016bsma 1521 lm.<br \/>\nkr\u0101su temperat\u016bra 2700 K.<br \/>\nspriegums 230 V ~ \/ 50 Hz.<br \/>\nstara le\u0146\u0137is 300\u00b0.<br \/>\nkr\u0101su render\u0113\u0161anas indekss (CRI) Ra&gt; 80.<br \/>\nener\u0123ijas klase (no 20.9.9.1.) F.<br \/>\nkalpo\u0161anas laiks 30 000 stundas.<br \/>\ntehnolo\u0123ija LED.<br \/>\nmikrosh\u0113mas tips 2835.<br \/>\njaudas koeficients 0,5.<br \/>\np\u0101rsl\u0113g\u0161anas ciklu skaits 25 000.<\/p>","protected":false},"excerpt":{"rendered":"<p>ligzda E27. kr\u0101sa ir silti balta. nomai\u0146a 100 W. elektroener\u0123ijas pat\u0113ri\u0146\u0161 18 W. gaismas pl\u016bsma 1521 lm. kr\u0101su temperat\u016bra 2700 K. spriegums 230 V ~ \/ 50 Hz. stara le\u0146\u0137is 300\u00b0. kr\u0101su render\u0113\u0161anas indekss (CRI) Ra&gt; 80. ener\u0123ijas klase (no 20.9.9.1.) F. kalpo\u0161anas laiks 30 000 stundas. tehnolo\u0123ija LED. mikrosh\u0113mas tips 2835. jaudas koeficients 0,5. [&hellip;]<\/p>\n","protected":false},"featured_media":29709,"comment_status":"closed","ping_status":"closed","template":"","meta":{"inline_featured_image":false},"product_cat":[850],"product_tag":[],"yst_prominent_words":[],"class_list":{"0":"post-29605","1":"product","2":"type-product","3":"status-publish","4":"has-post-thumbnail","6":"product_cat-e27-spuldzes","8":"first","9":"outofstock","10":"taxable","11":"shipping-taxable","12":"purchasable","13":"product-type-simple"},"jetpack_sharing_enabled":true,"_links":{"self":[{"href":"https:\/\/ddt.lv\/lv\/wp-json\/wp\/v2\/product\/29605"}],"collection":[{"href":"https:\/\/ddt.lv\/lv\/wp-json\/wp\/v2\/product"}],"about":[{"href":"https:\/\/ddt.lv\/lv\/wp-json\/wp\/v2\/types\/product"}],"replies":[{"embeddable":true,"href":"https:\/\/ddt.lv\/lv\/wp-json\/wp\/v2\/comments?post=29605"}],"wp:featuredmedia":[{"embeddable":true,"href":"https:\/\/ddt.lv\/lv\/wp-json\/wp\/v2\/media\/29709"}],"wp:attachment":[{"href":"https:\/\/ddt.lv\/lv\/wp-json\/wp\/v2\/media?parent=29605"}],"wp:term":[{"taxonomy":"product_cat","embeddable":true,"href":"https:\/\/ddt.lv\/lv\/wp-json\/wp\/v2\/product_cat?post=29605"},{"taxonomy":"product_tag","embeddable":true,"href":"https:\/\/ddt.lv\/lv\/wp-json\/wp\/v2\/product_tag?post=29605"},{"taxonomy":"yst_prominent_words","embeddable":true,"href":"https:\/\/ddt.lv\/lv\/wp-json\/wp\/v2\/yst_prominent_words?post=29605"}],"curies":[{"name":"wp","href":"https:\/\/api.w.org\/{rel}","templated":true}]}}