{"id":29549,"date":"2021-11-09T14:00:24","date_gmt":"2021-11-09T12:00:24","guid":{"rendered":"https:\/\/ddt.lv\/lv\/product\/29549\/"},"modified":"2026-04-01T00:20:57","modified_gmt":"2026-03-31T21:20:57","slug":"29549","status":"publish","type":"product","link":"https:\/\/ddt.lv\/lv\/product\/wifi-pludu-detektors-ip67-1xcr2-fontastic\/","title":{"rendered":"WiFi Pl\u016bdu detektors IP67 1xCR2 Fontastic"},"content":{"rendered":"<p>Fontastic vied\u0101s m\u0101jas \u016bdens sensors br\u012bdina j\u016bs, kad \u016bdens izpl\u016bst. t\u0101 konstat\u0113 \u016bdens nopl\u016bdi, pirms rodas lieli boj\u0101jumi. Neatkar\u012bgi no t\u0101, vai esat m\u0101j\u0101s vai ce\u013c\u0101 &#8211; j\u016bs nekav\u0113joties vizu\u0101li inform\u0113sit ar LED un push pazi\u0146ojumu pal\u012bdz\u012bbu. Sensoru ir viegli uzst\u0101d\u012bt, un tas ir viegli savienojams ar j\u016bsu m\u0101jas Wi-Fi, izmantojot FontaHome lietotnes. Varat apvienot Fontastic Smart Home Sensor ar cit\u0101m Fontastic Smart Home ier\u012bc\u0113m un vad\u012bt to, izmantojot iOS un Android ier\u012bc\u0113m paredz\u0113to lietotni FontHome.<\/p>\n<p><\/p>","protected":false},"excerpt":{"rendered":"<p>Fontastic vied\u0101s m\u0101jas \u016bdens sensors br\u012bdina j\u016bs, kad \u016bdens izpl\u016bst. t\u0101 konstat\u0113 \u016bdens nopl\u016bdi, pirms rodas lieli boj\u0101jumi. Neatkar\u012bgi no t\u0101, vai esat m\u0101j\u0101s vai ce\u013c\u0101 &#8211; j\u016bs nekav\u0113joties vizu\u0101li inform\u0113sit ar LED un push pazi\u0146ojumu pal\u012bdz\u012bbu. Sensoru ir viegli uzst\u0101d\u012bt, un tas ir viegli savienojams ar j\u016bsu m\u0101jas Wi-Fi, izmantojot FontaHome lietotnes. Varat apvienot [&hellip;]<\/p>\n","protected":false},"featured_media":29554,"comment_status":"closed","ping_status":"closed","template":"","meta":{"inline_featured_image":false},"product_cat":[542],"product_tag":[],"yst_prominent_words":[],"class_list":{"0":"post-29549","1":"product","2":"type-product","3":"status-publish","4":"has-post-thumbnail","6":"product_cat-dumu-detektori","8":"first","9":"outofstock","10":"taxable","11":"shipping-taxable","12":"purchasable","13":"product-type-simple"},"jetpack_sharing_enabled":true,"_links":{"self":[{"href":"https:\/\/ddt.lv\/lv\/wp-json\/wp\/v2\/product\/29549"}],"collection":[{"href":"https:\/\/ddt.lv\/lv\/wp-json\/wp\/v2\/product"}],"about":[{"href":"https:\/\/ddt.lv\/lv\/wp-json\/wp\/v2\/types\/product"}],"replies":[{"embeddable":true,"href":"https:\/\/ddt.lv\/lv\/wp-json\/wp\/v2\/comments?post=29549"}],"wp:featuredmedia":[{"embeddable":true,"href":"https:\/\/ddt.lv\/lv\/wp-json\/wp\/v2\/media\/29554"}],"wp:attachment":[{"href":"https:\/\/ddt.lv\/lv\/wp-json\/wp\/v2\/media?parent=29549"}],"wp:term":[{"taxonomy":"product_cat","embeddable":true,"href":"https:\/\/ddt.lv\/lv\/wp-json\/wp\/v2\/product_cat?post=29549"},{"taxonomy":"product_tag","embeddable":true,"href":"https:\/\/ddt.lv\/lv\/wp-json\/wp\/v2\/product_tag?post=29549"},{"taxonomy":"yst_prominent_words","embeddable":true,"href":"https:\/\/ddt.lv\/lv\/wp-json\/wp\/v2\/yst_prominent_words?post=29549"}],"curies":[{"name":"wp","href":"https:\/\/api.w.org\/{rel}","templated":true}]}}