{"id":29548,"date":"2021-11-09T14:00:24","date_gmt":"2021-11-09T12:00:24","guid":{"rendered":"https:\/\/ddt.lv\/lv\/product\/29548\/"},"modified":"2026-04-13T10:00:55","modified_gmt":"2026-04-13T07:00:55","slug":"29548","status":"publish","type":"product","link":"https:\/\/ddt.lv\/lv\/product\/wi-fi-signalizacijas-sirena-90db-fontastic\/","title":{"rendered":"Wi-Fi signaliz\u0101cijas sir\u0113na 90dB Fontastic"},"content":{"rendered":"<p>Kompakt\u0101 Fontastic Smart Home iek\u0161telpu sir\u0113na, signaliz\u0113 akustiski un vizu\u0101li jebk\u0101du briesmu gad\u012bjum\u0101. Tas kalpo k\u0101 papildu sign\u0101la raid\u012bt\u0101js visiem pievienotajiem Fontastic vied\u0101s m\u0101jas sensoriem. Ir pieejamas 10 da\u017e\u0101das ska\u0146as, kuras var pie\u0161\u0137irt individu\u0101li. Sabot\u0101\u017eas aizsardz\u012bba nodro\u0161ina, ka iesp\u0113jam\u0101 manipul\u0101cija ar sir\u0113nu tiek paman\u012bta nekav\u0113joties. Baro\u0161ana tiek nodro\u0161in\u0101ta ar baterij\u0101m vai integr\u0113to Mini USB portu. Sir\u0113nas sensoru ir viegli uzst\u0101d\u012bt, un tas ir viegli savienojams ar j\u016bsu m\u0101jas Wi-Fi, izmantojot FontaHome lietotnes. Varat apvienot kust\u012bbas sensoru ar cit\u0101m Fontastic Smart Home ier\u012bc\u0113m un vad\u012bt to, izmantojot iOS un Android ier\u012bc\u0113m paredz\u0113to lietotni FontHome.<\/p>","protected":false},"excerpt":{"rendered":"<p>Kompakt\u0101 Fontastic Smart Home iek\u0161telpu sir\u0113na, signaliz\u0113 akustiski un vizu\u0101li jebk\u0101du briesmu gad\u012bjum\u0101. Tas kalpo k\u0101 papildu sign\u0101la raid\u012bt\u0101js visiem pievienotajiem Fontastic vied\u0101s m\u0101jas sensoriem. Ir pieejamas 10 da\u017e\u0101das ska\u0146as, kuras var pie\u0161\u0137irt individu\u0101li. Sabot\u0101\u017eas aizsardz\u012bba nodro\u0161ina, ka iesp\u0113jam\u0101 manipul\u0101cija ar sir\u0113nu tiek paman\u012bta nekav\u0113joties. Baro\u0161ana tiek nodro\u0161in\u0101ta ar baterij\u0101m vai integr\u0113to Mini USB portu. [&hellip;]<\/p>\n","protected":false},"featured_media":29551,"comment_status":"closed","ping_status":"closed","template":"","meta":{"inline_featured_image":false},"product_cat":[926],"product_tag":[],"yst_prominent_words":[],"class_list":{"0":"post-29548","1":"product","2":"type-product","3":"status-publish","4":"has-post-thumbnail","6":"product_cat-domofoni","8":"first","9":"instock","10":"taxable","11":"shipping-taxable","12":"purchasable","13":"product-type-simple"},"jetpack_sharing_enabled":true,"_links":{"self":[{"href":"https:\/\/ddt.lv\/lv\/wp-json\/wp\/v2\/product\/29548"}],"collection":[{"href":"https:\/\/ddt.lv\/lv\/wp-json\/wp\/v2\/product"}],"about":[{"href":"https:\/\/ddt.lv\/lv\/wp-json\/wp\/v2\/types\/product"}],"replies":[{"embeddable":true,"href":"https:\/\/ddt.lv\/lv\/wp-json\/wp\/v2\/comments?post=29548"}],"wp:featuredmedia":[{"embeddable":true,"href":"https:\/\/ddt.lv\/lv\/wp-json\/wp\/v2\/media\/29551"}],"wp:attachment":[{"href":"https:\/\/ddt.lv\/lv\/wp-json\/wp\/v2\/media?parent=29548"}],"wp:term":[{"taxonomy":"product_cat","embeddable":true,"href":"https:\/\/ddt.lv\/lv\/wp-json\/wp\/v2\/product_cat?post=29548"},{"taxonomy":"product_tag","embeddable":true,"href":"https:\/\/ddt.lv\/lv\/wp-json\/wp\/v2\/product_tag?post=29548"},{"taxonomy":"yst_prominent_words","embeddable":true,"href":"https:\/\/ddt.lv\/lv\/wp-json\/wp\/v2\/yst_prominent_words?post=29548"}],"curies":[{"name":"wp","href":"https:\/\/api.w.org\/{rel}","templated":true}]}}