{"id":29547,"date":"2021-11-09T14:00:23","date_gmt":"2021-11-09T12:00:23","guid":{"rendered":"https:\/\/ddt.lv\/lv\/product\/wi-fi-signalizacijas-kustibas-sensors-7m-110-fontastic\/"},"modified":"2026-04-13T10:00:54","modified_gmt":"2026-04-13T07:00:54","slug":"wi-fi-signalizacijas-kustibas-sensors-7m-110-fontastic","status":"publish","type":"product","link":"https:\/\/ddt.lv\/lv\/product\/wi-fi-signalizacijas-kustibas-sensors-7m-110-fontastic\/","title":{"rendered":"Wi-Fi signaliz\u0101cijas kust\u012bbas sensors 7m 110\u00b0 Fontastic"},"content":{"rendered":"<p>Kompaktaj\u0101 dizain\u0101 Fontastic Smart Home kust\u012bbu detektors ir integr\u0113ts jebkur\u0101 viet\u0101. Pateicoties augstajam 7 metru diapazonam un uztver\u0161anas le\u0146\u0137im virs 110\u00b0, tas inform\u0113 j\u016bs par jebkuru kust\u012bbu. Neatkar\u012bgi no t\u0101, vai esat m\u0101j\u0101s vai ce\u013c\u0101 &#8211; j\u016bs nekav\u0113joties vizu\u0101li inform\u0113sit ar LED un push pazi\u0146ojumu pal\u012bdz\u012bbu. Varat izmantot Fontahome Apps, lai programm\u0113tu (IFTTT) un veiktu papildu darb\u012bbas. Sensoru ir viegli uzst\u0101d\u012bt, un tas ir viegli savienojams ar j\u016bsu m\u0101jas Wi-Fi, izmantojot FontaHome lietotnes. Varat apvienot kust\u012bbas sensoru ar cit\u0101m Fontastic Smart Home ier\u012bc\u0113m un vad\u012bt to, izmantojot iOS un Android ier\u012bc\u0113m paredz\u0113to lietotni FontHome.<\/p>\n<p><a href=\"https:\/\/ddt.lv\/wp-content\/uploads\/2021\/11\/man_253966.pdf\">man_253966<\/a><\/p>","protected":false},"excerpt":{"rendered":"<p>Kompaktaj\u0101 dizain\u0101 Fontastic Smart Home kust\u012bbu detektors ir integr\u0113ts jebkur\u0101 viet\u0101. Pateicoties augstajam 7 metru diapazonam un uztver\u0161anas le\u0146\u0137im virs 110\u00b0, tas inform\u0113 j\u016bs par jebkuru kust\u012bbu. Neatkar\u012bgi no t\u0101, vai esat m\u0101j\u0101s vai ce\u013c\u0101 &#8211; j\u016bs nekav\u0113joties vizu\u0101li inform\u0113sit ar LED un push pazi\u0146ojumu pal\u012bdz\u012bbu. Varat izmantot Fontahome Apps, lai programm\u0113tu (IFTTT) un veiktu [&hellip;]<\/p>\n","protected":false},"featured_media":29558,"comment_status":"closed","ping_status":"closed","template":"","meta":{"inline_featured_image":false},"product_cat":[926],"product_tag":[],"yst_prominent_words":[],"class_list":{"0":"post-29547","1":"product","2":"type-product","3":"status-publish","4":"has-post-thumbnail","6":"product_cat-domofoni","8":"first","9":"instock","10":"taxable","11":"shipping-taxable","12":"purchasable","13":"product-type-simple"},"jetpack_sharing_enabled":true,"_links":{"self":[{"href":"https:\/\/ddt.lv\/lv\/wp-json\/wp\/v2\/product\/29547"}],"collection":[{"href":"https:\/\/ddt.lv\/lv\/wp-json\/wp\/v2\/product"}],"about":[{"href":"https:\/\/ddt.lv\/lv\/wp-json\/wp\/v2\/types\/product"}],"replies":[{"embeddable":true,"href":"https:\/\/ddt.lv\/lv\/wp-json\/wp\/v2\/comments?post=29547"}],"wp:featuredmedia":[{"embeddable":true,"href":"https:\/\/ddt.lv\/lv\/wp-json\/wp\/v2\/media\/29558"}],"wp:attachment":[{"href":"https:\/\/ddt.lv\/lv\/wp-json\/wp\/v2\/media?parent=29547"}],"wp:term":[{"taxonomy":"product_cat","embeddable":true,"href":"https:\/\/ddt.lv\/lv\/wp-json\/wp\/v2\/product_cat?post=29547"},{"taxonomy":"product_tag","embeddable":true,"href":"https:\/\/ddt.lv\/lv\/wp-json\/wp\/v2\/product_tag?post=29547"},{"taxonomy":"yst_prominent_words","embeddable":true,"href":"https:\/\/ddt.lv\/lv\/wp-json\/wp\/v2\/yst_prominent_words?post=29547"}],"curies":[{"name":"wp","href":"https:\/\/api.w.org\/{rel}","templated":true}]}}