{"id":29546,"date":"2021-11-09T14:00:22","date_gmt":"2021-11-09T12:00:22","guid":{"rendered":"https:\/\/ddt.lv\/lv\/product\/wi-fi-rozete-a-z-3680w-16a-balta-fontastic\/"},"modified":"2026-04-08T14:40:50","modified_gmt":"2026-04-08T11:40:50","slug":"wi-fi-rozete-a-z-3680w-16a-balta-fontastic","status":"publish","type":"product","link":"https:\/\/ddt.lv\/lv\/product\/wi-fi-rozete-a-z-3680w-16a-balta-fontastic\/","title":{"rendered":"Wi-Fi Rozete a\/z 3680W 16A balta Fontastic"},"content":{"rendered":"<p>Wi-Fi viedligzda \u013cauj kontrol\u0113t<br \/>\npiesl\u0113gtas ier\u012bces bezvadu re\u017e\u012bm\u0101, izmantojot lietotni<br \/>\nvai ier\u012bces pogu.<br \/>\nIzmantojot lietotni FontaHome, j\u016bs varat kontrol\u0113t<br \/>\nvisas sader\u012bg\u0101s vied\u0101s m\u0101jas ier\u012bces vis\u0101 pasaul\u0113<br \/>\ncaur m\u0101koni bez sare\u017e\u0123\u012bt\u0101m konfigur\u0101cij\u0101m<br \/>\nun var integr\u0113t pievienot\u0101s ier\u012bces ar<br \/>\ntre\u0161o pu\u0161u pakalpojumiem.<br \/>\nLietot\u0146u funkcijas, piem\u0113ram, taimeri, atpaka\u013cskait\u012b\u0161ana un<br \/>\nainas, k\u0101 ar\u012b koplietot ier\u012bces ar \u0123imeni<br \/>\nun draugiem, vienk\u0101r\u0161ojiet ier\u012b\u010du darb\u012bbu.<br \/>\nSader\u012bgs ar Android, iOS, Alexa, Google Assistant.<\/p>","protected":false},"excerpt":{"rendered":"<p>Wi-Fi viedligzda \u013cauj kontrol\u0113t piesl\u0113gtas ier\u012bces bezvadu re\u017e\u012bm\u0101, izmantojot lietotni vai ier\u012bces pogu. Izmantojot lietotni FontaHome, j\u016bs varat kontrol\u0113t visas sader\u012bg\u0101s vied\u0101s m\u0101jas ier\u012bces vis\u0101 pasaul\u0113 caur m\u0101koni bez sare\u017e\u0123\u012bt\u0101m konfigur\u0101cij\u0101m un var integr\u0113t pievienot\u0101s ier\u012bces ar tre\u0161o pu\u0161u pakalpojumiem. Lietot\u0146u funkcijas, piem\u0113ram, taimeri, atpaka\u013cskait\u012b\u0161ana un ainas, k\u0101 ar\u012b koplietot ier\u012bces ar \u0123imeni un draugiem, [&hellip;]<\/p>\n","protected":false},"featured_media":29559,"comment_status":"closed","ping_status":"closed","template":"","meta":{"inline_featured_image":false},"product_cat":[1301],"product_tag":[],"yst_prominent_words":[],"class_list":{"0":"post-29546","1":"product","2":"type-product","3":"status-publish","4":"has-post-thumbnail","6":"product_cat-rozetes","8":"first","9":"instock","10":"taxable","11":"shipping-taxable","12":"purchasable","13":"product-type-simple"},"jetpack_sharing_enabled":true,"_links":{"self":[{"href":"https:\/\/ddt.lv\/lv\/wp-json\/wp\/v2\/product\/29546"}],"collection":[{"href":"https:\/\/ddt.lv\/lv\/wp-json\/wp\/v2\/product"}],"about":[{"href":"https:\/\/ddt.lv\/lv\/wp-json\/wp\/v2\/types\/product"}],"replies":[{"embeddable":true,"href":"https:\/\/ddt.lv\/lv\/wp-json\/wp\/v2\/comments?post=29546"}],"wp:featuredmedia":[{"embeddable":true,"href":"https:\/\/ddt.lv\/lv\/wp-json\/wp\/v2\/media\/29559"}],"wp:attachment":[{"href":"https:\/\/ddt.lv\/lv\/wp-json\/wp\/v2\/media?parent=29546"}],"wp:term":[{"taxonomy":"product_cat","embeddable":true,"href":"https:\/\/ddt.lv\/lv\/wp-json\/wp\/v2\/product_cat?post=29546"},{"taxonomy":"product_tag","embeddable":true,"href":"https:\/\/ddt.lv\/lv\/wp-json\/wp\/v2\/product_tag?post=29546"},{"taxonomy":"yst_prominent_words","embeddable":true,"href":"https:\/\/ddt.lv\/lv\/wp-json\/wp\/v2\/yst_prominent_words?post=29546"}],"curies":[{"name":"wp","href":"https:\/\/api.w.org\/{rel}","templated":true}]}}