{"id":29545,"date":"2021-11-09T13:50:25","date_gmt":"2021-11-09T11:50:25","guid":{"rendered":"https:\/\/ddt.lv\/lv\/product\/wi-fi-signala-pastiprinatajs-2-4-ghz-300mbps-fontastic\/"},"modified":"2026-04-13T10:00:54","modified_gmt":"2026-04-13T07:00:54","slug":"wi-fi-signala-pastiprinatajs-2-4-ghz-300mbps-fontastic","status":"publish","type":"product","link":"https:\/\/ddt.lv\/lv\/product\/wi-fi-signala-pastiprinatajs-2-4-ghz-300mbps-fontastic\/","title":{"rendered":"Wi-Fi sign\u0101la pastiprin\u0101t\u0101js 2.4 Ghz 300Mbps Fontastic"},"content":{"rendered":"<p>Kompakts WiFi atk\u0101rtot\u0101js eso\u0161\u0101 WiFi t\u012bkla diapazona palielin\u0101\u0161anai. Papildus atk\u0101rtot\u0101ja funkcijai ier\u012bci var izmantot ar\u012b k\u0101 piek\u013cuves punktu; tas izveido neatkar\u012bgu WiFi t\u012bklu eso\u0161aj\u0101 vadu t\u012bkl\u0101. Ier\u012bces, kas nav apr\u012bkotas ar Wi-Fi, var integr\u0113t WiFi, izmantojot t\u012bkla savienojumu. T\u0101 atbalsta IPv6 interneta protokolu un taj\u0101 ir integr\u0113ts DHCP serveris. Iestat\u012b\u0161ana ir diezgan vienk\u0101r\u0161a, atk\u0101rtot\u0101js autom\u0101tiski (izmantojot WPS) savienojas ar mar\u0161rut\u0113t\u0101ju, nospie\u017eot pogu, un p\u0113c da\u017e\u0101m sekund\u0113m izveido savu bezvadu t\u012bklu. Retranslators ir konfigur\u0113ts, izmantojot \u0113rtu p\u0101rl\u016bkprogrammas lietot\u0101ja interfeisu.<br \/>\nTehniskie dati:<br \/>\n\u2022 Ieejas spriegums: 100-240V~ 50\/60Hz.<br \/>\n\u2022 Frekven\u010du diapazons: 2400\u20132483,5 MHz (2,4 GHz).<br \/>\n\u2022 Divas 3dBi daudzvirzienu antenas.<br \/>\n\u2022 Viens 100 Mbit\/s Fast Ethernet t\u012bkla savienojums.<br \/>\n\u2022 WiFi standarts: 802.11b\/g\/n ar WEP\/WPA-PSK\/WPA2-PSK.<br \/>\n\u2022 Statusa gaismas diode: zila (var izsl\u0113gt).<br \/>\n\u2022 Atjaunin\u0101ma programmaparat\u016bra.<br \/>\n\u2022 Izm\u0113ri: 42x42x68mm.<br \/>\n\u2022 Svars: 46g.<\/p>\n<p><\/p>","protected":false},"excerpt":{"rendered":"<p>Kompakts WiFi atk\u0101rtot\u0101js eso\u0161\u0101 WiFi t\u012bkla diapazona palielin\u0101\u0161anai. Papildus atk\u0101rtot\u0101ja funkcijai ier\u012bci var izmantot ar\u012b k\u0101 piek\u013cuves punktu; tas izveido neatkar\u012bgu WiFi t\u012bklu eso\u0161aj\u0101 vadu t\u012bkl\u0101. Ier\u012bces, kas nav apr\u012bkotas ar Wi-Fi, var integr\u0113t WiFi, izmantojot t\u012bkla savienojumu. T\u0101 atbalsta IPv6 interneta protokolu un taj\u0101 ir integr\u0113ts DHCP serveris. Iestat\u012b\u0161ana ir diezgan vienk\u0101r\u0161a, atk\u0101rtot\u0101js autom\u0101tiski [&hellip;]<\/p>\n","protected":false},"featured_media":29561,"comment_status":"closed","ping_status":"closed","template":"","meta":{"inline_featured_image":false},"product_cat":[926],"product_tag":[],"yst_prominent_words":[],"class_list":{"0":"post-29545","1":"product","2":"type-product","3":"status-publish","4":"has-post-thumbnail","6":"product_cat-domofoni","8":"first","9":"outofstock","10":"taxable","11":"shipping-taxable","12":"purchasable","13":"product-type-simple"},"jetpack_sharing_enabled":true,"_links":{"self":[{"href":"https:\/\/ddt.lv\/lv\/wp-json\/wp\/v2\/product\/29545"}],"collection":[{"href":"https:\/\/ddt.lv\/lv\/wp-json\/wp\/v2\/product"}],"about":[{"href":"https:\/\/ddt.lv\/lv\/wp-json\/wp\/v2\/types\/product"}],"replies":[{"embeddable":true,"href":"https:\/\/ddt.lv\/lv\/wp-json\/wp\/v2\/comments?post=29545"}],"wp:featuredmedia":[{"embeddable":true,"href":"https:\/\/ddt.lv\/lv\/wp-json\/wp\/v2\/media\/29561"}],"wp:attachment":[{"href":"https:\/\/ddt.lv\/lv\/wp-json\/wp\/v2\/media?parent=29545"}],"wp:term":[{"taxonomy":"product_cat","embeddable":true,"href":"https:\/\/ddt.lv\/lv\/wp-json\/wp\/v2\/product_cat?post=29545"},{"taxonomy":"product_tag","embeddable":true,"href":"https:\/\/ddt.lv\/lv\/wp-json\/wp\/v2\/product_tag?post=29545"},{"taxonomy":"yst_prominent_words","embeddable":true,"href":"https:\/\/ddt.lv\/lv\/wp-json\/wp\/v2\/yst_prominent_words?post=29545"}],"curies":[{"name":"wp","href":"https:\/\/api.w.org\/{rel}","templated":true}]}}