{"id":29544,"date":"2021-11-09T13:50:24","date_gmt":"2021-11-09T11:50:24","guid":{"rendered":"https:\/\/ddt.lv\/lv\/product\/wi-fi-durvju-logu-sensors-1xcr2-fontastic\/"},"modified":"2026-04-13T10:00:54","modified_gmt":"2026-04-13T07:00:54","slug":"wi-fi-durvju-logu-sensors-1xcr2-fontastic","status":"publish","type":"product","link":"https:\/\/ddt.lv\/lv\/product\/wi-fi-durvju-logu-sensors-1xcr2-fontastic\/","title":{"rendered":"Wi-Fi durvju\/logu sensors (1xCR2) Fontastic"},"content":{"rendered":"<p>Atpaz\u012bt, kad tiek atv\u0113rtas vai aizv\u0113rtas durvis vai logs. J\u016bs zin\u0101t, ja k\u0101ds ien\u0101k j\u016bsu m\u0101j\u0101s vai vienk\u0101r\u0161i uzrauga jut\u012bg\u0101s zonas. Neatkar\u012bgi no t\u0101, vai esat m\u0101j\u0101s vai ce\u013c\u0101 &#8211; j\u016bs nekav\u0113joties vizu\u0101li inform\u0113sit ar LED un push pazi\u0146ojumu pal\u012bdz\u012bbu. Varat izmantot Fontahome Apps, lai programm\u0113tu (IFTTT) un veiktu papildu darb\u012bbas. Sensoru ir viegli uzst\u0101d\u012bt, un tas ir viegli savienojams ar j\u016bsu m\u0101jas Wi-Fi, izmantojot FontaHome lietotnes. Varat apvienot Fontastic Smart Sensor ar cit\u0101m Fontastic Smart Home ier\u012bc\u0113m un vad\u012bt to, izmantojot iOS un Android ier\u012bc\u0113m paredz\u0113to lietotni FontHome.<br \/>\nTehniskie dati:<br \/>\n\u2022 WiFi standarts: 4. paaudze (2,4 GHz), darb\u012bbas r\u0101diuss 45 m<br \/>\n\u2022 Baro\u0161ana: 1 x Baterija CR2-3V<br \/>\n\u2022 Akumulatora darb\u012bbas laiks: 2 gadi<br \/>\n\u2022 Jaudas pat\u0113ri\u0146\u0161 gaidst\u0101ves re\u017e\u012bm\u0101: 10\u03bcA<br \/>\n\u2022 Darba temperat\u016bra: 0\u00b0C &#8211; 40\u00b0C<br \/>\n\u2022 Darba mitrums: 20% &#8211; 85%.<br \/>\n\u2022 Izm\u0113ri: 72 x 32 x 25 mm \/ 40 x 11 x 11 mm<\/p>\n<p><\/p>","protected":false},"excerpt":{"rendered":"<p>Atpaz\u012bt, kad tiek atv\u0113rtas vai aizv\u0113rtas durvis vai logs. J\u016bs zin\u0101t, ja k\u0101ds ien\u0101k j\u016bsu m\u0101j\u0101s vai vienk\u0101r\u0161i uzrauga jut\u012bg\u0101s zonas. Neatkar\u012bgi no t\u0101, vai esat m\u0101j\u0101s vai ce\u013c\u0101 &#8211; j\u016bs nekav\u0113joties vizu\u0101li inform\u0113sit ar LED un push pazi\u0146ojumu pal\u012bdz\u012bbu. Varat izmantot Fontahome Apps, lai programm\u0113tu (IFTTT) un veiktu papildu darb\u012bbas. Sensoru ir viegli uzst\u0101d\u012bt, [&hellip;]<\/p>\n","protected":false},"featured_media":29565,"comment_status":"closed","ping_status":"closed","template":"","meta":{"inline_featured_image":false},"product_cat":[926],"product_tag":[],"yst_prominent_words":[],"class_list":{"0":"post-29544","1":"product","2":"type-product","3":"status-publish","4":"has-post-thumbnail","6":"product_cat-domofoni","8":"first","9":"instock","10":"taxable","11":"shipping-taxable","12":"purchasable","13":"product-type-simple"},"jetpack_sharing_enabled":true,"_links":{"self":[{"href":"https:\/\/ddt.lv\/lv\/wp-json\/wp\/v2\/product\/29544"}],"collection":[{"href":"https:\/\/ddt.lv\/lv\/wp-json\/wp\/v2\/product"}],"about":[{"href":"https:\/\/ddt.lv\/lv\/wp-json\/wp\/v2\/types\/product"}],"replies":[{"embeddable":true,"href":"https:\/\/ddt.lv\/lv\/wp-json\/wp\/v2\/comments?post=29544"}],"wp:featuredmedia":[{"embeddable":true,"href":"https:\/\/ddt.lv\/lv\/wp-json\/wp\/v2\/media\/29565"}],"wp:attachment":[{"href":"https:\/\/ddt.lv\/lv\/wp-json\/wp\/v2\/media?parent=29544"}],"wp:term":[{"taxonomy":"product_cat","embeddable":true,"href":"https:\/\/ddt.lv\/lv\/wp-json\/wp\/v2\/product_cat?post=29544"},{"taxonomy":"product_tag","embeddable":true,"href":"https:\/\/ddt.lv\/lv\/wp-json\/wp\/v2\/product_tag?post=29544"},{"taxonomy":"yst_prominent_words","embeddable":true,"href":"https:\/\/ddt.lv\/lv\/wp-json\/wp\/v2\/yst_prominent_words?post=29544"}],"curies":[{"name":"wp","href":"https:\/\/api.w.org\/{rel}","templated":true}]}}