{"id":29543,"date":"2021-11-09T13:50:24","date_gmt":"2021-11-09T11:50:24","guid":{"rendered":"https:\/\/ddt.lv\/lv\/product\/wifi-led-gls-e27-10w-1050lm-rgb-ww-spuldze-fontastic\/"},"modified":"2026-04-08T14:40:49","modified_gmt":"2026-04-08T11:40:49","slug":"wifi-led-gls-e27-10w-1050lm-rgb-ww-spuldze-fontastic","status":"publish","type":"product","link":"https:\/\/ddt.lv\/lv\/product\/wifi-led-gls-e27-10w-1050lm-rgb-ww-spuldze-fontastic\/","title":{"rendered":"WiFi LED GLS E27 10W 1050lm RGB+WW spuldze Fontastic"},"content":{"rendered":"<p>FontaHome LED spuldze ir ar Wi-Fi vad\u0101m\u012bbu. Izmantojot\u00a0Lietotni FontaHome, kas atrodama gan &#8220;Google play store&#8221;, gan Apple App Store vai ar\u012b noskan\u0113jot QR kodu lieto\u0161anas instrukcij\u0101 spuldzi var kontrol\u0113t gan mainot gaismas spilgtumu (Dimm\u0113t) gan mainot gaismas kr\u0101su k\u0101d\u0101 no 16 miljoniem kr\u0101su p\u0113c J\u016bsu izv\u0113les. Pateicoties spuldzes gaismas diod\u0113m, t\u0101 ir \u013coti energoefekt\u012bva, kas ir ne\u00a0tikai ar labv\u0113l\u012bgu ietekmi uz vidi, bet ar\u012b ietaupa j\u016bsu naudu. Gaismas diodes ir iztur\u012bgas pret triecieniem un vibr\u0101ciju sal\u012bdzin\u0101jum\u0101 ar parastaj\u0101m kv\u0113ldiega spuldz\u0113m. Spuldzi var uzst\u0101d\u012bt standarta E27 ligzd\u0101s, kas \u013cauj viegli aizvietot parasto kv\u0113lspuldzi.<br \/>\nIzmantojot lietotni FontaHome atrodama, J\u016bs varat kontrol\u0113t un vad\u012bt ne tikai vienu, bet ar\u012b vair\u0101kas spuldzes. Varat t\u0101s grup\u0113t, kas \u013cauj kontrol\u0113t spuldzes vis\u0101 \u0113k\u0101 t\u0101s attiec\u012bgi mar\u0137\u0113jot sav\u0101 aplik\u0101cij\u0101. Izmantojot IFTTT, ir iesp\u0113ja iestat\u012bt laika grafikus, lai spuldzes tiktu iesl\u0113gtas iepriek\u0161 noteikt\u0101 laik\u0101 un izmantotu citus iepriek\u0161 izv\u0113l\u0113tus nosac\u012bjumus.<br \/>\nTehniskie dati:<br \/>\n\u2022 Gaismas tonis : RGB + W2700K Silti balta<br \/>\n\u2022 16 miljoni kr\u0101su<br \/>\n\u2022 Kr\u0101su atveides indekss: Ra&gt;80<br \/>\n\u2022 Dimm\u0113jama izmantojot aplik\u0101ciju.<br \/>\n\u2022 Wi-Fi vad\u012bba, izmantojot lietotni FontaHome<br \/>\n\u2022 Darba spriegums: 220-240V<br \/>\n\u2022 Ener\u0123ijas pat\u0113ri\u0146\u0161: 10W<br \/>\n\u2022 Jaudas ekvivalents sal\u012bdzin\u0101jum\u0101 ar kv\u0113lspuldzi: 60W<br \/>\n\u2022 Gaismas jauda: 1050lm<br \/>\n\u2022 Gaismas efektivit\u0101te: 105lm\/W<br \/>\n\u2022 Stara le\u0146\u0137is: 200\u00b0<br \/>\n\u2022 Energoefektivit\u0101tes klase: A+<br \/>\n\u2022 Ener\u0123ijas pat\u0113ri\u0146\u0161 gad\u0101: 5kWh\/1000h<br \/>\n\u2022 Kalpo\u0161anas laiks: 30 000 stundas.<br \/>\n\u2022 Dizains (kolbas tips): A70<br \/>\n\u2022 Kontaktligzda: E27<br \/>\n\u2022 Materi\u0101ls: plastika<br \/>\n\u2022 Izm\u0113rs: 70mm x 133mm<br \/>\n\u2022 Svars: 65g<\/p>","protected":false},"excerpt":{"rendered":"<p>FontaHome LED spuldze ir ar Wi-Fi vad\u0101m\u012bbu. Izmantojot\u00a0Lietotni FontaHome, kas atrodama gan &#8220;Google play store&#8221;, gan Apple App Store vai ar\u012b noskan\u0113jot QR kodu lieto\u0161anas instrukcij\u0101 spuldzi var kontrol\u0113t gan mainot gaismas spilgtumu (Dimm\u0113t) gan mainot gaismas kr\u0101su k\u0101d\u0101 no 16 miljoniem kr\u0101su p\u0113c J\u016bsu izv\u0113les. Pateicoties spuldzes gaismas diod\u0113m, t\u0101 ir \u013coti energoefekt\u012bva, kas [&hellip;]<\/p>\n","protected":false},"featured_media":29568,"comment_status":"closed","ping_status":"closed","template":"","meta":{"inline_featured_image":false},"product_cat":[1299],"product_tag":[],"yst_prominent_words":[],"class_list":{"0":"post-29543","1":"product","2":"type-product","3":"status-publish","4":"has-post-thumbnail","6":"product_cat-viedas-spuldzes","8":"first","9":"instock","10":"taxable","11":"shipping-taxable","12":"purchasable","13":"product-type-simple"},"jetpack_sharing_enabled":true,"_links":{"self":[{"href":"https:\/\/ddt.lv\/lv\/wp-json\/wp\/v2\/product\/29543"}],"collection":[{"href":"https:\/\/ddt.lv\/lv\/wp-json\/wp\/v2\/product"}],"about":[{"href":"https:\/\/ddt.lv\/lv\/wp-json\/wp\/v2\/types\/product"}],"replies":[{"embeddable":true,"href":"https:\/\/ddt.lv\/lv\/wp-json\/wp\/v2\/comments?post=29543"}],"wp:featuredmedia":[{"embeddable":true,"href":"https:\/\/ddt.lv\/lv\/wp-json\/wp\/v2\/media\/29568"}],"wp:attachment":[{"href":"https:\/\/ddt.lv\/lv\/wp-json\/wp\/v2\/media?parent=29543"}],"wp:term":[{"taxonomy":"product_cat","embeddable":true,"href":"https:\/\/ddt.lv\/lv\/wp-json\/wp\/v2\/product_cat?post=29543"},{"taxonomy":"product_tag","embeddable":true,"href":"https:\/\/ddt.lv\/lv\/wp-json\/wp\/v2\/product_tag?post=29543"},{"taxonomy":"yst_prominent_words","embeddable":true,"href":"https:\/\/ddt.lv\/lv\/wp-json\/wp\/v2\/yst_prominent_words?post=29543"}],"curies":[{"name":"wp","href":"https:\/\/api.w.org\/{rel}","templated":true}]}}