{"id":29542,"date":"2021-11-09T13:50:24","date_gmt":"2021-11-09T11:50:24","guid":{"rendered":"https:\/\/ddt.lv\/lv\/product\/wifi-led-retro-filament-st64-e27-5w-500lm-2200k-spuldze-fontastic\/"},"modified":"2026-04-08T14:40:49","modified_gmt":"2026-04-08T11:40:49","slug":"wifi-led-retro-filament-st64-e27-5w-500lm-2200k-spuldze-fontastic","status":"publish","type":"product","link":"https:\/\/ddt.lv\/lv\/product\/wifi-led-retro-filament-st64-e27-5w-500lm-2200k-spuldze-fontastic\/","title":{"rendered":"WiFi LED Retro Filament ST64 E27 5W 500lm 2200K spuldze Fontastic"},"content":{"rendered":"<p>FontaHome LED spuldze ir veidota retro Edison dizain\u0101 ar Wi-Fi vad\u0101m\u012bbu. Spuldzi var iesl\u0113gt un izsl\u0113gt, main\u012bt gaismas intensit\u0101ti, spilgtumu (Dimm\u0113t), izmantojot\u00a0Lietotni FontaHome, kas atrodama gan &#8220;Google play store&#8221;, gan Apple App Store vai ar\u012b noskan\u0113jot QR kodu lieto\u0161anas instrukcij\u0101. Pateicoties spuldzes gaismas diod\u0113m,\u00a0kas veidotas t\u0101, lai izskat\u012btos k\u0101 kv\u0113ldiegi, t\u0101 ir \u013coti energoefekt\u012bva, kas ir ne\u00a0tikai ar labv\u0113l\u012bgu ietekmi uz vidi, bet ar\u012b ietaupa j\u016bsu naudu. Gaismas diodes ir iztur\u012bgas pret triecieniem un vibr\u0101ciju sal\u012bdzin\u0101jum\u0101 ar parastaj\u0101m kv\u0113ldiega spuldz\u0113m. Spuldzi var uzst\u0101d\u012bt standarta E27 ligzd\u0101s, kas \u013cauj viegli aizvietot parasto kv\u0113lspuldzi.<br \/>\nIzmantojot lietotni FontaHome atrodama, J\u016bs varat kontrol\u0113t un vad\u012bt ne tikai vienu, bet ar\u012b vair\u0101kas spuldzes. Varat t\u0101s grup\u0113t, kas \u013cauj kontrol\u0113t spuldzes vis\u0101 \u0113k\u0101 t\u0101s attiec\u012bgi mar\u0137\u0113jot sav\u0101 lietotn\u0113. Izmantojot IFTTT, ir iesp\u0113ja iestat\u012bt laika grafikus, lai spuldzes tiktu iesl\u0113gtas iepriek\u0161 noteikt\u0101 laik\u0101.<br \/>\nTehniskie dati:<br \/>\n\u2022 Gaismas tonis : W2200K Silti balta<br \/>\n\u2022 Kr\u0101su atveides indekss: Ra&gt;80<br \/>\n\u2022 Dimm\u0113jama izmantojot aplik\u0101ciju.<br \/>\n\u2022 Wi-Fi vad\u012bba, izmantojot lietotni FontaHome<br \/>\n\u2022 Darba spriegums: 220-240V<br \/>\n\u2022 Ener\u0123ijas pat\u0113ri\u0146\u0161: 5W<br \/>\n\u2022 Jaudas ekvivalents sal\u012bdzin\u0101jum\u0101 ar kv\u0113lspuldzi: 40W<br \/>\n\u2022 Gaismas jauda: 500lm<br \/>\n\u2022 Gaismas efektivit\u0101te: 100lm\/W<br \/>\n\u2022 Stara le\u0146\u0137is: 330\u00b0<br \/>\n\u2022 Energoefektivit\u0101tes klase: A+<br \/>\n\u2022 Ener\u0123ijas pat\u0113ri\u0146\u0161 gad\u0101: 5kWh\/1000h<br \/>\n\u2022 Kalpo\u0161anas laiks: 15 000 Hrs.<br \/>\n\u2022 Dizains (kolbas tips): ST64<br \/>\n\u2022 Kontaktligzda: E27<br \/>\n\u2022 SDCM: &lt;6<br \/>\n\u2022 Materi\u0101ls: stikls<br \/>\n\u2022 Izm\u0113rs: 64mm x 140mm<br \/>\n\u2022 Svars: 50g<\/p>","protected":false},"excerpt":{"rendered":"<p>FontaHome LED spuldze ir veidota retro Edison dizain\u0101 ar Wi-Fi vad\u0101m\u012bbu. Spuldzi var iesl\u0113gt un izsl\u0113gt, main\u012bt gaismas intensit\u0101ti, spilgtumu (Dimm\u0113t), izmantojot\u00a0Lietotni FontaHome, kas atrodama gan &#8220;Google play store&#8221;, gan Apple App Store vai ar\u012b noskan\u0113jot QR kodu lieto\u0161anas instrukcij\u0101. Pateicoties spuldzes gaismas diod\u0113m,\u00a0kas veidotas t\u0101, lai izskat\u012btos k\u0101 kv\u0113ldiegi, t\u0101 ir \u013coti energoefekt\u012bva, kas [&hellip;]<\/p>\n","protected":false},"featured_media":29569,"comment_status":"closed","ping_status":"closed","template":"","meta":{"inline_featured_image":false},"product_cat":[1299],"product_tag":[],"yst_prominent_words":[],"class_list":{"0":"post-29542","1":"product","2":"type-product","3":"status-publish","4":"has-post-thumbnail","6":"product_cat-viedas-spuldzes","8":"first","9":"instock","10":"taxable","11":"shipping-taxable","12":"purchasable","13":"product-type-simple"},"jetpack_sharing_enabled":true,"_links":{"self":[{"href":"https:\/\/ddt.lv\/lv\/wp-json\/wp\/v2\/product\/29542"}],"collection":[{"href":"https:\/\/ddt.lv\/lv\/wp-json\/wp\/v2\/product"}],"about":[{"href":"https:\/\/ddt.lv\/lv\/wp-json\/wp\/v2\/types\/product"}],"replies":[{"embeddable":true,"href":"https:\/\/ddt.lv\/lv\/wp-json\/wp\/v2\/comments?post=29542"}],"wp:featuredmedia":[{"embeddable":true,"href":"https:\/\/ddt.lv\/lv\/wp-json\/wp\/v2\/media\/29569"}],"wp:attachment":[{"href":"https:\/\/ddt.lv\/lv\/wp-json\/wp\/v2\/media?parent=29542"}],"wp:term":[{"taxonomy":"product_cat","embeddable":true,"href":"https:\/\/ddt.lv\/lv\/wp-json\/wp\/v2\/product_cat?post=29542"},{"taxonomy":"product_tag","embeddable":true,"href":"https:\/\/ddt.lv\/lv\/wp-json\/wp\/v2\/product_tag?post=29542"},{"taxonomy":"yst_prominent_words","embeddable":true,"href":"https:\/\/ddt.lv\/lv\/wp-json\/wp\/v2\/yst_prominent_words?post=29542"}],"curies":[{"name":"wp","href":"https:\/\/api.w.org\/{rel}","templated":true}]}}