{"id":29541,"date":"2021-11-09T13:50:23","date_gmt":"2021-11-09T11:50:23","guid":{"rendered":"https:\/\/ddt.lv\/lv\/product\/usb-ladetajs-ultra-fast-3-viet-3-25a-65w-max100-240v-melns-fontastic\/"},"modified":"2026-04-08T14:40:46","modified_gmt":"2026-04-08T11:40:46","slug":"usb-ladetajs-ultra-fast-3-viet-3-25a-65w-max100-240v-melns-fontastic","status":"publish","type":"product","link":"https:\/\/ddt.lv\/lv\/product\/usb-ladetajs-ultra-fast-3-viet-3-25a-65w-max100-240v-melns-fontastic\/","title":{"rendered":"USB l\u0101d\u0113t\u0101js Ultra Fast 3-viet.3.25A (65W max)100-240V melns Fontastic"},"content":{"rendered":"<p>USB \u012bpa\u0161i \u0101trs ce\u013cojumu l\u0101d\u0113t\u0101js &#8220;GaNto<br \/>\n\u012apa\u0161i kompakts, jaud\u012bgs \u0101trais ce\u013cojumu l\u0101d\u0113t\u0101js ar USB-A un diviem USB Type-C\u2122 portiem visu ar C un USB-A sader\u012bgo ier\u012b\u010du \u0101trai uzl\u0101dei. USB-A portam ir \u0101tr\u0101s uzl\u0101des tehnolo\u0123ija, un tas nodro\u0161ina l\u012bdz pat 18 vatiem jaudu. Abiem C tipa piesl\u0113gviet\u0101m ir \u0101tr\u0101 uzl\u0101de un baro\u0161anas padeve, un tie nodro\u0161ina attiec\u012bgi l\u012bdz 27 un 65 vatiem. Ar GaNto ce\u013cojumu l\u0101d\u0113t\u0101ju var vienlaikus uzl\u0101d\u0113t l\u012bdz trim ier\u012bc\u0113m ar zemu siltumu un augstu efektivit\u0101ti. J\u016bsu ier\u012bces tiek ne tikai uzl\u0101d\u0113tas ar maksim\u0101lo uzl\u0101des \u0101trumu, t\u0101s ir ar\u012b labi aizsarg\u0101tas ar GaNto dro\u0161\u012bbas meh\u0101nismiem.<br \/>\nVissvar\u012bg\u0101k\u0101 izmantot\u0101s GaN tehnolo\u0123ijas iez\u012bme ir \u013coti zema siltuma ra\u017eo\u0161ana. Tas nodro\u0161ina \u013coti kompaktu dizainu ar augstu jaudas bl\u012bvumu un jaudu atbilsto\u0161i dro\u0161\u012bbas standartiem.<\/p>\n<p>Tehniskie dati:<\/p>\n<p>    Ieejas spriegums: 110-240V AC 50\/60Hz.<br \/>\n    Izeja USB-A (FC): 5.0V\/3.0A\/15.0W | 9,0 V\/2,0 A\/18,0 W | 12,0 V\/2,5 A\/18,0 W.<br \/>\n    Izejas tips-C1 (PD): 5.0V\/3.0A\/15.0W | 9,0 V\/3,0 A\/27,0 W | 12,0 V\/2,25 A\/27,0 W.<br \/>\n    Izejas tips-C2 (PD): 5.0V\/3.0A\/15.0W | 9,0 V\/3,0 A\/27,0 W | 12,0 V\/3,0 A\/36,0 W | 15,0 V\/3,0 A\/45,0 W | 20,0 V\/3,25 A\/65,0 W.<br \/>\n    Kop\u0113j\u0101 jauda: 65,0 vati.<br \/>\n    Jauda, \u200b\u200bkad visas piesl\u0113gvietas tiek izmantotas vienlaic\u012bgi: 45,0 vati.<br \/>\n    Sader\u012bgas \u0101tr\u0101s uzl\u0101des tehnolo\u0123ijas: Quick Charge 4+, Power Delivery 3.0 (PPS), AFC, FCP.<br \/>\n    Vid\u0113j\u0101 efektivit\u0101te ekspluat\u0101cijas laik\u0101: 84,7%.<br \/>\n    Efektivit\u0101te pie zemas slodzes (10%): 80%.<br \/>\n    Ener\u0123ijas pat\u0113ri\u0146\u0161 bez slodzes: 0,19 W.<br \/>\n    Izm\u0113ri: 107,6&#215;45,6&#215;31 mm (ar mai\u0146str\u0101vas tap\u0101m).<\/p>","protected":false},"excerpt":{"rendered":"<p>USB \u012bpa\u0161i \u0101trs ce\u013cojumu l\u0101d\u0113t\u0101js &#8220;GaNto \u012apa\u0161i kompakts, jaud\u012bgs \u0101trais ce\u013cojumu l\u0101d\u0113t\u0101js ar USB-A un diviem USB Type-C\u2122 portiem visu ar C un USB-A sader\u012bgo ier\u012b\u010du \u0101trai uzl\u0101dei. USB-A portam ir \u0101tr\u0101s uzl\u0101des tehnolo\u0123ija, un tas nodro\u0161ina l\u012bdz pat 18 vatiem jaudu. Abiem C tipa piesl\u0113gviet\u0101m ir \u0101tr\u0101 uzl\u0101de un baro\u0161anas padeve, un tie nodro\u0161ina [&hellip;]<\/p>\n","protected":false},"featured_media":29571,"comment_status":"closed","ping_status":"closed","template":"","meta":{"inline_featured_image":false},"product_cat":[744],"product_tag":[],"yst_prominent_words":[],"class_list":{"0":"post-29541","1":"product","2":"type-product","3":"status-publish","4":"has-post-thumbnail","6":"product_cat-mobilo-telefonu-ladetaji-usb","8":"first","9":"instock","10":"taxable","11":"shipping-taxable","12":"purchasable","13":"product-type-simple"},"jetpack_sharing_enabled":true,"_links":{"self":[{"href":"https:\/\/ddt.lv\/lv\/wp-json\/wp\/v2\/product\/29541"}],"collection":[{"href":"https:\/\/ddt.lv\/lv\/wp-json\/wp\/v2\/product"}],"about":[{"href":"https:\/\/ddt.lv\/lv\/wp-json\/wp\/v2\/types\/product"}],"replies":[{"embeddable":true,"href":"https:\/\/ddt.lv\/lv\/wp-json\/wp\/v2\/comments?post=29541"}],"wp:featuredmedia":[{"embeddable":true,"href":"https:\/\/ddt.lv\/lv\/wp-json\/wp\/v2\/media\/29571"}],"wp:attachment":[{"href":"https:\/\/ddt.lv\/lv\/wp-json\/wp\/v2\/media?parent=29541"}],"wp:term":[{"taxonomy":"product_cat","embeddable":true,"href":"https:\/\/ddt.lv\/lv\/wp-json\/wp\/v2\/product_cat?post=29541"},{"taxonomy":"product_tag","embeddable":true,"href":"https:\/\/ddt.lv\/lv\/wp-json\/wp\/v2\/product_tag?post=29541"},{"taxonomy":"yst_prominent_words","embeddable":true,"href":"https:\/\/ddt.lv\/lv\/wp-json\/wp\/v2\/yst_prominent_words?post=29541"}],"curies":[{"name":"wp","href":"https:\/\/api.w.org\/{rel}","templated":true}]}}