{"id":29539,"date":"2021-11-09T13:50:23","date_gmt":"2021-11-09T11:50:23","guid":{"rendered":"https:\/\/ddt.lv\/lv\/product\/3xusb-type-c-atra-uzlade-25w-rozete-2300w-max100-240v-fontastic\/"},"modified":"2026-04-13T10:00:34","modified_gmt":"2026-04-13T07:00:34","slug":"3xusb-type-c-atra-uzlade-25w-rozete-2300w-max100-240v-fontastic","status":"publish","type":"product","link":"https:\/\/ddt.lv\/lv\/product\/3xusb-type-c-atra-uzlade-25w-rozete-2300w-max100-240v-fontastic\/","title":{"rendered":"3xUSB+Type-C \u0100tr\u0101 uzl\u0101de 25W Rozete (2300W max)100-240V Fontastic"},"content":{"rendered":"<p>Ar \u0161o str\u0101vas kontaktligzdas adapteri neliel\u0101 telp\u0101 vienlaikus baro l\u012bdz 4 USB ier\u012bc\u0113m un vienai 230 voltu ier\u012bcei. Adapterim ir 2 USB-A porti ar Smart IC, k\u0101 ar\u012b USB-A ports ar \u0101tro uzl\u0101di un USB Type-C ports ar Power Delivery uzl\u0101des tehnolo\u0123iju. Izmantojot visus \u010detrus USB portus vienlaikus, ir pieejama 25 vatu jauda. 230 V Schuko kontaktligzdai ir cilpa, un t\u0101 var darbin\u0101t l\u012bdz 2300 vatiem. Adapteris ir aizsarg\u0101ts pret p\u0101rspriegumu un \u012bssavienojumu. Kabe\u013cus, kas pa\u0161laik nav vajadz\u012bgi, var uzt\u012bt korpusa padzi\u013cin\u0101jum\u0101. Izmantojot \u0161o adapteri, nelietojiet vair\u0101kus baro\u0161anas avotus un vair\u0101kus kontaktdak\u0161as.<br \/>\nTehniskie dati:<\/p>\n<p>    Ieeja: 110-240V AC 50\/60Hz 1.0A.<br \/>\n    Izejas tips-C PD: DC 5,0 V 3,0 A \/ 9,0 V 2,22 A \/ 12,0 V 1,67 A maks. 20,0 vati.<br \/>\n    Izeja USB-A FC: DC 5,0 V 3,0 A \/ 9,0 V 2,0 A \/ 12,0 V 1,5 A maks. 18,0 vati.<br \/>\n    Izeja USB-A (2x): DC 5,0 V 2,0 A maks. 10,0 vati.<br \/>\n    4 USB porti kop\u0101: max 25,0 vati.<br \/>\n    Jaudas pat\u0113ri\u0146\u0161 bez slodzes: 0,12 W.<br \/>\n    Efektivit\u0101te pie zemas slodzes (10%) 78,0%.<br \/>\n    Vid\u0113j\u0101 akt\u012bv\u0101 efektivit\u0101te 80,3%.<br \/>\n    Schuko ligzda: max 2300 vati.<br \/>\n    Aizsardz\u012bba pret \u012bssavienojumu un p\u0101rspriegumu.<br \/>\n    Darba temperat\u016bra: 0-35\u00b0C.<br \/>\n    Izm\u0113ri: 82,5 x 81,0 mm.<\/p>\n<p><\/p>","protected":false},"excerpt":{"rendered":"<p>Ar \u0161o str\u0101vas kontaktligzdas adapteri neliel\u0101 telp\u0101 vienlaikus baro l\u012bdz 4 USB ier\u012bc\u0113m un vienai 230 voltu ier\u012bcei. Adapterim ir 2 USB-A porti ar Smart IC, k\u0101 ar\u012b USB-A ports ar \u0101tro uzl\u0101di un USB Type-C ports ar Power Delivery uzl\u0101des tehnolo\u0123iju. Izmantojot visus \u010detrus USB portus vienlaikus, ir pieejama 25 vatu jauda. 230 V [&hellip;]<\/p>\n","protected":false},"featured_media":29577,"comment_status":"closed","ping_status":"closed","template":"","meta":{"inline_featured_image":false},"product_cat":[744],"product_tag":[],"yst_prominent_words":[],"class_list":{"0":"post-29539","1":"product","2":"type-product","3":"status-publish","4":"has-post-thumbnail","6":"product_cat-mobilo-telefonu-ladetaji-usb","8":"first","9":"instock","10":"taxable","11":"shipping-taxable","12":"purchasable","13":"product-type-simple"},"jetpack_sharing_enabled":true,"_links":{"self":[{"href":"https:\/\/ddt.lv\/lv\/wp-json\/wp\/v2\/product\/29539"}],"collection":[{"href":"https:\/\/ddt.lv\/lv\/wp-json\/wp\/v2\/product"}],"about":[{"href":"https:\/\/ddt.lv\/lv\/wp-json\/wp\/v2\/types\/product"}],"replies":[{"embeddable":true,"href":"https:\/\/ddt.lv\/lv\/wp-json\/wp\/v2\/comments?post=29539"}],"wp:featuredmedia":[{"embeddable":true,"href":"https:\/\/ddt.lv\/lv\/wp-json\/wp\/v2\/media\/29577"}],"wp:attachment":[{"href":"https:\/\/ddt.lv\/lv\/wp-json\/wp\/v2\/media?parent=29539"}],"wp:term":[{"taxonomy":"product_cat","embeddable":true,"href":"https:\/\/ddt.lv\/lv\/wp-json\/wp\/v2\/product_cat?post=29539"},{"taxonomy":"product_tag","embeddable":true,"href":"https:\/\/ddt.lv\/lv\/wp-json\/wp\/v2\/product_tag?post=29539"},{"taxonomy":"yst_prominent_words","embeddable":true,"href":"https:\/\/ddt.lv\/lv\/wp-json\/wp\/v2\/yst_prominent_words?post=29539"}],"curies":[{"name":"wp","href":"https:\/\/api.w.org\/{rel}","templated":true}]}}