{"id":29538,"date":"2021-11-09T13:50:22","date_gmt":"2021-11-09T11:50:22","guid":{"rendered":"https:\/\/ddt.lv\/lv\/product\/saya-skalrunis-bluetooth-10w-1200mah-aux-fm-melns-fontastic\/"},"modified":"2026-04-06T10:57:39","modified_gmt":"2026-04-06T07:57:39","slug":"saya-skalrunis-bluetooth-10w-1200mah-aux-fm-melns-fontastic","status":"publish","type":"product","link":"https:\/\/ddt.lv\/lv\/product\/saya-skalrunis-bluetooth-10w-1200mah-aux-fm-melns-fontastic\/","title":{"rendered":"SAYA Ska\u013crunis Bluetooth 10W 1200mAh AUX FM Melns Fontastic"},"content":{"rendered":"<p>Kompakts Ska\u013crunis ar 2 x 5 vatiem un 2 pas\u012bviem zemfrekvences ska\u013cru\u0146iem piln\u012bgai stereo ska\u0146ai. Audio var sa\u0146emt bezvadu re\u017e\u012bm\u0101, atska\u0146ot, izmantojot 3,5 mm l\u012bnijas ieeju, no Micro SD un USB datu nes\u0113ja. Turkl\u0101t Saya ir pilnv\u0113rt\u012bgs FM radio. Izmantojot TWS, var savienot kop\u0101 divas SAYA ska\u0146u joslas, lai bezvadu re\u017e\u012bm\u0101 m\u016bzika tiktu atska\u0146ota caur ab\u0101m ier\u012bc\u0113m ar dubultu jaudu.<br \/>\nM\u016bziku un ska\u013cumu var kontrol\u0113t tie\u0161i, izmantojot SAYA. Ieb\u016bv\u0113tais mikrofons \u013cauj veikt t\u0101lru\u0146a zvanus pievienotaj\u0101 viedt\u0101lrun\u012b tie\u0161i caur ska\u013cruni.<br \/>\nLED displejs sniedz inform\u0101ciju par pa\u0161laik iestat\u012bto re\u017e\u012bmu un par\u0101da radio frekvences. Pateicoties integr\u0113tajam 1200 mAh akumulatoram, Saya var izmantot ne tikai k\u0101 ska\u0146as joslu televizoram, galddatoram utt., t\u0101 ir ide\u0101li piem\u0113rota mobilai lieto\u0161anai.<\/p>\n<p>Tehniskie dati:<\/p>\n<p>Ieejas jauda: 5V DC \/ 500mA.<br \/>\nSka\u013crunis: 2 x 5 vatu jaudas draiveris un 2 pas\u012bvais zemfrekvences ska\u013crunis.<br \/>\nLED displejs.<br \/>\nBT V: 5.0.<br \/>\n3,5 mm audio l\u012bnijas ieeja.<br \/>\nFM radio.<br \/>\nTF kartes slots.<br \/>\nUSB ports.<br \/>\nBr\u012bvroku funkcija.<br \/>\nTWS funkcija.<br \/>\nAkumulatora spriegums: 1200 mAh.<br \/>\nIzm\u0113ri: 400 x 65 x 65 mm.<br \/>\nSvars: 675 g.<\/p>","protected":false},"excerpt":{"rendered":"<p>Kompakts Ska\u013crunis ar 2 x 5 vatiem un 2 pas\u012bviem zemfrekvences ska\u013cru\u0146iem piln\u012bgai stereo ska\u0146ai. Audio var sa\u0146emt bezvadu re\u017e\u012bm\u0101, atska\u0146ot, izmantojot 3,5 mm l\u012bnijas ieeju, no Micro SD un USB datu nes\u0113ja. Turkl\u0101t Saya ir pilnv\u0113rt\u012bgs FM radio. Izmantojot TWS, var savienot kop\u0101 divas SAYA ska\u0146u joslas, lai bezvadu re\u017e\u012bm\u0101 m\u016bzika tiktu atska\u0146ota caur [&hellip;]<\/p>\n","protected":false},"featured_media":29592,"comment_status":"closed","ping_status":"closed","template":"","meta":{"inline_featured_image":false},"product_cat":[772,845],"product_tag":[],"yst_prominent_words":[],"class_list":{"0":"post-29538","1":"product","2":"type-product","3":"status-publish","4":"has-post-thumbnail","6":"product_cat-atlaides","7":"product_cat-radio-bluetooth-skalruni","9":"first","10":"instock","11":"sale","12":"taxable","13":"shipping-taxable","14":"purchasable","15":"product-type-simple"},"jetpack_sharing_enabled":true,"_links":{"self":[{"href":"https:\/\/ddt.lv\/lv\/wp-json\/wp\/v2\/product\/29538"}],"collection":[{"href":"https:\/\/ddt.lv\/lv\/wp-json\/wp\/v2\/product"}],"about":[{"href":"https:\/\/ddt.lv\/lv\/wp-json\/wp\/v2\/types\/product"}],"replies":[{"embeddable":true,"href":"https:\/\/ddt.lv\/lv\/wp-json\/wp\/v2\/comments?post=29538"}],"wp:featuredmedia":[{"embeddable":true,"href":"https:\/\/ddt.lv\/lv\/wp-json\/wp\/v2\/media\/29592"}],"wp:attachment":[{"href":"https:\/\/ddt.lv\/lv\/wp-json\/wp\/v2\/media?parent=29538"}],"wp:term":[{"taxonomy":"product_cat","embeddable":true,"href":"https:\/\/ddt.lv\/lv\/wp-json\/wp\/v2\/product_cat?post=29538"},{"taxonomy":"product_tag","embeddable":true,"href":"https:\/\/ddt.lv\/lv\/wp-json\/wp\/v2\/product_tag?post=29538"},{"taxonomy":"yst_prominent_words","embeddable":true,"href":"https:\/\/ddt.lv\/lv\/wp-json\/wp\/v2\/yst_prominent_words?post=29538"}],"curies":[{"name":"wp","href":"https:\/\/api.w.org\/{rel}","templated":true}]}}