{"id":29536,"date":"2021-11-09T13:50:22","date_gmt":"2021-11-09T11:50:22","guid":{"rendered":"https:\/\/ddt.lv\/lv\/product\/conga-skalrunis-bluetooth-10w-1200mah-rgb-led-melna-fontastic\/"},"modified":"2026-04-06T10:48:16","modified_gmt":"2026-04-06T07:48:16","slug":"conga-skalrunis-bluetooth-10w-1200mah-rgb-led-melna-fontastic","status":"publish","type":"product","link":"https:\/\/ddt.lv\/lv\/product\/conga-skalrunis-bluetooth-10w-1200mah-rgb-led-melna-fontastic\/","title":{"rendered":"CONGA Ska\u013crunis Bluetooth 10W 1200mAh RGB LED melna Fontastic"},"content":{"rendered":"<p>Bezvadu ska\u013crunis \u201eConga\u201c Jaud\u012bgs BT ska\u013crunis apvienojum\u0101 ar br\u012bvroku komplektu un v\u0113su LED efekta apgaismojumu. Varat \u0113rti veikt t\u0101lru\u0146a zvanus, izmantojot br\u012bvroku ier\u012bci, un baud\u012bt savu iecien\u012bt\u0101ko m\u016bziku, izmantojot Bluetooth\u00ae, Micro SD karti, USB zibatmi\u0146u, 3,5 mm Audio Line-In vai FM radio. Divi 5 vatu ska\u013cru\u0146i un basa reflekss nodro\u0161ina izcilu ska\u0146u.Divi conga ska\u013cru\u0146i var piesl\u0113gt caur TWS. Pateicoties 1200mAh ieb\u016bv\u0113tajam akumulatoram un kompaktajiem izm\u0113riem, &#8220;Conga&#8221; ir piem\u0113rots mobilai lieto\u0161anai un ir lietojams visur. Conga ir pieejams div\u0101s kr\u0101s\u0101s.<\/p>\n<p>Tehnisk\u0101 specifik\u0101cija:<\/p>\n<p>BT V 5.0.<br \/>\nDarb\u012bbas diapazons: l\u012bdz 10 m.<br \/>\nProfils: br\u012bvroku, A2DP\/ AVRCP.<br \/>\nBT frekvence: 2,402-2,480GHZ, 2,4G.<br \/>\nSka\u013crunis: 2 x 5 vati + basa reflekss.<br \/>\n3,5 mm audio l\u012bnijas ieeja.<br \/>\nUSB interfeiss.<br \/>\nMicro SD kartes slots.<br \/>\nFM radio, 87,5\u2013108,0 MHz.<br \/>\nTWS.<br \/>\nStr\u0101vas ieeja: 5V DC.<br \/>\nIeb\u016bv\u0113ts mikrofons.<br \/>\nStatusa gaismas diode: zila\/sarkana.<br \/>\nMicro USB uzl\u0101des ports.<br \/>\nUzl\u0101d\u0113jams 1200 mAh akumulators.<br \/>\nDarb\u012bbas laiks: 2-3h..<br \/>\nIzm\u0113ri: 205 x 78 x 68 mm.<br \/>\nSvars: 450 g.<\/p>","protected":false},"excerpt":{"rendered":"<p>Bezvadu ska\u013crunis \u201eConga\u201c Jaud\u012bgs BT ska\u013crunis apvienojum\u0101 ar br\u012bvroku komplektu un v\u0113su LED efekta apgaismojumu. Varat \u0113rti veikt t\u0101lru\u0146a zvanus, izmantojot br\u012bvroku ier\u012bci, un baud\u012bt savu iecien\u012bt\u0101ko m\u016bziku, izmantojot Bluetooth\u00ae, Micro SD karti, USB zibatmi\u0146u, 3,5 mm Audio Line-In vai FM radio. Divi 5 vatu ska\u013cru\u0146i un basa reflekss nodro\u0161ina izcilu ska\u0146u.Divi conga ska\u013cru\u0146i var [&hellip;]<\/p>\n","protected":false},"featured_media":29586,"comment_status":"closed","ping_status":"closed","template":"","meta":{"inline_featured_image":false},"product_cat":[772,845],"product_tag":[],"yst_prominent_words":[],"class_list":{"0":"post-29536","1":"product","2":"type-product","3":"status-publish","4":"has-post-thumbnail","6":"product_cat-atlaides","7":"product_cat-radio-bluetooth-skalruni","9":"first","10":"instock","11":"sale","12":"taxable","13":"shipping-taxable","14":"purchasable","15":"product-type-simple"},"jetpack_sharing_enabled":true,"_links":{"self":[{"href":"https:\/\/ddt.lv\/lv\/wp-json\/wp\/v2\/product\/29536"}],"collection":[{"href":"https:\/\/ddt.lv\/lv\/wp-json\/wp\/v2\/product"}],"about":[{"href":"https:\/\/ddt.lv\/lv\/wp-json\/wp\/v2\/types\/product"}],"replies":[{"embeddable":true,"href":"https:\/\/ddt.lv\/lv\/wp-json\/wp\/v2\/comments?post=29536"}],"wp:featuredmedia":[{"embeddable":true,"href":"https:\/\/ddt.lv\/lv\/wp-json\/wp\/v2\/media\/29586"}],"wp:attachment":[{"href":"https:\/\/ddt.lv\/lv\/wp-json\/wp\/v2\/media?parent=29536"}],"wp:term":[{"taxonomy":"product_cat","embeddable":true,"href":"https:\/\/ddt.lv\/lv\/wp-json\/wp\/v2\/product_cat?post=29536"},{"taxonomy":"product_tag","embeddable":true,"href":"https:\/\/ddt.lv\/lv\/wp-json\/wp\/v2\/product_tag?post=29536"},{"taxonomy":"yst_prominent_words","embeddable":true,"href":"https:\/\/ddt.lv\/lv\/wp-json\/wp\/v2\/yst_prominent_words?post=29536"}],"curies":[{"name":"wp","href":"https:\/\/api.w.org\/{rel}","templated":true}]}}