{"id":29524,"date":"2021-11-08T15:10:23","date_gmt":"2021-11-08T13:10:23","guid":{"rendered":"https:\/\/ddt.lv\/lv\/product\/automatsledzis-mcb-3p-c-25a-rx3-6000-legrand\/"},"modified":"2026-04-08T14:27:05","modified_gmt":"2026-04-08T11:27:05","slug":"automatsledzis-mcb-3p-c-25a-rx3-6000-legrand","status":"publish","type":"product","link":"https:\/\/ddt.lv\/lv\/product\/automatsledzis-mcb-3p-c-25a-rx3-6000-legrand\/","title":{"rendered":"Autom\u0101tsl\u0113dzis MCB 3P C 25A RX3 6000 LEGRAND"},"content":{"rendered":"<p>Autom\u0101tsl\u0113dzis MCB 3P C 25A RX3 6000<\/p>","protected":false},"excerpt":{"rendered":"<p>Autom\u0101tsl\u0113dzis MCB 3P C 25A RX3 6000<\/p>\n","protected":false},"featured_media":29525,"comment_status":"closed","ping_status":"closed","template":"","meta":{"inline_featured_image":false},"product_cat":[1349],"product_tag":[],"yst_prominent_words":[],"class_list":{"0":"post-29524","1":"product","2":"type-product","3":"status-publish","4":"has-post-thumbnail","6":"product_cat-automatsledzi","8":"first","9":"instock","10":"taxable","11":"shipping-taxable","12":"purchasable","13":"product-type-simple"},"jetpack_sharing_enabled":true,"_links":{"self":[{"href":"https:\/\/ddt.lv\/lv\/wp-json\/wp\/v2\/product\/29524"}],"collection":[{"href":"https:\/\/ddt.lv\/lv\/wp-json\/wp\/v2\/product"}],"about":[{"href":"https:\/\/ddt.lv\/lv\/wp-json\/wp\/v2\/types\/product"}],"replies":[{"embeddable":true,"href":"https:\/\/ddt.lv\/lv\/wp-json\/wp\/v2\/comments?post=29524"}],"wp:featuredmedia":[{"embeddable":true,"href":"https:\/\/ddt.lv\/lv\/wp-json\/wp\/v2\/media\/29525"}],"wp:attachment":[{"href":"https:\/\/ddt.lv\/lv\/wp-json\/wp\/v2\/media?parent=29524"}],"wp:term":[{"taxonomy":"product_cat","embeddable":true,"href":"https:\/\/ddt.lv\/lv\/wp-json\/wp\/v2\/product_cat?post=29524"},{"taxonomy":"product_tag","embeddable":true,"href":"https:\/\/ddt.lv\/lv\/wp-json\/wp\/v2\/product_tag?post=29524"},{"taxonomy":"yst_prominent_words","embeddable":true,"href":"https:\/\/ddt.lv\/lv\/wp-json\/wp\/v2\/yst_prominent_words?post=29524"}],"curies":[{"name":"wp","href":"https:\/\/api.w.org\/{rel}","templated":true}]}}