{"id":29429,"date":"2021-11-05T12:00:23","date_gmt":"2021-11-05T10:00:23","guid":{"rendered":"https:\/\/ddt.lv\/lv\/product\/4903-12-1-5v-baterija-aaa-longlife-power-8-4-alkaline-varta\/"},"modified":"2026-04-13T09:47:05","modified_gmt":"2026-04-13T06:47:05","slug":"4903-12-1-5v-baterija-aaa-longlife-power-8-4-alkaline-varta","status":"publish","type":"product","link":"https:\/\/ddt.lv\/lv\/product\/4903-12-1-5v-baterija-aaa-longlife-power-8-4-alkaline-varta\/","title":{"rendered":"4903\/12 1.5V baterija AAA LONGLIFE Power (8+4) Alkaline VARTA"},"content":{"rendered":"<p>&#8221;LONGLIFE Power&#8221;, Micro (AAA), ekonomiskais komplekts.<br \/>\n&#8211; liela un galvenok\u0101rt nemain\u012bga ener\u0123ijas atdeve.<br \/>\n&#8211; augstas veiktsp\u0113jas baterija ir \u012bpa\u0161i piem\u0113rota ier\u012bc\u0113m ar augstu ener\u0123ijas pat\u0113ri\u0146u.<br \/>\n&#8211; Nesatur kadmiju un dz\u012bvsudrabu.<br \/>\n&#8211; blistera iepakojum\u0101.<\/p>\n<p>Pielietojuma piem\u0113ri:<br \/>\n&#8211; rota\u013clietas.<br \/>\n&#8211; audio aparat\u016bra.<br \/>\n&#8211; elektronisk\u0101s sp\u0113les.<\/p>","protected":false},"excerpt":{"rendered":"<p>&#8221;LONGLIFE Power&#8221;, Micro (AAA), ekonomiskais komplekts. &#8211; liela un galvenok\u0101rt nemain\u012bga ener\u0123ijas atdeve. &#8211; augstas veiktsp\u0113jas baterija ir \u012bpa\u0161i piem\u0113rota ier\u012bc\u0113m ar augstu ener\u0123ijas pat\u0113ri\u0146u. &#8211; Nesatur kadmiju un dz\u012bvsudrabu. &#8211; blistera iepakojum\u0101. Pielietojuma piem\u0113ri: &#8211; rota\u013clietas. &#8211; audio aparat\u016bra. &#8211; elektronisk\u0101s sp\u0113les.<\/p>\n","protected":false},"featured_media":33162,"comment_status":"closed","ping_status":"closed","template":"","meta":{"inline_featured_image":false},"product_cat":[772,442],"product_tag":[],"yst_prominent_words":[],"class_list":{"0":"post-29429","1":"product","2":"type-product","3":"status-publish","4":"has-post-thumbnail","6":"product_cat-atlaides","7":"product_cat-aaa","9":"first","10":"instock","11":"sale","12":"taxable","13":"shipping-taxable","14":"purchasable","15":"product-type-simple"},"jetpack_sharing_enabled":true,"_links":{"self":[{"href":"https:\/\/ddt.lv\/lv\/wp-json\/wp\/v2\/product\/29429"}],"collection":[{"href":"https:\/\/ddt.lv\/lv\/wp-json\/wp\/v2\/product"}],"about":[{"href":"https:\/\/ddt.lv\/lv\/wp-json\/wp\/v2\/types\/product"}],"replies":[{"embeddable":true,"href":"https:\/\/ddt.lv\/lv\/wp-json\/wp\/v2\/comments?post=29429"}],"wp:featuredmedia":[{"embeddable":true,"href":"https:\/\/ddt.lv\/lv\/wp-json\/wp\/v2\/media\/33162"}],"wp:attachment":[{"href":"https:\/\/ddt.lv\/lv\/wp-json\/wp\/v2\/media?parent=29429"}],"wp:term":[{"taxonomy":"product_cat","embeddable":true,"href":"https:\/\/ddt.lv\/lv\/wp-json\/wp\/v2\/product_cat?post=29429"},{"taxonomy":"product_tag","embeddable":true,"href":"https:\/\/ddt.lv\/lv\/wp-json\/wp\/v2\/product_tag?post=29429"},{"taxonomy":"yst_prominent_words","embeddable":true,"href":"https:\/\/ddt.lv\/lv\/wp-json\/wp\/v2\/yst_prominent_words?post=29429"}],"curies":[{"name":"wp","href":"https:\/\/api.w.org\/{rel}","templated":true}]}}