{"id":29427,"date":"2021-11-05T12:00:22","date_gmt":"2021-11-05T10:00:22","guid":{"rendered":"https:\/\/ddt.lv\/lv\/product\/3-7v-2600mah-18650-li-ion-akumulators-camelion\/"},"modified":"2026-04-14T15:45:28","modified_gmt":"2026-04-14T12:45:28","slug":"3-7v-2600mah-18650-li-ion-akumulators-camelion","status":"publish","type":"product","link":"https:\/\/ddt.lv\/lv\/product\/3-7v-2600mah-18650-li-ion-akumulators-camelion\/","title":{"rendered":"3.7V 2600mAh 18650 Li-ion akumulators Camelion"},"content":{"rendered":"<p>Camelion \u2014 ICR18650FLAT TOP<br \/>\nSpriegums: 3,7 volti.<br \/>\nJauda: 2600mAh \/ 9,62Wh.<br \/>\nSist\u0113ma: Li-Ion [Ni-Iron].<br \/>\nIzm\u0113ri: aptuveni \u00d8 18mm x A 64mm.<br \/>\nSvars: aptuveni 44 g.<br \/>\n&#8211; Var izmantot l\u012bdz 500 uzl\u0101des-izl\u0101des cikliem.<br \/>\n&#8211; Pla\u0161s darba temperat\u016bras diapazons.<br \/>\n&#8211; Notur 85% jaudas 6 m\u0113ne\u0161us.<\/p>","protected":false},"excerpt":{"rendered":"<p>Camelion \u2014 ICR18650FLAT TOP Spriegums: 3,7 volti. Jauda: 2600mAh \/ 9,62Wh. Sist\u0113ma: Li-Ion [Ni-Iron]. Izm\u0113ri: aptuveni \u00d8 18mm x A 64mm. Svars: aptuveni 44 g. &#8211; Var izmantot l\u012bdz 500 uzl\u0101des-izl\u0101des cikliem. &#8211; Pla\u0161s darba temperat\u016bras diapazons. &#8211; Notur 85% jaudas 6 m\u0113ne\u0161us.<\/p>\n","protected":false},"featured_media":29446,"comment_status":"closed","ping_status":"closed","template":"","meta":{"inline_featured_image":false},"product_cat":[772,932],"product_tag":[],"yst_prominent_words":[],"class_list":{"0":"post-29427","1":"product","2":"type-product","3":"status-publish","4":"has-post-thumbnail","6":"product_cat-atlaides","7":"product_cat-spec-pielietojuma-baterijas","9":"first","10":"instock","11":"sale","12":"taxable","13":"shipping-taxable","14":"purchasable","15":"product-type-simple"},"jetpack_sharing_enabled":true,"_links":{"self":[{"href":"https:\/\/ddt.lv\/lv\/wp-json\/wp\/v2\/product\/29427"}],"collection":[{"href":"https:\/\/ddt.lv\/lv\/wp-json\/wp\/v2\/product"}],"about":[{"href":"https:\/\/ddt.lv\/lv\/wp-json\/wp\/v2\/types\/product"}],"replies":[{"embeddable":true,"href":"https:\/\/ddt.lv\/lv\/wp-json\/wp\/v2\/comments?post=29427"}],"wp:featuredmedia":[{"embeddable":true,"href":"https:\/\/ddt.lv\/lv\/wp-json\/wp\/v2\/media\/29446"}],"wp:attachment":[{"href":"https:\/\/ddt.lv\/lv\/wp-json\/wp\/v2\/media?parent=29427"}],"wp:term":[{"taxonomy":"product_cat","embeddable":true,"href":"https:\/\/ddt.lv\/lv\/wp-json\/wp\/v2\/product_cat?post=29427"},{"taxonomy":"product_tag","embeddable":true,"href":"https:\/\/ddt.lv\/lv\/wp-json\/wp\/v2\/product_tag?post=29427"},{"taxonomy":"yst_prominent_words","embeddable":true,"href":"https:\/\/ddt.lv\/lv\/wp-json\/wp\/v2\/yst_prominent_words?post=29427"}],"curies":[{"name":"wp","href":"https:\/\/api.w.org\/{rel}","templated":true}]}}