{"id":29424,"date":"2021-11-05T12:00:21","date_gmt":"2021-11-05T10:00:21","guid":{"rendered":"https:\/\/ddt.lv\/lv\/product\/cr2032-2-baterija-litija-3v-blisteri2-gab-varta\/"},"modified":"2026-04-13T11:50:22","modified_gmt":"2026-04-13T08:50:22","slug":"cr2032-2-baterija-litija-3v-blisteri2-gab-varta","status":"publish","type":"product","link":"https:\/\/ddt.lv\/lv\/product\/cr2032-2-baterija-litija-3v-blisteri2-gab-varta\/","title":{"rendered":"CR2032\/2 baterija Litija 3V blister\u012b2.gab. VARTA"},"content":{"rendered":"<p>Sp\u0113c\u012bgi, uzticami un kvalitat\u012bvi materi\u0101li.<br \/>\nAugsts ener\u0123ijas bl\u012bvums, minim\u0101la pa\u0161izl\u0101de, liela jauda un neparastas temperat\u016bras \u012bpa\u0161\u012bbas at\u0161\u0137ir \u0161o Varta bateriju. Tas tiek pan\u0101kts ar augstas kvalit\u0101tes anodu, kas izgatavots no met\u0101lisk\u0101 litija, un katodu, kas izgatavots no termiski apstr\u0101d\u0101ta mang\u0101na dioks\u012bda, k\u0101 ar\u012b tiek pan\u0101kts inovat\u012bvs organiskais elektrol\u012bts. Augstas klases taable\u0161veida baterijas galvenok\u0101rt tiek izmantotas t\u0101lvad\u012bbas pult\u012bs, kalkulatoros, rokas pulkste\u0146os, datoros, tulkot\u0101jos, filmu un foto ier\u012bc\u0113s un daudz\u0101s cit\u0101s.<\/p>","protected":false},"excerpt":{"rendered":"<p>Sp\u0113c\u012bgi, uzticami un kvalitat\u012bvi materi\u0101li. Augsts ener\u0123ijas bl\u012bvums, minim\u0101la pa\u0161izl\u0101de, liela jauda un neparastas temperat\u016bras \u012bpa\u0161\u012bbas at\u0161\u0137ir \u0161o Varta bateriju. Tas tiek pan\u0101kts ar augstas kvalit\u0101tes anodu, kas izgatavots no met\u0101lisk\u0101 litija, un katodu, kas izgatavots no termiski apstr\u0101d\u0101ta mang\u0101na dioks\u012bda, k\u0101 ar\u012b tiek pan\u0101kts inovat\u012bvs organiskais elektrol\u012bts. Augstas klases taable\u0161veida baterijas galvenok\u0101rt tiek izmantotas [&hellip;]<\/p>\n","protected":false},"featured_media":33363,"comment_status":"closed","ping_status":"closed","template":"","meta":{"inline_featured_image":false},"product_cat":[450],"product_tag":[],"yst_prominent_words":[],"class_list":{"0":"post-29424","1":"product","2":"type-product","3":"status-publish","4":"has-post-thumbnail","6":"product_cat-litija-tablesveida","8":"first","9":"instock","10":"taxable","11":"shipping-taxable","12":"purchasable","13":"product-type-simple"},"jetpack_sharing_enabled":true,"_links":{"self":[{"href":"https:\/\/ddt.lv\/lv\/wp-json\/wp\/v2\/product\/29424"}],"collection":[{"href":"https:\/\/ddt.lv\/lv\/wp-json\/wp\/v2\/product"}],"about":[{"href":"https:\/\/ddt.lv\/lv\/wp-json\/wp\/v2\/types\/product"}],"replies":[{"embeddable":true,"href":"https:\/\/ddt.lv\/lv\/wp-json\/wp\/v2\/comments?post=29424"}],"wp:featuredmedia":[{"embeddable":true,"href":"https:\/\/ddt.lv\/lv\/wp-json\/wp\/v2\/media\/33363"}],"wp:attachment":[{"href":"https:\/\/ddt.lv\/lv\/wp-json\/wp\/v2\/media?parent=29424"}],"wp:term":[{"taxonomy":"product_cat","embeddable":true,"href":"https:\/\/ddt.lv\/lv\/wp-json\/wp\/v2\/product_cat?post=29424"},{"taxonomy":"product_tag","embeddable":true,"href":"https:\/\/ddt.lv\/lv\/wp-json\/wp\/v2\/product_tag?post=29424"},{"taxonomy":"yst_prominent_words","embeddable":true,"href":"https:\/\/ddt.lv\/lv\/wp-json\/wp\/v2\/yst_prominent_words?post=29424"}],"curies":[{"name":"wp","href":"https:\/\/api.w.org\/{rel}","templated":true}]}}