{"id":29423,"date":"2021-11-05T12:00:20","date_gmt":"2021-11-05T10:00:20","guid":{"rendered":"https:\/\/ddt.lv\/lv\/product\/usb-tikla-ladetajs-1-0a-5w-max-type-b-100-240v-emos\/"},"modified":"2026-04-08T14:40:36","modified_gmt":"2026-04-08T11:40:36","slug":"usb-tikla-ladetajs-1-0a-5w-max-type-b-100-240v-emos","status":"publish","type":"product","link":"https:\/\/ddt.lv\/lv\/product\/usb-tikla-ladetajs-1-0a-5w-max-type-b-100-240v-emos\/","title":{"rendered":"mikro USB t\u012bkla l\u0101d\u0113t\u0101js 1.0A (5W max) Type B 100-240V  EMOS"},"content":{"rendered":"<p>Versija ar fiks\u0113tu 1,5 m garu mikro USB kabeli.Tie\u0161a un piln\u012bga ori\u0123in\u0101l\u0101 USB l\u0101d\u0113t\u0101ja nomai\u0146a.Univers\u0101ls uzl\u0101d\u0113jams USB t\u012bkla adapteris mobilajiem telefoniem, viedt\u0101lru\u0146iem un cit\u0101m ier\u012bc\u0113m.Maksim\u0101ls apr\u012bkojums ar dro\u0161\u012bbas un aizsarg\u0101jo\u0161iem elektroniskiem elementiem.<\/p>\n<p><\/p>","protected":false},"excerpt":{"rendered":"<p>Versija ar fiks\u0113tu 1,5 m garu mikro USB kabeli.Tie\u0161a un piln\u012bga ori\u0123in\u0101l\u0101 USB l\u0101d\u0113t\u0101ja nomai\u0146a.Univers\u0101ls uzl\u0101d\u0113jams USB t\u012bkla adapteris mobilajiem telefoniem, viedt\u0101lru\u0146iem un cit\u0101m ier\u012bc\u0113m.Maksim\u0101ls apr\u012bkojums ar dro\u0161\u012bbas un aizsarg\u0101jo\u0161iem elektroniskiem elementiem.<\/p>\n","protected":false},"featured_media":29458,"comment_status":"closed","ping_status":"closed","template":"","meta":{"inline_featured_image":false},"product_cat":[744],"product_tag":[],"yst_prominent_words":[],"class_list":{"0":"post-29423","1":"product","2":"type-product","3":"status-publish","4":"has-post-thumbnail","6":"product_cat-mobilo-telefonu-ladetaji-usb","8":"first","9":"instock","10":"taxable","11":"shipping-taxable","12":"purchasable","13":"product-type-simple"},"jetpack_sharing_enabled":true,"_links":{"self":[{"href":"https:\/\/ddt.lv\/lv\/wp-json\/wp\/v2\/product\/29423"}],"collection":[{"href":"https:\/\/ddt.lv\/lv\/wp-json\/wp\/v2\/product"}],"about":[{"href":"https:\/\/ddt.lv\/lv\/wp-json\/wp\/v2\/types\/product"}],"replies":[{"embeddable":true,"href":"https:\/\/ddt.lv\/lv\/wp-json\/wp\/v2\/comments?post=29423"}],"wp:featuredmedia":[{"embeddable":true,"href":"https:\/\/ddt.lv\/lv\/wp-json\/wp\/v2\/media\/29458"}],"wp:attachment":[{"href":"https:\/\/ddt.lv\/lv\/wp-json\/wp\/v2\/media?parent=29423"}],"wp:term":[{"taxonomy":"product_cat","embeddable":true,"href":"https:\/\/ddt.lv\/lv\/wp-json\/wp\/v2\/product_cat?post=29423"},{"taxonomy":"product_tag","embeddable":true,"href":"https:\/\/ddt.lv\/lv\/wp-json\/wp\/v2\/product_tag?post=29423"},{"taxonomy":"yst_prominent_words","embeddable":true,"href":"https:\/\/ddt.lv\/lv\/wp-json\/wp\/v2\/yst_prominent_words?post=29423"}],"curies":[{"name":"wp","href":"https:\/\/api.w.org\/{rel}","templated":true}]}}