{"id":29422,"date":"2021-11-05T11:50:21","date_gmt":"2021-11-05T09:50:21","guid":{"rendered":"https:\/\/ddt.lv\/lv\/product\/57687-lcd-plug-ladejama-ierice-4xaa-2100mah-bl1-varta\/"},"modified":"2026-04-06T10:57:26","modified_gmt":"2026-04-06T07:57:26","slug":"57687-lcd-plug-ladejama-ierice-4xaa-2100mah-bl1-varta","status":"publish","type":"product","link":"https:\/\/ddt.lv\/lv\/product\/57687-lcd-plug-ladejama-ierice-4xaa-2100mah-bl1-varta\/","title":{"rendered":"57687  LCD PLUG+ L\u0101d\u0113jam\u0101 ier\u012bce 4XAA 2100mAh BL1 VARTA"},"content":{"rendered":"<p>Vietu taupo\u0161ais spraud\u0146a l\u0101d\u0113t\u0101js LCD Plug-Plus var uzl\u0101d\u0113t AAA, AA un 9 V bloka akumulatorus. Daudzi dro\u0161\u012bbas meh\u0101nismi un vienk\u0101r\u0161a darb\u012bba papildina lietot\u0101jam draudz\u012bgumu. USB izvadi var izmantot, lai uzl\u0101d\u0113tu USB iesp\u0113jotas baterijas, piem\u0113ram, uzl\u0101d\u0113jamu kabatas luktur\u012bti, radio ier\u012bci, GPS, viedt\u0101lruni utt. \u0137omplekt\u0101 iek\u013caut\u0101s baterijas ir ar ReadyToUse tehnolo\u0123iju. Tie ir iepriek\u0161 uzl\u0101d\u0113ti, tiem ir zema pa\u0161izl\u0101de, un t\u0101p\u0113c tos var izmantot ar\u012b mazjaudas pat\u0113r\u0113t\u0101jos.<\/p>\n<p><\/p>","protected":false},"excerpt":{"rendered":"<p>Vietu taupo\u0161ais spraud\u0146a l\u0101d\u0113t\u0101js LCD Plug-Plus var uzl\u0101d\u0113t AAA, AA un 9 V bloka akumulatorus. Daudzi dro\u0161\u012bbas meh\u0101nismi un vienk\u0101r\u0161a darb\u012bba papildina lietot\u0101jam draudz\u012bgumu. USB izvadi var izmantot, lai uzl\u0101d\u0113tu USB iesp\u0113jotas baterijas, piem\u0113ram, uzl\u0101d\u0113jamu kabatas luktur\u012bti, radio ier\u012bci, GPS, viedt\u0101lruni utt. \u0137omplekt\u0101 iek\u013caut\u0101s baterijas ir ar ReadyToUse tehnolo\u0123iju. Tie ir iepriek\u0161 uzl\u0101d\u0113ti, tiem ir [&hellip;]<\/p>\n","protected":false},"featured_media":29464,"comment_status":"closed","ping_status":"closed","template":"","meta":{"inline_featured_image":false},"product_cat":[772,453],"product_tag":[],"yst_prominent_words":[],"class_list":{"0":"post-29422","1":"product","2":"type-product","3":"status-publish","4":"has-post-thumbnail","6":"product_cat-atlaides","7":"product_cat-ladesanas-ierices","9":"first","10":"instock","11":"sale","12":"taxable","13":"shipping-taxable","14":"purchasable","15":"product-type-simple"},"jetpack_sharing_enabled":true,"_links":{"self":[{"href":"https:\/\/ddt.lv\/lv\/wp-json\/wp\/v2\/product\/29422"}],"collection":[{"href":"https:\/\/ddt.lv\/lv\/wp-json\/wp\/v2\/product"}],"about":[{"href":"https:\/\/ddt.lv\/lv\/wp-json\/wp\/v2\/types\/product"}],"replies":[{"embeddable":true,"href":"https:\/\/ddt.lv\/lv\/wp-json\/wp\/v2\/comments?post=29422"}],"wp:featuredmedia":[{"embeddable":true,"href":"https:\/\/ddt.lv\/lv\/wp-json\/wp\/v2\/media\/29464"}],"wp:attachment":[{"href":"https:\/\/ddt.lv\/lv\/wp-json\/wp\/v2\/media?parent=29422"}],"wp:term":[{"taxonomy":"product_cat","embeddable":true,"href":"https:\/\/ddt.lv\/lv\/wp-json\/wp\/v2\/product_cat?post=29422"},{"taxonomy":"product_tag","embeddable":true,"href":"https:\/\/ddt.lv\/lv\/wp-json\/wp\/v2\/product_tag?post=29422"},{"taxonomy":"yst_prominent_words","embeddable":true,"href":"https:\/\/ddt.lv\/lv\/wp-json\/wp\/v2\/yst_prominent_words?post=29422"}],"curies":[{"name":"wp","href":"https:\/\/api.w.org\/{rel}","templated":true}]}}