{"id":29413,"date":"2021-11-04T13:40:12","date_gmt":"2021-11-04T11:40:12","guid":{"rendered":"https:\/\/ddt.lv\/lv\/product\/lukturis-9xled-50lm-3xaaa-metala-emos\/"},"modified":"2026-04-06T10:56:48","modified_gmt":"2026-04-06T07:56:48","slug":"lukturis-9xled-50lm-3xaaa-metala-emos","status":"publish","type":"product","link":"https:\/\/ddt.lv\/lv\/product\/lukturis-9xled-50lm-3xaaa-metala-emos\/","title":{"rendered":"Lukturis 9xLED 50lm (3xAAA) met\u0101la EMOS"},"content":{"rendered":"<p>LED kabatas luktur\u012btis &#8211; da\u017e\u0101das kr\u0101sas atkar\u012bb\u0101 no pieejam\u012bbas noliktav\u0101.<\/p>\n<p>    LED gaismas avots 9 x diametrs 5 mm (10 &#8211; 12 Cd).<br \/>\n    Baro\u0161anas avots 3 x AAA ) &#8211; iek\u013cauts.<br \/>\n    Apgaismo\u0161anas laiks 30 h.<br \/>\n    Rezam\u012bba 22 m.Kalpo\u0161anas laiks 50 000 stundas.<\/p>\n<p>    Izm\u0113ri diametrs 26 x 88 mm.<br \/>\n    Materi\u0101ls: anod\u0113ts alum\u012bnija sakaus\u0113jums.<\/p>","protected":false},"excerpt":{"rendered":"<p>LED kabatas luktur\u012btis &#8211; da\u017e\u0101das kr\u0101sas atkar\u012bb\u0101 no pieejam\u012bbas noliktav\u0101. LED gaismas avots 9 x diametrs 5 mm (10 &#8211; 12 Cd). Baro\u0161anas avots 3 x AAA ) &#8211; iek\u013cauts. Apgaismo\u0161anas laiks 30 h. Rezam\u012bba 22 m.Kalpo\u0161anas laiks 50 000 stundas. Izm\u0113ri diametrs 26 x 88 mm. Materi\u0101ls: anod\u0113ts alum\u012bnija sakaus\u0113jums.<\/p>\n","protected":false},"featured_media":29414,"comment_status":"closed","ping_status":"closed","template":"","meta":{"inline_featured_image":false},"product_cat":[727,726],"product_tag":[],"yst_prominent_words":[],"class_list":{"0":"post-29413","1":"product","2":"type-product","3":"status-publish","4":"has-post-thumbnail","6":"product_cat-galvas","7":"product_cat-kabatas","9":"first","10":"instock","11":"taxable","12":"shipping-taxable","13":"purchasable","14":"product-type-simple"},"jetpack_sharing_enabled":true,"_links":{"self":[{"href":"https:\/\/ddt.lv\/lv\/wp-json\/wp\/v2\/product\/29413"}],"collection":[{"href":"https:\/\/ddt.lv\/lv\/wp-json\/wp\/v2\/product"}],"about":[{"href":"https:\/\/ddt.lv\/lv\/wp-json\/wp\/v2\/types\/product"}],"replies":[{"embeddable":true,"href":"https:\/\/ddt.lv\/lv\/wp-json\/wp\/v2\/comments?post=29413"}],"wp:featuredmedia":[{"embeddable":true,"href":"https:\/\/ddt.lv\/lv\/wp-json\/wp\/v2\/media\/29414"}],"wp:attachment":[{"href":"https:\/\/ddt.lv\/lv\/wp-json\/wp\/v2\/media?parent=29413"}],"wp:term":[{"taxonomy":"product_cat","embeddable":true,"href":"https:\/\/ddt.lv\/lv\/wp-json\/wp\/v2\/product_cat?post=29413"},{"taxonomy":"product_tag","embeddable":true,"href":"https:\/\/ddt.lv\/lv\/wp-json\/wp\/v2\/product_tag?post=29413"},{"taxonomy":"yst_prominent_words","embeddable":true,"href":"https:\/\/ddt.lv\/lv\/wp-json\/wp\/v2\/yst_prominent_words?post=29413"}],"curies":[{"name":"wp","href":"https:\/\/api.w.org\/{rel}","templated":true}]}}