{"id":29397,"date":"2021-11-04T12:20:14","date_gmt":"2021-11-04T10:20:14","guid":{"rendered":"https:\/\/ddt.lv\/lv\/product\/lukturis-uzladejams-led-cob-smd-330lm-ar-magnetu-emos\/"},"modified":"2026-04-06T11:00:44","modified_gmt":"2026-04-06T08:00:44","slug":"lukturis-uzladejams-led-cob-smd-330lm-ar-magnetu-emos","status":"publish","type":"product","link":"https:\/\/ddt.lv\/lv\/product\/lukturis-uzladejams-led-cob-smd-330lm-ar-magnetu-emos\/","title":{"rendered":"Lukturis uzl\u0101d\u0113jams LED COB+SMD 330lm ar magn\u0113tu EMOS"},"content":{"rendered":"<p>Materi\u0101ls ABS plastmasa + gumija.<br \/>\nApgaismojuma laiks: COB LED 100% &#8211; 3 h, COB LED 33% &#8211; 5,5 h, SMD LED 100% &#8211; 7 h.<br \/>\nUzl\u0101des laiks 2-4h.<br \/>\nTriecieniztur\u012bgs.<br \/>\nKr\u0101sa za\u013ci melna.<br \/>\nGaismas pl\u016bsma COB LED 100% &#8211; 330 lm, COB LED 33% &#8211; 100 lm, SMD LED 100% &#8211; 60 lm.<br \/>\nAkumulatora tips 1200 mAh \/ 3,7 V.<br \/>\nApgaismojuma re\u017e\u012bmu skaits 3.<br \/>\nB tipa mikro USB baro\u0161anas savienot\u0101js.<br \/>\nAkumulatora st\u0101vok\u013ca LED .<br \/>\nLED uzl\u0101des indikators.<br \/>\nPiederumi USB kabelis.<br \/>\n\u012apa\u0161a funkcija \u0101tr\u0101 izsl\u0113g\u0161ana, akumulatora aizsardz\u012bbas funkcija.<br \/>\nSvars 110 g.<\/p>","protected":false},"excerpt":{"rendered":"<p>Materi\u0101ls ABS plastmasa + gumija. Apgaismojuma laiks: COB LED 100% &#8211; 3 h, COB LED 33% &#8211; 5,5 h, SMD LED 100% &#8211; 7 h. Uzl\u0101des laiks 2-4h. Triecieniztur\u012bgs. Kr\u0101sa za\u013ci melna. Gaismas pl\u016bsma COB LED 100% &#8211; 330 lm, COB LED 33% &#8211; 100 lm, SMD LED 100% &#8211; 60 lm. Akumulatora tips 1200 [&hellip;]<\/p>\n","protected":false},"featured_media":29398,"comment_status":"closed","ping_status":"closed","template":"","meta":{"inline_featured_image":false},"product_cat":[728],"product_tag":[],"yst_prominent_words":[],"class_list":{"0":"post-29397","1":"product","2":"type-product","3":"status-publish","4":"has-post-thumbnail","6":"product_cat-ar-magnetu","8":"first","9":"instock","10":"taxable","11":"shipping-taxable","12":"purchasable","13":"product-type-simple"},"jetpack_sharing_enabled":true,"_links":{"self":[{"href":"https:\/\/ddt.lv\/lv\/wp-json\/wp\/v2\/product\/29397"}],"collection":[{"href":"https:\/\/ddt.lv\/lv\/wp-json\/wp\/v2\/product"}],"about":[{"href":"https:\/\/ddt.lv\/lv\/wp-json\/wp\/v2\/types\/product"}],"replies":[{"embeddable":true,"href":"https:\/\/ddt.lv\/lv\/wp-json\/wp\/v2\/comments?post=29397"}],"wp:featuredmedia":[{"embeddable":true,"href":"https:\/\/ddt.lv\/lv\/wp-json\/wp\/v2\/media\/29398"}],"wp:attachment":[{"href":"https:\/\/ddt.lv\/lv\/wp-json\/wp\/v2\/media?parent=29397"}],"wp:term":[{"taxonomy":"product_cat","embeddable":true,"href":"https:\/\/ddt.lv\/lv\/wp-json\/wp\/v2\/product_cat?post=29397"},{"taxonomy":"product_tag","embeddable":true,"href":"https:\/\/ddt.lv\/lv\/wp-json\/wp\/v2\/product_tag?post=29397"},{"taxonomy":"yst_prominent_words","embeddable":true,"href":"https:\/\/ddt.lv\/lv\/wp-json\/wp\/v2\/yst_prominent_words?post=29397"}],"curies":[{"name":"wp","href":"https:\/\/api.w.org\/{rel}","templated":true}]}}