{"id":29395,"date":"2021-11-04T12:20:13","date_gmt":"2021-11-04T10:20:13","guid":{"rendered":"https:\/\/ddt.lv\/lv\/product\/4-in1-microsdhc-karte-64gb-adapters-usb-lasitajs-microusb-lasitajs-platinet\/"},"modified":"2026-04-13T10:00:47","modified_gmt":"2026-04-13T07:00:47","slug":"4-in1-microsdhc-karte-64gb-adapters-usb-lasitajs-microusb-lasitajs-platinet","status":"publish","type":"product","link":"https:\/\/ddt.lv\/lv\/product\/4-in1-microsdhc-karte-64gb-adapters-usb-lasitajs-microusb-lasitajs-platinet\/","title":{"rendered":"4 in1 MicroSDHC karte 64GB adapters,  USB las\u012bt\u0101js.MicroUSB las\u012bt\u0101js Platinet"},"content":{"rendered":"<p>Komplekts 4 vien\u0101 plan\u0161etdatoriem, viedt\u0101lru\u0146iem, mobilajiem t\u0101lru\u0146iem, person\u0101lajiem datoriem, digit\u0101laj\u0101m kamer\u0101m un cit\u0101m ier\u012bc\u0113m ar USB, microUSB, SD vai microSD piesl\u0113gviet\u0101m. P\u0101rs\u016btiet datus tie\u0161i, izmantojot microUSB portu vai USB karti micoSD. MicroSD kartes slots, kas ir datu nes\u0113js, ir pasl\u0113pts USB gal\u0101. L\u012bdz ar to adapteris ieg\u016bst papildu funkciju Plug &amp; Play USB pendrive. Iek\u013cauts: &#8211; MicroSD karte 64GB &#8211; Adapteris Secure Digital kart\u0113m &#8211; MicroSD atmi\u0146as kar\u0161u las\u012bt\u0101js, piesl\u0113gvietas: * USB * Micro USB<\/p>\n<p><\/p>","protected":false},"excerpt":{"rendered":"<p>Komplekts 4 vien\u0101 plan\u0161etdatoriem, viedt\u0101lru\u0146iem, mobilajiem t\u0101lru\u0146iem, person\u0101lajiem datoriem, digit\u0101laj\u0101m kamer\u0101m un cit\u0101m ier\u012bc\u0113m ar USB, microUSB, SD vai microSD piesl\u0113gviet\u0101m. P\u0101rs\u016btiet datus tie\u0161i, izmantojot microUSB portu vai USB karti micoSD. MicroSD kartes slots, kas ir datu nes\u0113js, ir pasl\u0113pts USB gal\u0101. L\u012bdz ar to adapteris ieg\u016bst papildu funkciju Plug &amp; Play USB pendrive. Iek\u013cauts: [&hellip;]<\/p>\n","protected":false},"featured_media":29410,"comment_status":"closed","ping_status":"closed","template":"","meta":{"inline_featured_image":false},"product_cat":[1431],"product_tag":[],"yst_prominent_words":[],"class_list":{"0":"post-29395","1":"product","2":"type-product","3":"status-publish","4":"has-post-thumbnail","6":"product_cat-karsu-lasitajiadapterizibatm","8":"first","9":"outofstock","10":"taxable","11":"shipping-taxable","12":"purchasable","13":"product-type-simple"},"jetpack_sharing_enabled":true,"_links":{"self":[{"href":"https:\/\/ddt.lv\/lv\/wp-json\/wp\/v2\/product\/29395"}],"collection":[{"href":"https:\/\/ddt.lv\/lv\/wp-json\/wp\/v2\/product"}],"about":[{"href":"https:\/\/ddt.lv\/lv\/wp-json\/wp\/v2\/types\/product"}],"replies":[{"embeddable":true,"href":"https:\/\/ddt.lv\/lv\/wp-json\/wp\/v2\/comments?post=29395"}],"wp:featuredmedia":[{"embeddable":true,"href":"https:\/\/ddt.lv\/lv\/wp-json\/wp\/v2\/media\/29410"}],"wp:attachment":[{"href":"https:\/\/ddt.lv\/lv\/wp-json\/wp\/v2\/media?parent=29395"}],"wp:term":[{"taxonomy":"product_cat","embeddable":true,"href":"https:\/\/ddt.lv\/lv\/wp-json\/wp\/v2\/product_cat?post=29395"},{"taxonomy":"product_tag","embeddable":true,"href":"https:\/\/ddt.lv\/lv\/wp-json\/wp\/v2\/product_tag?post=29395"},{"taxonomy":"yst_prominent_words","embeddable":true,"href":"https:\/\/ddt.lv\/lv\/wp-json\/wp\/v2\/yst_prominent_words?post=29395"}],"curies":[{"name":"wp","href":"https:\/\/api.w.org\/{rel}","templated":true}]}}