{"id":29354,"date":"2021-11-03T12:40:18","date_gmt":"2021-11-03T10:40:18","guid":{"rendered":"https:\/\/ddt.lv\/lv\/product\/4-in1-microsdhc-karte-128gb-adapters-usb-lasitajs-microusb-lasitajs-platinet\/"},"modified":"2026-04-13T10:00:46","modified_gmt":"2026-04-13T07:00:46","slug":"4-in1-microsdhc-karte-128gb-adapters-usb-lasitajs-microusb-lasitajs-platinet","status":"publish","type":"product","link":"https:\/\/ddt.lv\/lv\/product\/4-in1-microsdhc-karte-128gb-adapters-usb-lasitajs-microusb-lasitajs-platinet\/","title":{"rendered":"4 in1 MicroSDHC karte 128GB adapters, USB las\u012bt\u0101js MicroUSB las\u012bt\u0101js Platinet"},"content":{"rendered":"<p>\u010cetri vien\u0101 komplekts plan\u0161etdatoriem, viedt\u0101lru\u0146iem, mobilajiem t\u0101lru\u0146iem, person\u0101lajiem datoriem, digit\u0101laj\u0101m kamer\u0101m un cit\u0101m ier\u012bc\u0113m ar USB, microUSB, SD vai microSD piesl\u0113gvietu. Datu p\u0101rs\u016bt\u012b\u0161ana tie\u0161i caur microUSB portu vai USB uz micoSD karti. MicroSD kartes slots, kas ir datu nes\u0113js, ir pasl\u0113pts USB gal\u0101, un adapteris ieg\u016bst papildu Plug &amp; Play pendrive funkciju.<\/p>\n<p>Iek\u013cauts:<\/p>\n<p>&#8211; microSD karte ar ietilp\u012bbu 128GB.<\/p>\n<p>&#8211; Secure Digital kartes adapteris.<\/p>\n<p>&#8211; microSD atmi\u0146as kar\u0161u las\u012bt\u0101js ar termin\u0101liem:<\/p>\n<p>&#8211; USB standarts.<\/p>\n<p>&#8211; mikro USB.<\/p>","protected":false},"excerpt":{"rendered":"<p>\u010cetri vien\u0101 komplekts plan\u0161etdatoriem, viedt\u0101lru\u0146iem, mobilajiem t\u0101lru\u0146iem, person\u0101lajiem datoriem, digit\u0101laj\u0101m kamer\u0101m un cit\u0101m ier\u012bc\u0113m ar USB, microUSB, SD vai microSD piesl\u0113gvietu. Datu p\u0101rs\u016bt\u012b\u0161ana tie\u0161i caur microUSB portu vai USB uz micoSD karti. MicroSD kartes slots, kas ir datu nes\u0113js, ir pasl\u0113pts USB gal\u0101, un adapteris ieg\u016bst papildu Plug &amp; Play pendrive funkciju. Iek\u013cauts: &#8211; microSD [&hellip;]<\/p>\n","protected":false},"featured_media":29357,"comment_status":"closed","ping_status":"closed","template":"","meta":{"inline_featured_image":false},"product_cat":[1431],"product_tag":[],"yst_prominent_words":[],"class_list":{"0":"post-29354","1":"product","2":"type-product","3":"status-publish","4":"has-post-thumbnail","6":"product_cat-karsu-lasitajiadapterizibatm","8":"first","9":"instock","10":"taxable","11":"shipping-taxable","12":"purchasable","13":"product-type-simple"},"jetpack_sharing_enabled":true,"_links":{"self":[{"href":"https:\/\/ddt.lv\/lv\/wp-json\/wp\/v2\/product\/29354"}],"collection":[{"href":"https:\/\/ddt.lv\/lv\/wp-json\/wp\/v2\/product"}],"about":[{"href":"https:\/\/ddt.lv\/lv\/wp-json\/wp\/v2\/types\/product"}],"replies":[{"embeddable":true,"href":"https:\/\/ddt.lv\/lv\/wp-json\/wp\/v2\/comments?post=29354"}],"wp:featuredmedia":[{"embeddable":true,"href":"https:\/\/ddt.lv\/lv\/wp-json\/wp\/v2\/media\/29357"}],"wp:attachment":[{"href":"https:\/\/ddt.lv\/lv\/wp-json\/wp\/v2\/media?parent=29354"}],"wp:term":[{"taxonomy":"product_cat","embeddable":true,"href":"https:\/\/ddt.lv\/lv\/wp-json\/wp\/v2\/product_cat?post=29354"},{"taxonomy":"product_tag","embeddable":true,"href":"https:\/\/ddt.lv\/lv\/wp-json\/wp\/v2\/product_tag?post=29354"},{"taxonomy":"yst_prominent_words","embeddable":true,"href":"https:\/\/ddt.lv\/lv\/wp-json\/wp\/v2\/yst_prominent_words?post=29354"}],"curies":[{"name":"wp","href":"https:\/\/api.w.org\/{rel}","templated":true}]}}