{"id":29353,"date":"2021-11-03T12:40:18","date_gmt":"2021-11-03T10:40:18","guid":{"rendered":"https:\/\/ddt.lv\/lv\/product\/29353\/"},"modified":"2026-04-13T10:00:46","modified_gmt":"2026-04-13T07:00:46","slug":"29353","status":"publish","type":"product","link":"https:\/\/ddt.lv\/lv\/product\/usb-3-0-zibatmina-128gb-75mb-s-melna-platinet\/","title":{"rendered":"USB 3.0 Zibatmi\u0146a 128GB 75MB\/s melna PLATINET"},"content":{"rendered":"<p>    Zibatmi\u0146as disks ar 128 GB lielu ietilp\u012bbu.<br \/>\n    \u0100trs USB 3.1  savienojums.<br \/>\n    Teicami piem\u0113rots darbam ar liela izm\u0113ra datiem.<br \/>\n    Var piestiprin\u0101t atsl\u0113gu ri\u0146\u0137im vai siksni\u0146ai.<br \/>\n    Iztur\u012bgs alum\u012bnija korpuss.<\/p>\n<p><\/p>","protected":false},"excerpt":{"rendered":"<p>Zibatmi\u0146as disks ar 128 GB lielu ietilp\u012bbu. \u0100trs USB 3.1 savienojums. Teicami piem\u0113rots darbam ar liela izm\u0113ra datiem. Var piestiprin\u0101t atsl\u0113gu ri\u0146\u0137im vai siksni\u0146ai. Iztur\u012bgs alum\u012bnija korpuss.<\/p>\n","protected":false},"featured_media":29363,"comment_status":"closed","ping_status":"closed","template":"","meta":{"inline_featured_image":false},"product_cat":[1431],"product_tag":[],"yst_prominent_words":[],"class_list":{"0":"post-29353","1":"product","2":"type-product","3":"status-publish","4":"has-post-thumbnail","6":"product_cat-karsu-lasitajiadapterizibatm","8":"first","9":"instock","10":"taxable","11":"shipping-taxable","12":"purchasable","13":"product-type-simple"},"jetpack_sharing_enabled":true,"_links":{"self":[{"href":"https:\/\/ddt.lv\/lv\/wp-json\/wp\/v2\/product\/29353"}],"collection":[{"href":"https:\/\/ddt.lv\/lv\/wp-json\/wp\/v2\/product"}],"about":[{"href":"https:\/\/ddt.lv\/lv\/wp-json\/wp\/v2\/types\/product"}],"replies":[{"embeddable":true,"href":"https:\/\/ddt.lv\/lv\/wp-json\/wp\/v2\/comments?post=29353"}],"wp:featuredmedia":[{"embeddable":true,"href":"https:\/\/ddt.lv\/lv\/wp-json\/wp\/v2\/media\/29363"}],"wp:attachment":[{"href":"https:\/\/ddt.lv\/lv\/wp-json\/wp\/v2\/media?parent=29353"}],"wp:term":[{"taxonomy":"product_cat","embeddable":true,"href":"https:\/\/ddt.lv\/lv\/wp-json\/wp\/v2\/product_cat?post=29353"},{"taxonomy":"product_tag","embeddable":true,"href":"https:\/\/ddt.lv\/lv\/wp-json\/wp\/v2\/product_tag?post=29353"},{"taxonomy":"yst_prominent_words","embeddable":true,"href":"https:\/\/ddt.lv\/lv\/wp-json\/wp\/v2\/yst_prominent_words?post=29353"}],"curies":[{"name":"wp","href":"https:\/\/api.w.org\/{rel}","templated":true}]}}