{"id":29351,"date":"2021-11-03T12:40:17","date_gmt":"2021-11-03T10:40:17","guid":{"rendered":"https:\/\/ddt.lv\/lv\/product\/usb-2-0-zibatmina-64gb-sudraba-platinet\/"},"modified":"2026-04-13T10:00:46","modified_gmt":"2026-04-13T07:00:46","slug":"usb-2-0-zibatmina-64gb-sudraba-platinet","status":"publish","type":"product","link":"https:\/\/ddt.lv\/lv\/product\/usb-2-0-zibatmina-64gb-sudraba-platinet\/","title":{"rendered":"USB 2.0 Zibatmi\u0146a 64GB sudraba  PLATINET"},"content":{"rendered":"<p>\u0100tra, iztur\u012bga un nep\u0101rsp\u0113jama Platinet zibatmi\u0146a.<br \/>\nLieliski piem\u0113rota plan\u0161etdatoriem ar USB portu un Android vai Windows 8 sist\u0113mu.<br \/>\nAlum\u012bnija korpusa konstrukcija nodro\u0161ina j\u016bsu datu visaugst\u0101ko iztur\u012bbu un dro\u0161\u012bbu.<br \/>\nZibatmi\u0146a ir izstr\u0101d\u0101ta, lai pal\u012bdz\u0113tu jums to viegli piestiprin\u0101t pie atsl\u0113gu piekari\u0146a vai auklas.<br \/>\nZibatmi\u0146a ir iepakots ori\u0123in\u0101l\u0101 blister\u012b, kas garant\u0113, ka ieg\u0101d\u0101sieties jaunu un ori\u0123in\u0101lu produktu.<br \/>\nZibatmi\u0146a ir nodro\u0161in\u0101ta ar Plug and Play funkciju, kas noz\u012bm\u0113, ka datori, kas apr\u012bkoti ar USB portu, to autom\u0101tiski nosaka bez nepiecie\u0161am\u012bbas instal\u0113t papildu draiverus.<br \/>\n<\/p>","protected":false},"excerpt":{"rendered":"<p>\u0100tra, iztur\u012bga un nep\u0101rsp\u0113jama Platinet zibatmi\u0146a. Lieliski piem\u0113rota plan\u0161etdatoriem ar USB portu un Android vai Windows 8 sist\u0113mu. Alum\u012bnija korpusa konstrukcija nodro\u0161ina j\u016bsu datu visaugst\u0101ko iztur\u012bbu un dro\u0161\u012bbu. Zibatmi\u0146a ir izstr\u0101d\u0101ta, lai pal\u012bdz\u0113tu jums to viegli piestiprin\u0101t pie atsl\u0113gu piekari\u0146a vai auklas. Zibatmi\u0146a ir iepakots ori\u0123in\u0101l\u0101 blister\u012b, kas garant\u0113, ka ieg\u0101d\u0101sieties jaunu un ori\u0123in\u0101lu produktu. [&hellip;]<\/p>\n","protected":false},"featured_media":29371,"comment_status":"closed","ping_status":"closed","template":"","meta":{"inline_featured_image":false},"product_cat":[1431],"product_tag":[],"yst_prominent_words":[],"class_list":{"0":"post-29351","1":"product","2":"type-product","3":"status-publish","4":"has-post-thumbnail","6":"product_cat-karsu-lasitajiadapterizibatm","8":"first","9":"outofstock","10":"taxable","11":"shipping-taxable","12":"purchasable","13":"product-type-simple"},"jetpack_sharing_enabled":true,"_links":{"self":[{"href":"https:\/\/ddt.lv\/lv\/wp-json\/wp\/v2\/product\/29351"}],"collection":[{"href":"https:\/\/ddt.lv\/lv\/wp-json\/wp\/v2\/product"}],"about":[{"href":"https:\/\/ddt.lv\/lv\/wp-json\/wp\/v2\/types\/product"}],"replies":[{"embeddable":true,"href":"https:\/\/ddt.lv\/lv\/wp-json\/wp\/v2\/comments?post=29351"}],"wp:featuredmedia":[{"embeddable":true,"href":"https:\/\/ddt.lv\/lv\/wp-json\/wp\/v2\/media\/29371"}],"wp:attachment":[{"href":"https:\/\/ddt.lv\/lv\/wp-json\/wp\/v2\/media?parent=29351"}],"wp:term":[{"taxonomy":"product_cat","embeddable":true,"href":"https:\/\/ddt.lv\/lv\/wp-json\/wp\/v2\/product_cat?post=29351"},{"taxonomy":"product_tag","embeddable":true,"href":"https:\/\/ddt.lv\/lv\/wp-json\/wp\/v2\/product_tag?post=29351"},{"taxonomy":"yst_prominent_words","embeddable":true,"href":"https:\/\/ddt.lv\/lv\/wp-json\/wp\/v2\/yst_prominent_words?post=29351"}],"curies":[{"name":"wp","href":"https:\/\/api.w.org\/{rel}","templated":true}]}}