{"id":29347,"date":"2021-11-03T12:40:16","date_gmt":"2021-11-03T10:40:16","guid":{"rendered":"https:\/\/ddt.lv\/lv\/product\/usb-2-0-zibatmina-16gb-sudraba-platinet\/"},"modified":"2026-04-13T10:00:46","modified_gmt":"2026-04-13T07:00:46","slug":"usb-2-0-zibatmina-16gb-sudraba-platinet","status":"publish","type":"product","link":"https:\/\/ddt.lv\/lv\/product\/usb-2-0-zibatmina-16gb-sudraba-platinet\/","title":{"rendered":"USB 2.0 Zibatmi\u0146a 16GB sudraba  PLATINET"},"content":{"rendered":"<p>\u0100trs, iztur\u012bgs un uzticams Platinet zibatmi\u0146as disks. Alum\u012bnija korpuss nodro\u0161ina visaugst\u0101ko zibatmi\u0146as diska iztur\u012bbu un j\u016bsu datu dro\u0161\u012bbu. Zibatmi\u0146as disks ir veidots t\u0101, lai to var\u0113tu piestiprin\u0101t pie kulona, \u200b\u200batsl\u0113g\u0101m vai auklas.<\/p>","protected":false},"excerpt":{"rendered":"<p>\u0100trs, iztur\u012bgs un uzticams Platinet zibatmi\u0146as disks. Alum\u012bnija korpuss nodro\u0161ina visaugst\u0101ko zibatmi\u0146as diska iztur\u012bbu un j\u016bsu datu dro\u0161\u012bbu. Zibatmi\u0146as disks ir veidots t\u0101, lai to var\u0113tu piestiprin\u0101t pie kulona, \u200b\u200batsl\u0113g\u0101m vai auklas.<\/p>\n","protected":false},"featured_media":29377,"comment_status":"closed","ping_status":"closed","template":"","meta":{"inline_featured_image":false},"product_cat":[1431],"product_tag":[],"yst_prominent_words":[],"class_list":{"0":"post-29347","1":"product","2":"type-product","3":"status-publish","4":"has-post-thumbnail","6":"product_cat-karsu-lasitajiadapterizibatm","8":"first","9":"outofstock","10":"taxable","11":"shipping-taxable","12":"purchasable","13":"product-type-simple"},"jetpack_sharing_enabled":true,"_links":{"self":[{"href":"https:\/\/ddt.lv\/lv\/wp-json\/wp\/v2\/product\/29347"}],"collection":[{"href":"https:\/\/ddt.lv\/lv\/wp-json\/wp\/v2\/product"}],"about":[{"href":"https:\/\/ddt.lv\/lv\/wp-json\/wp\/v2\/types\/product"}],"replies":[{"embeddable":true,"href":"https:\/\/ddt.lv\/lv\/wp-json\/wp\/v2\/comments?post=29347"}],"wp:featuredmedia":[{"embeddable":true,"href":"https:\/\/ddt.lv\/lv\/wp-json\/wp\/v2\/media\/29377"}],"wp:attachment":[{"href":"https:\/\/ddt.lv\/lv\/wp-json\/wp\/v2\/media?parent=29347"}],"wp:term":[{"taxonomy":"product_cat","embeddable":true,"href":"https:\/\/ddt.lv\/lv\/wp-json\/wp\/v2\/product_cat?post=29347"},{"taxonomy":"product_tag","embeddable":true,"href":"https:\/\/ddt.lv\/lv\/wp-json\/wp\/v2\/product_tag?post=29347"},{"taxonomy":"yst_prominent_words","embeddable":true,"href":"https:\/\/ddt.lv\/lv\/wp-json\/wp\/v2\/yst_prominent_words?post=29347"}],"curies":[{"name":"wp","href":"https:\/\/api.w.org\/{rel}","templated":true}]}}