{"id":29346,"date":"2021-11-03T12:40:15","date_gmt":"2021-11-03T10:40:15","guid":{"rendered":"https:\/\/ddt.lv\/lv\/product\/microsd-karte-64gb-90mb-s-class10-sdhc-adapteris-platinet\/"},"modified":"2026-04-08T14:40:43","modified_gmt":"2026-04-08T11:40:43","slug":"microsd-karte-64gb-90mb-s-class10-sdhc-adapteris-platinet","status":"publish","type":"product","link":"https:\/\/ddt.lv\/lv\/product\/microsd-karte-64gb-90mb-s-class10-sdhc-adapteris-platinet\/","title":{"rendered":"MicroSD karte 64GB 90MB\/s Class10 + SDHC adapteris Platinet"},"content":{"rendered":"<p>A1 standarts noz\u012bm\u0113, ka atmi\u0146as karte b\u016bs lieliska k\u0101 \u013coti efekt\u012bvs atmi\u0146as papla\u0161in\u0101jums viedt\u0101lrun\u012b. Lietot\u0101js taj\u0101 var veiksm\u012bgi saglab\u0101t datus, lietojumprogrammas, fotoatt\u0113lus, videoklipus, garant\u0113jot vienm\u0113r\u012bgu ier\u012bces darb\u012bbu.<br \/>\n&#8211; A1 klase: 1500 IOPS (las\u012bt), 500 IOPS (rakst\u012bt).<br \/>\n&#8211; rakst\u012bt l\u012bdz 30 MB \/ s.<br \/>\n&#8211; las\u012b\u0161ana l\u012bdz 90 MB \/ s.<br \/>\n&#8211; V30 video klase.<br \/>\n&#8211; microSDXC standarts.<br \/>\n&#8211; Iek\u013cauts SD adapteris.<br \/>\n&#8211; ietilp\u012bba: 64 GB.<br \/>\nA1 klase (&#8220;App Performance&#8221;) garant\u0113 efekt\u012bvu darbu k\u0101 viedt\u0101lru\u0146u atmi\u0146as papla\u0161in\u0101jums. Lietojumprogrammu dati, sp\u0113les, raita video ierakst\u012b\u0161ana 4K iz\u0161\u0137irtsp\u0113j\u0101, fotoatt\u0113lu un video kr\u0101tuve \u2013 tie ir uzdevumi, ar kuriem PRO s\u0113rijas karte tiek gal\u0101 viegli.<br \/>\nRakst\u012b\u0161anas \u0101trums l\u012bdz 90 MB\/S nodro\u0161ina vienm\u0113r\u012bgu ierakstu ierakst\u012b\u0161anu augst\u0101 4K iz\u0161\u0137irtsp\u0113j\u0101. Atmi\u0146as karte var apstr\u0101d\u0101t ar\u012b lielus fotoatt\u0113lus RAW form\u0101t\u0101.<\/p>\n<p><\/p>","protected":false},"excerpt":{"rendered":"<p>A1 standarts noz\u012bm\u0113, ka atmi\u0146as karte b\u016bs lieliska k\u0101 \u013coti efekt\u012bvs atmi\u0146as papla\u0161in\u0101jums viedt\u0101lrun\u012b. Lietot\u0101js taj\u0101 var veiksm\u012bgi saglab\u0101t datus, lietojumprogrammas, fotoatt\u0113lus, videoklipus, garant\u0113jot vienm\u0113r\u012bgu ier\u012bces darb\u012bbu. &#8211; A1 klase: 1500 IOPS (las\u012bt), 500 IOPS (rakst\u012bt). &#8211; rakst\u012bt l\u012bdz 30 MB \/ s. &#8211; las\u012b\u0161ana l\u012bdz 90 MB \/ s. &#8211; V30 video klase. &#8211; [&hellip;]<\/p>\n","protected":false},"featured_media":29385,"comment_status":"closed","ping_status":"closed","template":"","meta":{"inline_featured_image":false},"product_cat":[1431],"product_tag":[],"yst_prominent_words":[],"class_list":{"0":"post-29346","1":"product","2":"type-product","3":"status-publish","4":"has-post-thumbnail","6":"product_cat-karsu-lasitajiadapterizibatm","8":"first","9":"outofstock","10":"taxable","11":"shipping-taxable","12":"purchasable","13":"product-type-simple"},"jetpack_sharing_enabled":true,"_links":{"self":[{"href":"https:\/\/ddt.lv\/lv\/wp-json\/wp\/v2\/product\/29346"}],"collection":[{"href":"https:\/\/ddt.lv\/lv\/wp-json\/wp\/v2\/product"}],"about":[{"href":"https:\/\/ddt.lv\/lv\/wp-json\/wp\/v2\/types\/product"}],"replies":[{"embeddable":true,"href":"https:\/\/ddt.lv\/lv\/wp-json\/wp\/v2\/comments?post=29346"}],"wp:featuredmedia":[{"embeddable":true,"href":"https:\/\/ddt.lv\/lv\/wp-json\/wp\/v2\/media\/29385"}],"wp:attachment":[{"href":"https:\/\/ddt.lv\/lv\/wp-json\/wp\/v2\/media?parent=29346"}],"wp:term":[{"taxonomy":"product_cat","embeddable":true,"href":"https:\/\/ddt.lv\/lv\/wp-json\/wp\/v2\/product_cat?post=29346"},{"taxonomy":"product_tag","embeddable":true,"href":"https:\/\/ddt.lv\/lv\/wp-json\/wp\/v2\/product_tag?post=29346"},{"taxonomy":"yst_prominent_words","embeddable":true,"href":"https:\/\/ddt.lv\/lv\/wp-json\/wp\/v2\/yst_prominent_words?post=29346"}],"curies":[{"name":"wp","href":"https:\/\/api.w.org\/{rel}","templated":true}]}}