{"id":29345,"date":"2021-11-03T12:40:15","date_gmt":"2021-11-03T10:40:15","guid":{"rendered":"https:\/\/ddt.lv\/lv\/product\/microsd-karte-32gb-class10-u-iii-sdhc-adapteris-platinet\/"},"modified":"2026-04-13T09:56:36","modified_gmt":"2026-04-13T06:56:36","slug":"microsd-karte-32gb-class10-u-iii-sdhc-adapteris-platinet","status":"publish","type":"product","link":"https:\/\/ddt.lv\/lv\/product\/microsd-karte-32gb-class10-u-iii-sdhc-adapteris-platinet\/","title":{"rendered":"MicroSD karte 32GB Class10 U-III+ SDHC adapteris Platinet"},"content":{"rendered":"<p>\u012apa\u0161i \u0101tra microSDHC karte, kas paredz\u0113ta pras\u012bgiem uzdevumiem: 4k un pal\u0113nin\u0101tas kust\u012bbas video ierakst\u012b\u0161anai, augstas iz\u0161\u0137irtsp\u0113jas fotoatt\u0113liem utt.<br \/>\nPielietojums: drons, 4k GoPro kameras, jaun\u0101kie viedt\u0101lru\u0146i, plan\u0161etdatori, spogu\u013ckamera utt.<br \/>\nSavietojams ar ier\u012bc\u0113m ar microSD slotu: mobilajiem t\u0101lru\u0146iem, kamer\u0101m (tikai p\u0101rliecinieties, vai j\u016bsu ier\u012bce atbalsta SDHC kartes).<\/p>\n<p>Rakst\u012b\u0161anas \u0101trums: virs 30 MB\/s.<br \/>\nLas\u012b\u0161anas \u0101trums: l\u012bdz 90 MB\/s.<br \/>\n\u0100truma klase: 10. klase.<br \/>\nVideo \u0101truma klase: V30.<br \/>\nInterfeiss: UHS-III.<br \/>\nIetilp\u012bba: 32 GB.<\/p>\n<p>Iek\u013cauts SD kartes adapteris!<br \/>\n\u013boti zems ener\u0123ijas pat\u0113ri\u0146\u0161.<\/p>\n<p><\/p>","protected":false},"excerpt":{"rendered":"<p>\u012apa\u0161i \u0101tra microSDHC karte, kas paredz\u0113ta pras\u012bgiem uzdevumiem: 4k un pal\u0113nin\u0101tas kust\u012bbas video ierakst\u012b\u0161anai, augstas iz\u0161\u0137irtsp\u0113jas fotoatt\u0113liem utt. Pielietojums: drons, 4k GoPro kameras, jaun\u0101kie viedt\u0101lru\u0146i, plan\u0161etdatori, spogu\u013ckamera utt. Savietojams ar ier\u012bc\u0113m ar microSD slotu: mobilajiem t\u0101lru\u0146iem, kamer\u0101m (tikai p\u0101rliecinieties, vai j\u016bsu ier\u012bce atbalsta SDHC kartes). Rakst\u012b\u0161anas \u0101trums: virs 30 MB\/s. Las\u012b\u0161anas \u0101trums: l\u012bdz 90 MB\/s. [&hellip;]<\/p>\n","protected":false},"featured_media":29387,"comment_status":"closed","ping_status":"closed","template":"","meta":{"inline_featured_image":false},"product_cat":[1431],"product_tag":[],"yst_prominent_words":[],"class_list":{"0":"post-29345","1":"product","2":"type-product","3":"status-publish","4":"has-post-thumbnail","6":"product_cat-karsu-lasitajiadapterizibatm","8":"first","9":"outofstock","10":"taxable","11":"shipping-taxable","12":"purchasable","13":"product-type-simple"},"jetpack_sharing_enabled":true,"_links":{"self":[{"href":"https:\/\/ddt.lv\/lv\/wp-json\/wp\/v2\/product\/29345"}],"collection":[{"href":"https:\/\/ddt.lv\/lv\/wp-json\/wp\/v2\/product"}],"about":[{"href":"https:\/\/ddt.lv\/lv\/wp-json\/wp\/v2\/types\/product"}],"replies":[{"embeddable":true,"href":"https:\/\/ddt.lv\/lv\/wp-json\/wp\/v2\/comments?post=29345"}],"wp:featuredmedia":[{"embeddable":true,"href":"https:\/\/ddt.lv\/lv\/wp-json\/wp\/v2\/media\/29387"}],"wp:attachment":[{"href":"https:\/\/ddt.lv\/lv\/wp-json\/wp\/v2\/media?parent=29345"}],"wp:term":[{"taxonomy":"product_cat","embeddable":true,"href":"https:\/\/ddt.lv\/lv\/wp-json\/wp\/v2\/product_cat?post=29345"},{"taxonomy":"product_tag","embeddable":true,"href":"https:\/\/ddt.lv\/lv\/wp-json\/wp\/v2\/product_tag?post=29345"},{"taxonomy":"yst_prominent_words","embeddable":true,"href":"https:\/\/ddt.lv\/lv\/wp-json\/wp\/v2\/yst_prominent_words?post=29345"}],"curies":[{"name":"wp","href":"https:\/\/api.w.org\/{rel}","templated":true}]}}